{"id":1063,"date":"2015-07-13T13:56:02","date_gmt":"2015-07-13T11:56:02","guid":{"rendered":"http:\/\/hundeschule-teamwork.com\/angebote\/?page_id=1063"},"modified":"2018-01-06T16:27:15","modified_gmt":"2018-01-06T14:27:15","slug":"tiergestuetzte-arbeit","status":"publish","type":"page","link":"https:\/\/hundeschule-teamwork.com\/angebote\/angebot\/tiergestuetzte-arbeit\/","title":{"rendered":"Tiergest\u00fctzte Arbeit"},"content":{"rendered":"<h3><strong>Tiergest\u00fctzte Arbeit in Schulen, Kinderg\u00e4rten, Altenzentren und anderen soziale Einrichtungen<\/strong><\/h3>\n<p>Anke Rochelt ist Diplom-P\u00e4dagogin und ausgebildete Hundetrainerin (International Dog Behaviour and Training School bei Sheila Harper). Schon im Rahmen ihres Studiums besch\u00e4ftigte sie sich intensiv mit der Mensch-Tier-Beziehung und dem Themengebiet der tiergest\u00fctzten P\u00e4dagogik und Therapie. In ihrer Vordiplomarbeit hat sie sich insbesondere mit der \u201eTiergest\u00fctzten Therapie bei alten Menschen\u201d auseinandergesetzt.<br \/>\nMit ihrem Hunderudel besucht Anke das Altenzentrum der AWO in Stadtallendorf,<a href=\"https:\/\/hundeschule-teamwork.com\/angebote\/wp-content\/uploads\/2014\/01\/20140410_110419_resized_1.jpg\"><img loading=\"lazy\" decoding=\"async\" class=\" size-full wp-image-1034 alignleft\" src=\"https:\/\/hundeschule-teamwork.com\/angebote\/wp-content\/uploads\/2014\/01\/20140410_110419_resized_1.jpg\" alt=\"20140410_110419_resized_1\" width=\"448\" height=\"336\" srcset=\"https:\/\/hundeschule-teamwork.com\/angebote\/wp-content\/uploads\/2014\/01\/20140410_110419_resized_1.jpg 448w, https:\/\/hundeschule-teamwork.com\/angebote\/wp-content\/uploads\/2014\/01\/20140410_110419_resized_1-320x240.jpg 320w\" sizes=\"auto, (max-width: 448px) 100vw, 448px\" \/><\/a><br \/>\n&nbsp;<\/p>\n<p>&nbsp;<\/p>\n<p>&nbsp;<\/p>\n<p>&nbsp;<\/p>\n<p>&nbsp;<\/p>\n<p>&nbsp;<\/p>\n<p>&nbsp;<\/p>\n<p>&nbsp;<\/p>\n<p>&nbsp;<\/p>\n<p>sowie mehrere Schulen in Stadtallendorf.<\/p>\n<p><a href=\"https:\/\/hundeschule-teamwork.com\/angebote\/wp-content\/uploads\/2014\/01\/20130916_152030_resized.jpg\"><img loading=\"lazy\" decoding=\"async\" class=\"alignleft size-full wp-image-1035\" src=\"https:\/\/hundeschule-teamwork.com\/angebote\/wp-content\/uploads\/2014\/01\/20130916_152030_resized.jpg\" alt=\"20130916_152030_resized\" width=\"448\" height=\"336\" srcset=\"https:\/\/hundeschule-teamwork.com\/angebote\/wp-content\/uploads\/2014\/01\/20130916_152030_resized.jpg 448w, https:\/\/hundeschule-teamwork.com\/angebote\/wp-content\/uploads\/2014\/01\/20130916_152030_resized-320x240.jpg 320w\" sizes=\"auto, (max-width: 448px) 100vw, 448px\" \/><\/a>Die tiergest\u00fctzte Arbeit wirkt sich positiv auf mentale und psychische, sowie soziale Prozesse des Einzelnen, aber auch der Gruppe, aus. Die emotionale Wirkung der Begegnung und die vielen M\u00f6glichkeiten der Selbsterfahrung machen nachhaltiges Lernen m\u00f6glich.<\/p>\n<p>Die tiergest\u00fctzte Arbeit wirkt sich in den verschiedensten Bereichen positiv auf die Arbeit in der Gruppe, aber auch auf die Wahrnehmung jedes Einzelnen aus. Die Kommunikation und das soziale Miteinander werden durch den Kontakt zum Tier gef\u00f6rdert. Es bietet Gespr\u00e4chsstoff und schenkt K\u00f6rperkontakt ohne dabei auf Eigenarten oder \u00c4u\u00dferlichkeiten zu achten. Auch hinsichtlich der Friedensp\u00e4dagogik kann die Anwesenheit eines Tieres sich positiv auf das Klima in der Gruppe auswirken. Ein Tier in der Gruppe wirkt Stress reduzierend und spiegelt den Gem\u00fctszustand der Gruppe.<br \/>\nNachhaltige Lernprozesse sind, durch die emotionale Wirkung und viele M\u00f6glichkeiten der Selbsterfahrung in Interaktion mit dem Tier, m\u00f6glich. Die Anwesenheit des Tieres und sein Verhalten regen kognitive Prozesse an, die Anwesenden m\u00f6chte mehr \u00fcber das Tier erfahren, Wissen wie es sich verh\u00e4lt und warum. Dabei lernen sie auch vieles \u00fcber sich selbst und die Gruppe.<\/p>\n<p>&nbsp;<\/p>\n<p>Falls Sie Interesse an der Arbeit mit Anke und ihren Hunden haben, kontaktieren Sie Anke f\u00fcr ein <a href=\"https:\/\/hundeschule-teamwork.com\/angebote\/wp-content\/uploads\/2014\/01\/20140707_154644_resized_1.jpg\"><img loading=\"lazy\" decoding=\"async\" class=\" size-full wp-image-1036 alignright\" src=\"https:\/\/hundeschule-teamwork.com\/angebote\/wp-content\/uploads\/2014\/01\/20140707_154644_resized_1.jpg\" alt=\"20140707_154644_resized_1\" width=\"252\" height=\"448\"\/><\/a>pers\u00f6nliches Gespr\u00e4ch. Durch ihre langj\u00e4hrige Erfahrung in der Arbeit mit Mensch und Hund, wird sie gemeinsam mit ihnen ein Programm zusammenstellen, das individuell auf ihre Gruppe oder Einrichtung passt und die Gruppe nachhaltig bereichern wird.<\/p>\n<p>&nbsp;<\/p>","protected":false},"excerpt":{"rendered":"<p>Tiergest\u00fctzte Arbeit in Schulen, Kinderg\u00e4rten, Altenzentren und anderen soziale Einrichtungen Anke Rochelt ist Diplom-P\u00e4dagogin und ausgebildete Hundetrainerin (International Dog Behaviour and Training School bei Sheila Harper). Schon im Rahmen ihres Studiums besch\u00e4ftigte sie sich intensiv mit der Mensch-Tier-Beziehung und dem &hellip; <a href=\"https:\/\/hundeschule-teamwork.com\/angebote\/angebot\/tiergestuetzte-arbeit\/\">Weiterlesen <span class=\"meta-nav\">&rarr;<\/span><\/a><\/p>\n","protected":false},"author":1,"featured_media":0,"parent":23,"menu_order":0,"comment_status":"closed","ping_status":"closed","template":"","meta":{"ngg_post_thumbnail":0,"footnotes":""},"class_list":["post-1063","page","type-page","status-publish","hentry"],"_links":{"self":[{"href":"https:\/\/hundeschule-teamwork.com\/angebote\/wp-json\/wp\/v2\/pages\/1063","targetHints":{"allow":["GET"]}}],"collection":[{"href":"https:\/\/hundeschule-teamwork.com\/angebote\/wp-json\/wp\/v2\/pages"}],"about":[{"href":"https:\/\/hundeschule-teamwork.com\/angebote\/wp-json\/wp\/v2\/types\/page"}],"author":[{"embeddable":true,"href":"https:\/\/hundeschule-teamwork.com\/angebote\/wp-json\/wp\/v2\/users\/1"}],"replies":[{"embeddable":true,"href":"https:\/\/hundeschule-teamwork.com\/angebote\/wp-json\/wp\/v2\/comments?post=1063"}],"version-history":[{"count":18,"href":"https:\/\/hundeschule-teamwork.com\/angebote\/wp-json\/wp\/v2\/pages\/1063\/revisions"}],"predecessor-version":[{"id":3522,"href":"https:\/\/hundeschule-teamwork.com\/angebote\/wp-json\/wp\/v2\/pages\/1063\/revisions\/3522"}],"up":[{"embeddable":true,"href":"https:\/\/hundeschule-teamwork.com\/angebote\/wp-json\/wp\/v2\/pages\/23"}],"wp:attachment":[{"href":"https:\/\/hundeschule-teamwork.com\/angebote\/wp-json\/wp\/v2\/media?parent=1063"}],"curies":[{"name":"wp","href":"https:\/\/api.w.org\/{rel}","templated":true}]}}