{"id":1068,"date":"2015-07-13T13:59:34","date_gmt":"2015-07-13T11:59:34","guid":{"rendered":"http:\/\/hundeschule-teamwork.com\/angebote\/?page_id=1068"},"modified":"2024-04-17T16:11:57","modified_gmt":"2024-04-17T14:11:57","slug":"ausbildung-zum-tiergestuetzten-arbeiten-im-mensch-hunde-team","status":"publish","type":"page","link":"https:\/\/hundeschule-teamwork.com\/angebote\/angebot\/ausbildung-zum-tiergestuetzten-arbeiten-im-mensch-hunde-team\/","title":{"rendered":"Ausbildung zur tiergest\u00fctzten Arbeit mit eigenem Hund"},"content":{"rendered":"<h3>Ausbildung zum Schulhund, Therapiehund und tiergest\u00fctzten Interventionen f\u00fcr Mensch-Hund-Teams<\/h3>\n<p>Anke Rochelt bietet sowohl Einzeltrainings zur Ausbildung von Mensch-Hund-Teams, hinsichtlich der p\u00e4dagogisch-therapeutischen Arbeit mit Hunden, als auch Seminare zu diesem Thema und Reflexions- und Interventionsrunden zum Austausch der Teams und zur Fallarbeit.<br \/>\nDie tiergest\u00fctzte Arbeit wirkt sich positiv auf mentale und psychische, sowie soziale Prozesse des Einzelnen, aber auch der Gruppe, aus. Die emotionale Wirkung der Begegnung und die vielen M\u00f6glichkeiten der Selbsterfahrung machen nachhaltiges Lernen m\u00f6glich. Die Wahrnehmung und das Lernen \u00fcber alle Sinne wird erm\u00f6glicht und gef\u00f6rdert. Au\u00dferdem wirkt sich die Anwesenheit der Hunde positiv darauf aus das man aufeinander achtet und gegenseitig R\u00fccksicht nimmt, da die Hunde ein feines Geh\u00f6r haben und \u00fcber feine k\u00f6rpersprachliche Signale verf\u00fcgen, f\u00fcr die sich dann die Menschen auch \u00f6ffnen k\u00f6nnen. Durch die Kooperation zwischen Mensch und Hund wird auch die Zusammenarbeit zwischen den Menschen gef\u00f6rdert.<\/p>\n<p>Die tierintegrierte Arbeit wirkt sich in den verschiedensten Bereichen positiv auf die Arbeit in der Gruppe, aber auch auf die Wahrnehmung jedes Einzelnen aus. Die Kommunikation und das soziale Miteinander werden durch den Kontakt zum Tier gef\u00f6rdert. Es bietet Gespr\u00e4chsstoff und schenkt K\u00f6rperkontakt ohne dabei auf Eigenarten oder \u00c4u\u00dferlichkeiten zu achten. Auch hinsichtlich der Friedensp\u00e4dagogik kann die Anwesenheit eines Tieres sich positiv auf das Klima in der Gruppe auswirken. Ein Tier in der Gruppe wirkt Stress reduzierend und spiegelt den Gem\u00fctszustand der Gruppe.<br \/>\nDas erm\u00f6glicht eine Bereitschaft f\u00fcr feinstufiges Deeskalations- und Kl\u00e4rungs-Verhalten. Einf\u00fchlsames Verst\u00e4ndnis, Offenheit und Stimmigkeit sind Punkte die in den Mittelpunkt r\u00fccken und mehr Beachtung finden.<\/p>\n<p>Nachhaltige Lernprozesse sind, durch die emotionale Wirkung und viele M\u00f6glichkeiten der Selbsterfahrung in Interaktion mit dem Tier, m\u00f6glich. Die Anwesenheit des Tieres und sein Verhalten regen kognitive Prozesse an, die Anwesenden m\u00f6chte mehr \u00fcber das Tier erfahren, Wissen wie es sich verh\u00e4lt und warum. Dabei lernen sie auch vieles \u00fcber sich selbst und die Gruppe.<br \/>\nMensch und Hund werden in der Hundeschule Teamwork gewaltfrei und ganzheitlich ausgebildet. Die F\u00f6rderung der Kommunikation und des gegenseitigen Verstehens zwischen Mensch und Hund steht bei der gemeinsamen Arbeit im Vordergrund. Anke Rochelt arbeitet \u00fcber positive Verst\u00e4rkung und achtet dabei auf einen nachhaltigen Lernprozess.<\/p>\n<p>Schulhund Kuba und Berufsschullehrerin Laura Roller werden seit 2014\/15 von Anke Rochelt ausgebildet.<\/p>\n<p><a href=\"https:\/\/hundeschule-teamwork.com\/angebote\/wp-content\/uploads\/2014\/01\/20150204_151202_resized_1.jpg\"><img loading=\"lazy\" decoding=\"async\" class=\"alignleft size-full wp-image-1037\" src=\"https:\/\/hundeschule-teamwork.com\/angebote\/wp-content\/uploads\/2014\/01\/20150204_151202_resized_1.jpg\" alt=\"20150204_151202_resized_1\" width=\"448\" height=\"252\" srcset=\"https:\/\/hundeschule-teamwork.com\/angebote\/wp-content\/uploads\/2014\/01\/20150204_151202_resized_1.jpg 448w, https:\/\/hundeschule-teamwork.com\/angebote\/wp-content\/uploads\/2014\/01\/20150204_151202_resized_1-320x180.jpg 320w\" sizes=\"auto, (max-width: 448px) 100vw, 448px\" \/><\/a><\/p>\n<p>&nbsp;<\/p>\n<p>&nbsp;<\/p>\n<p>&nbsp;<\/p>\n<p>&nbsp;<\/p>\n<p>&nbsp;<\/p>\n<p>&nbsp;<\/p>\n<p>&nbsp;<\/p>\n<p>&nbsp;<\/p>\n<p><a href=\"https:\/\/hundeschule-teamwork.com\/angebote\/wp-content\/uploads\/2014\/01\/20150314_111505_resized.jpg\"><img loading=\"lazy\" decoding=\"async\" class=\" size-full wp-image-1038 alignright\" src=\"https:\/\/hundeschule-teamwork.com\/angebote\/wp-content\/uploads\/2014\/01\/20150314_111505_resized.jpg\" alt=\"20150314_111505_resized\" width=\"252\" height=\"448\"\/><\/a><br \/>\nAuch Hans-Lother Michels und die Wei\u00dfe Sch\u00e4ferh\u00fcndin Enara haben bei Anke Rochelt, den Welpen- Junghundekurs, Einzeltrainings und Seminare der tierintegrierten Arbeit besucht und arbeiten als Mensch-Hund-Team zusammen in der Hom\u00f6opathischen Praxis. Au\u00dferdem betreiben sie Mantrailing, was sie auch als ein Handlungsbaustein in die tierintegrierte Praxis integrieren.<\/p>\n<p>&nbsp;<\/p>\n<p>&nbsp;<\/p>\n<p>&nbsp;<\/p>\n<p>&nbsp;<\/p>\n<p>&nbsp;<\/p>\n<p>&nbsp;<\/p>\n<p>&nbsp;<\/p>\n<p>Seit Juni 2015 sind auch Melanie und die sechs Monate alte Hazel vom bei Anke Rochelt in Ausbildung. Beide werden von Anke auf die gemeinsame Arbeit in der offenen Ganztagsschule in Bad Laasphe vorbereitet.<\/p>\n<p><a href=\"https:\/\/hundeschule-teamwork.com\/angebote\/wp-content\/uploads\/2015\/07\/20150612_154433_resized.jpg\"><img loading=\"lazy\" decoding=\"async\" class=\"alignleft size-full wp-image-1069\" src=\"https:\/\/hundeschule-teamwork.com\/angebote\/wp-content\/uploads\/2015\/07\/20150612_154433_resized.jpg\" alt=\"20150612_154433_resized\" width=\"252\" height=\"448\"\/><\/a><\/p>\n<p>&nbsp;<\/p>\n<p>&nbsp;<\/p>\n<p>&nbsp;<\/p>\n<p>&nbsp;<\/p>\n<p>&nbsp;<\/p>\n<p>&nbsp;<\/p>\n<p>&nbsp;<\/p>\n<p>&nbsp;<\/p>\n<p>&nbsp;<\/p>\n<p>&nbsp;<\/p>\n<p>&nbsp;<\/p>\n<p>Hier geht es zur konkreten Angebots\u00fcbersicht und Preisliste: <a href=\"https:\/\/hundeschule-teamwork.com\/angebote\/wp-content\/uploads\/2024\/04\/2024-Ausbildung-fuer-die-tiergestuetzte-Arbeit-Angebot-Anke-Stand-Maerz-2024.pdf\">2024-Ausbildung f\u00fcr die tiergest\u00fctzte Arbeit Angebot Anke Stand Maerz 2024<\/a><\/p>\n<p>&nbsp;<\/p>\n<p>Bei Interesse an der tierintegrierten Arbeit mit Hund oder Bedarf an Reflexion der eigenen Arbeit im Mensch-Hund-Team, sowie Interesse an Seminaren zu Themen aus der Mensch-Hunde-Arbeit, nehmen sie gerne Kontakt mit Anke Rochelt auf.<\/p>","protected":false},"excerpt":{"rendered":"<p>Ausbildung zum Schulhund, Therapiehund und tiergest\u00fctzten Interventionen f\u00fcr Mensch-Hund-Teams Anke Rochelt bietet sowohl Einzeltrainings zur Ausbildung von Mensch-Hund-Teams, hinsichtlich der p\u00e4dagogisch-therapeutischen Arbeit mit Hunden, als auch Seminare zu diesem Thema und Reflexions- und Interventionsrunden zum Austausch der Teams und zur &hellip; <a href=\"https:\/\/hundeschule-teamwork.com\/angebote\/angebot\/ausbildung-zum-tiergestuetzten-arbeiten-im-mensch-hunde-team\/\">Weiterlesen <span class=\"meta-nav\">&rarr;<\/span><\/a><\/p>\n","protected":false},"author":1,"featured_media":0,"parent":23,"menu_order":0,"comment_status":"closed","ping_status":"closed","template":"","meta":{"ngg_post_thumbnail":0,"footnotes":""},"class_list":["post-1068","page","type-page","status-publish","hentry"],"_links":{"self":[{"href":"https:\/\/hundeschule-teamwork.com\/angebote\/wp-json\/wp\/v2\/pages\/1068","targetHints":{"allow":["GET"]}}],"collection":[{"href":"https:\/\/hundeschule-teamwork.com\/angebote\/wp-json\/wp\/v2\/pages"}],"about":[{"href":"https:\/\/hundeschule-teamwork.com\/angebote\/wp-json\/wp\/v2\/types\/page"}],"author":[{"embeddable":true,"href":"https:\/\/hundeschule-teamwork.com\/angebote\/wp-json\/wp\/v2\/users\/1"}],"replies":[{"embeddable":true,"href":"https:\/\/hundeschule-teamwork.com\/angebote\/wp-json\/wp\/v2\/comments?post=1068"}],"version-history":[{"count":17,"href":"https:\/\/hundeschule-teamwork.com\/angebote\/wp-json\/wp\/v2\/pages\/1068\/revisions"}],"predecessor-version":[{"id":5003,"href":"https:\/\/hundeschule-teamwork.com\/angebote\/wp-json\/wp\/v2\/pages\/1068\/revisions\/5003"}],"up":[{"embeddable":true,"href":"https:\/\/hundeschule-teamwork.com\/angebote\/wp-json\/wp\/v2\/pages\/23"}],"wp:attachment":[{"href":"https:\/\/hundeschule-teamwork.com\/angebote\/wp-json\/wp\/v2\/media?parent=1068"}],"curies":[{"name":"wp","href":"https:\/\/api.w.org\/{rel}","templated":true}]}}