{"id":1092,"date":"2015-07-13T14:16:24","date_gmt":"2015-07-13T12:16:24","guid":{"rendered":"http:\/\/hundeschule-teamwork.com\/angebote\/?page_id=1092"},"modified":"2019-10-26T18:01:21","modified_gmt":"2019-10-26T16:01:21","slug":"seminare","status":"publish","type":"page","link":"https:\/\/hundeschule-teamwork.com\/angebote\/angebot\/seminare\/","title":{"rendered":"Seminare"},"content":{"rendered":"<h3>Herzliche Einladung zum Seminar &#8222;Reflexion Hundeintegrierter Praxis am Sonntag, den 10. November 2019:<\/h3>\n<p>In diesem Seminar reflektieren wir mit Aktiven aus der Hundeintegrierten Praxis Fragen, die von den Teilnehmer*innen mitgebracht werden und arbeiten weiterf\u00fchrende Qualit\u00e4tskriterien f\u00fcr die Hundeintegrierte Arbeit der Teilnehmenden heraus. Es besteht die M\u00f6glichkeit der Teilnahme mit oder ohne Hund.<\/p>\n<p>Ich freue mich schon auf das Reflexions-Seminar und auf alle Teilnehmer*innen.<\/p>\n<p>Hier gibt es den Annmeldebogen zum PDF-Download:<\/p>\n<p><a href=\"https:\/\/hundeschule-teamwork.com\/angebote\/wp-content\/uploads\/2019\/10\/Ausschreibung_Reflexionsseminar_Tiergest\u00fctzte_Arbeitsfelder.pdf\">Ausschreibung_Reflexionsseminar_Tiergest\u00fctzte_Arbeitsfelder<\/a><\/p>\n<p>Und hier gibt es den Anmeldebogen:<\/p>\n<p><a href=\"https:\/\/hundeschule-teamwork.com\/angebote\/wp-content\/uploads\/2019\/10\/Anmeldung_Reflexionsseminar_Tiergest\u00fctzte_Praxis_10_Nov_2019.pdf\">Anmeldung_Reflexionsseminar_Tiergest\u00fctzte_Praxis_10_Nov_2019<\/a><\/p>\n<p>*****************************************************************<\/p>\n<h3>Eine kleine Auswahl fr\u00fcherer Seminare:<\/h3>\n<h3>Herzliche Einladung zum Seminar &#8222;Reflexion Hundeintegrierter Praxis am Samstag, 18. Mai 2019:<\/h3>\n<p>In diesem Seminar reflektieren wir mit Aktiven aus der Hundeintegrierten Praxis Fragen, die von den Teilnehmer*innen mitgebracht werden und arbeiten weiterf\u00fchrende Qualit\u00e4tskriterien f\u00fcr die Hundeintegrierte Arbeit der Teilnehmenden heraus. Es besteht die M\u00f6glichkeit der Teilnahme mit oder ohne Hund.<\/p>\n<p>Ich freue mich schon auf das Reflexions-Seminar und auf alle Teilnehmer*innen.<\/p>\n<p>Hier gibt es den Annmeldebogen zum PDF-Download:<\/p>\n<p><a href=\"https:\/\/hundeschule-teamwork.com\/angebote\/wp-content\/uploads\/2019\/03\/Anmeldung_Reflexionsseminar_Tiergest\u00fctzte_18-05-2019.docx\">Anmeldung_Reflexionsseminar_Tiergest\u00fctzt_18-05-2019<\/a><\/p>\n<p>****************************************************************************************************<\/p>\n<h3>Kurs &#8222;Kind und Hund&#8220;<\/h3>\n<p><strong>Wann? Donnerstag, den 28. September 2017 von 17.00 \u2013 18.30 Uhr, Freitag, den 6. Oktober und Freitag, den 27. Oktober 2017 jeweils von 15.00 \u2013 16.30 Uhr <\/strong><\/p>\n<p><strong>Wo? Seminarraum Hundeschule Teamwork, Eulenweg 16, sowie Trainingsgel\u00e4nde im Wald in 35260 Stadtallendorf und Trainingswiese in Langenstein je nach Thema<\/strong><\/p>\n<p>Damit diese Freundschaft gute Wurzeln bekommt und gut gen\u00e4hrt wird, gibt es viele M\u00f6glichkeiten des gemeinsamen Seins und gemeinsamen Tuns und es sind Regeln f\u00fcr alle Beteiligten wichtig. Ein gl\u00fcckliches und sicheres Zusammenleben aller Beteiligten bedarf der Wissens-Aneignung sowie der verantwortungsvollen Planung, Strukturierung und Leitung durch die erwachsenen Familienmitglieder.<\/p>\n<p><a href=\"https:\/\/hundeschule-teamwork.com\/angebote\/termine\/kurs-kind-und-hund\/\" target=\"_blank\" rel=\"noopener noreferrer\">Weitere Informationen und das Anmeldeformular gibt es hier: Ausschreibung und Anmeldeformular Kurs &#8222;Kind und Hund&#8220;<\/a><\/p>\n<p>****************************************************************************************************<\/p>\n<h3><strong>R\u00fcckblick: Herzliche Einladung zum Kurs: &#8222;Der Hund als Spiegel&#8220; am Freitag, 28.04.17 und Freitag, 05.05.17<\/strong><\/h3>\n<p>Hunde mit ihrer feinen Wahrnehmung wissen oft mehr \u00fcber uns, als wir selbst. Oft spiegeln sie auch unser Verhalten.<\/p>\n<p>Dieser Kurs hilft uns dabei, feiner wahrzunehmen, was das Verhalten unseres Hundes uns \u00fcber uns sagt. Wir lernen dabei, auf unseren Hund als Spiegel zu achten. Der Kurs richtet sich sowohl an langj\u00e4hrigte Hundehalter, die noch tiefer in die Materie eindringen m\u00f6chten, als auch an Menschen, die noch nicht so lange mit einem Hund zusammenleben. Hilfreich ist der Kurs auch f\u00fcr Menschen, die professionell mit Hunden im Bereich der Hundeintegrierten P\u00e4dagogik und Therapie arbeiten. In diesen Arbeitsfeldern kann der Hund n\u00e4mlich auch den Klienten&nbsp; oder eine therapeutische Situation spiegeln.<\/p>\n<p>Hier gibt es den Anmeldebogen zum PDF-Download: <a href=\"https:\/\/hundeschule-teamwork.com\/angebote\/wp-content\/uploads\/2015\/07\/Anmeldung_Der_Hund_als_Spiegel_2017.pdf\" rel=\"\">Anmeldung_Der_Hund_als_Spiegel_2017<\/a><\/p>\n<p>*****************************************************************************************************<\/p>\n<p>F\u00fcr das Jahr 2017 planen wir folgende Seminare:<\/p>\n<ul>\n<li>Kind und Hund<\/li>\n<li>Der Hund als Spiegel<\/li>\n<li>F\u00fchrung, Kooperation und andere soziale Kompetenzen: Was wir von Hunden lernen k\u00f6nnen. Praxis-Seminar f\u00fcr Teilnahme mit und ohne Hund<\/li>\n<\/ul>\n<p>Bei Interesse kontaktieren Sie mich bitte gerne fr\u00fchzeitig. Ich erstelle eine interne Interessent*innenliste und es besteht die M\u00f6glichkeit, Terminw\u00fcnsche mit einzubringen.<\/p>\n<p>******************************************************************************************************<\/p>\n<h3>&nbsp;<img loading=\"lazy\" decoding=\"async\" class=\"alignleft size-full wp-image-1564\" src=\"https:\/\/hundeschule-teamwork.com\/angebote\/wp-content\/uploads\/2015\/07\/13728345_1417158361643930_2064180543_o.jpg\" alt=\"13728345_1417158361643930_2064180543_o\" width=\"448\" height=\"252\" srcset=\"https:\/\/hundeschule-teamwork.com\/angebote\/wp-content\/uploads\/2015\/07\/13728345_1417158361643930_2064180543_o.jpg 448w, https:\/\/hundeschule-teamwork.com\/angebote\/wp-content\/uploads\/2015\/07\/13728345_1417158361643930_2064180543_o-320x180.jpg 320w\" sizes=\"auto, (max-width: 448px) 100vw, 448px\" \/>Impressionen vom Halbtags &#8211; Seminar zur Reflexion Hundegest\u00fctzter Praxis vom 15. Juli 2016<\/h3>\n<p>In diesem Seminar haben wir mit insgesamt neun Teilnehmer*innen Fragen aus der Hundeintegrierten Praxis, die von den Teilnehmer*innen mitgebracht wurden reflektiert und weiterf\u00fchrende Qualit\u00e4tskriterien f\u00fcr die Hundeintegrierte Arbeit der Teilnehmenden heraus gearbeitet. Es bestand die M\u00f6glichkeit der Teilnahme mit oder ohne Hund.<\/p>\n<p>Aufgrund der guten Nachfrage und dem gro\u00dfen Interesse werden wir Ende des Jahres erneut ein Reflexionsseminar anbieten. Bei Interesse k\u00f6nnen Sie sich gerne bereits bei Anke Rochelt&nbsp; melden.<\/p>","protected":false},"excerpt":{"rendered":"<p>Herzliche Einladung zum Seminar &#8222;Reflexion Hundeintegrierter Praxis am Sonntag, den 10. November 2019: In diesem Seminar reflektieren wir mit Aktiven aus der Hundeintegrierten Praxis Fragen, die von den Teilnehmer*innen mitgebracht werden und arbeiten weiterf\u00fchrende Qualit\u00e4tskriterien f\u00fcr die Hundeintegrierte Arbeit der &hellip; <a href=\"https:\/\/hundeschule-teamwork.com\/angebote\/angebot\/seminare\/\">Weiterlesen <span class=\"meta-nav\">&rarr;<\/span><\/a><\/p>\n","protected":false},"author":1,"featured_media":0,"parent":23,"menu_order":0,"comment_status":"closed","ping_status":"open","template":"","meta":{"ngg_post_thumbnail":0,"footnotes":""},"class_list":["post-1092","page","type-page","status-publish","hentry"],"_links":{"self":[{"href":"https:\/\/hundeschule-teamwork.com\/angebote\/wp-json\/wp\/v2\/pages\/1092","targetHints":{"allow":["GET"]}}],"collection":[{"href":"https:\/\/hundeschule-teamwork.com\/angebote\/wp-json\/wp\/v2\/pages"}],"about":[{"href":"https:\/\/hundeschule-teamwork.com\/angebote\/wp-json\/wp\/v2\/types\/page"}],"author":[{"embeddable":true,"href":"https:\/\/hundeschule-teamwork.com\/angebote\/wp-json\/wp\/v2\/users\/1"}],"replies":[{"embeddable":true,"href":"https:\/\/hundeschule-teamwork.com\/angebote\/wp-json\/wp\/v2\/comments?post=1092"}],"version-history":[{"count":17,"href":"https:\/\/hundeschule-teamwork.com\/angebote\/wp-json\/wp\/v2\/pages\/1092\/revisions"}],"predecessor-version":[{"id":4301,"href":"https:\/\/hundeschule-teamwork.com\/angebote\/wp-json\/wp\/v2\/pages\/1092\/revisions\/4301"}],"up":[{"embeddable":true,"href":"https:\/\/hundeschule-teamwork.com\/angebote\/wp-json\/wp\/v2\/pages\/23"}],"wp:attachment":[{"href":"https:\/\/hundeschule-teamwork.com\/angebote\/wp-json\/wp\/v2\/media?parent=1092"}],"curies":[{"name":"wp","href":"https:\/\/api.w.org\/{rel}","templated":true}]}}