{"id":13,"date":"2014-01-06T17:38:42","date_gmt":"2014-01-06T15:38:42","guid":{"rendered":"http:\/\/hundeschule-teamwork.com\/angebote\/?page_id=13"},"modified":"2020-05-01T17:28:31","modified_gmt":"2020-05-01T15:28:31","slug":"termine","status":"publish","type":"page","link":"https:\/\/hundeschule-teamwork.com\/angebote\/termine\/","title":{"rendered":"TERMINE"},"content":{"rendered":"<p><span style=\"color: #ff0000;\"><strong>Aktuell: Wir d\u00fcrfen ab dem 04. Mai 2020 wieder \u00f6ffnen!<br \/>\n<\/strong><\/span><\/p>\n<div id=\"yiv4954883423yMail_cursorElementTracker_1588346005697\"><span style=\"color: #ff0000;\">Mit brandaktueller Meldung von heute (01. Mai) d\u00fcrfen die Hundeschulen in Hessen nun doch ab 04. Mai wieder \u00f6ffnen:&nbsp;<\/span><\/div>\n<div id=\"yiv4954883423yMail_cursorElementTracker_1588346005697\">&nbsp;<\/div>\n<div id=\"yiv4954883423yMail_cursorElementTracker_1588345467726\"><span style=\"color: #ff0000;\"> &#x1f49a;&#x1f463;&#x1f43e;&#x1f415;&#x1f44d;<\/span><\/div>\n<div>&nbsp;<\/div>\n<div><a href=\"https:\/\/www.hessen.de\/presse\/pressemitteilung\/landesregierung-beschliesst-oeffnung-von-friseuren-spielplaetzen-und-kultureinrichtungen?fbclid=IwAR0IpU6R-CJ5jLxrDYq0uLtcLKGflUWk0I_9LtUxtAQYkMyWKVS416YT3SM\" target=\"_blank\" rel=\"noopener noreferrer\"><span style=\"color: #ff0000;\">https:\/\/www.hessen.de\/presse\/pressemitteilung\/landesregierung-beschliesst-oeffnung-von-friseuren-spielplaetzen-und-kultureinrichtungen?fbclid=IwAR0IpU6R-CJ5jLxrDYq0uLtcLKGflUWk0I_9LtUxtAQYkMyWKVS416YT3SM<\/span><\/a><\/div>\n<p><span style=\"color: #ff0000;\"> Weiterhin gilt nat\u00fcrlich: Tun Sie Ihrem Immunsystem gut: singen, lachen, gemeinsam mit Ihrem Hund ausruhen, innehalten in der einsamen Natur, sich frische Luft und Sonne g\u00f6nnen, sp\u00fcren, LIEBEN&#8230; Frisches Obst und Gem\u00fcse essen, viel Wasser trinken, Vitamine genie\u00dfen&#8230; Vitamine C, D3, K2, Zink und Magnesium sind wunderbare Unterst\u00fctzer f\u00fcr ein gesundes Immunsystem&#8230; <\/span><\/p>\n<p><strong><span style=\"color: #ff0000;\">Ich freue mich schon sehr auf unsere n\u00e4chsten Termine: Wer noch keine Folgetermine mit mir vereinbart hat, kann mich gern direkt per Handy erreichen: 0170\/4350394.<\/span><\/strong><\/p>\n<p><span style=\"color: #ff0000;\"><strong>Bleiben Sie gesund, von Herzen, Anke Rochelt<\/strong><\/span><\/p>\n<h2>Kurse &amp; offene Gruppen<\/h2>\n<h2>&gt; &gt; <a title=\"Termine Anke\" href=\"https:\/\/hundeschule-teamwork.com\/angebote\/termine\/termine-anke\/\">Termine bei Anke<\/a><\/h2>\n<p><strong>Terminvereinbarungen:<\/strong><\/p>\n<p>f\u00fcr Welpenkurs,&nbsp; Junghunde Erziehung und Besch\u00e4ftigung, Einzeltraining, tiergest\u00fctzte P\u00e4dagogik, Kinder-\/Jugendliche-Hund-Gruppe, Mantrailing, Social Walk, Apportieren, Der Hund als Haushaltshilfe, facettenreiche Nasenarbeit, Longierzirkeltraining , Tricktraining<\/p>\n<p>bitte bei Anke anmelden:<\/p>\n<p>Anke Rochelt<\/p>\n<p>Tel.: 06428\/441135<\/p>\n<p>Handy: 0170\/4350394<\/p>\n<p>E-mail:<strong> <a title=\"Email\" href=\"mailto:rochelta@yahoo.de\" target=\"_blank\" rel=\"noopener noreferrer\">rochelta@yahoo.de<\/a><\/strong><\/p>\n<p>&nbsp;<\/p>\n<h2>&gt; &gt; <a title=\"Termine Silke\" href=\"https:\/\/hundeschule-teamwork.com\/angebote\/termine\/termine-silke\/\">Termine bei Silke<\/a><\/h2>\n<p><strong>Terminvereinbarungen:<\/strong><\/p>\n<p>f\u00fcr Junghunde, &#8211; Offene Erziehungsgruppe, Fortgeschrittene Gruppe und Agility<\/p>\n<p>bitte bei Silke anmelden:<\/p>\n<p>Silke Heilgeist-Leister<\/p>\n<p>Tel.: 06645\/9187933<\/p>\n<p>Handy: 0151\/22612677<\/p>\n<p>E-mail: <a title=\"silke@hundeschule-teamwork.com\" href=\"mailto:silke@hundeschule-teamwork.com\" target=\"_blank\" rel=\"noopener noreferrer\"><strong>silke@hundeschule-teamwork.com<\/strong><\/a><\/p>","protected":false},"excerpt":{"rendered":"<p>Aktuell: Wir d\u00fcrfen ab dem 04. Mai 2020 wieder \u00f6ffnen! Mit brandaktueller Meldung von heute (01. Mai) d\u00fcrfen die Hundeschulen in Hessen nun doch ab 04. Mai wieder \u00f6ffnen:&nbsp; &nbsp; &#x1f49a;&#x1f463;&#x1f43e;&#x1f415;&#x1f44d; &nbsp; https:\/\/www.hessen.de\/presse\/pressemitteilung\/landesregierung-beschliesst-oeffnung-von-friseuren-spielplaetzen-und-kultureinrichtungen?fbclid=IwAR0IpU6R-CJ5jLxrDYq0uLtcLKGflUWk0I_9LtUxtAQYkMyWKVS416YT3SM Weiterhin gilt nat\u00fcrlich: Tun Sie Ihrem Immunsystem &hellip; <a href=\"https:\/\/hundeschule-teamwork.com\/angebote\/termine\/\">Weiterlesen <span class=\"meta-nav\">&rarr;<\/span><\/a><\/p>\n","protected":false},"author":1,"featured_media":0,"parent":0,"menu_order":0,"comment_status":"closed","ping_status":"closed","template":"","meta":{"ngg_post_thumbnail":0,"footnotes":""},"class_list":["post-13","page","type-page","status-publish","hentry"],"_links":{"self":[{"href":"https:\/\/hundeschule-teamwork.com\/angebote\/wp-json\/wp\/v2\/pages\/13","targetHints":{"allow":["GET"]}}],"collection":[{"href":"https:\/\/hundeschule-teamwork.com\/angebote\/wp-json\/wp\/v2\/pages"}],"about":[{"href":"https:\/\/hundeschule-teamwork.com\/angebote\/wp-json\/wp\/v2\/types\/page"}],"author":[{"embeddable":true,"href":"https:\/\/hundeschule-teamwork.com\/angebote\/wp-json\/wp\/v2\/users\/1"}],"replies":[{"embeddable":true,"href":"https:\/\/hundeschule-teamwork.com\/angebote\/wp-json\/wp\/v2\/comments?post=13"}],"version-history":[{"count":36,"href":"https:\/\/hundeschule-teamwork.com\/angebote\/wp-json\/wp\/v2\/pages\/13\/revisions"}],"predecessor-version":[{"id":4495,"href":"https:\/\/hundeschule-teamwork.com\/angebote\/wp-json\/wp\/v2\/pages\/13\/revisions\/4495"}],"wp:attachment":[{"href":"https:\/\/hundeschule-teamwork.com\/angebote\/wp-json\/wp\/v2\/media?parent=13"}],"curies":[{"name":"wp","href":"https:\/\/api.w.org\/{rel}","templated":true}]}}