{"id":1472,"date":"2016-06-10T16:26:51","date_gmt":"2016-06-10T14:26:51","guid":{"rendered":"http:\/\/hundeschule-teamwork.com\/angebote\/?page_id=1472"},"modified":"2018-01-04T14:49:57","modified_gmt":"2018-01-04T12:49:57","slug":"mehr-wissen-ueber-hunde","status":"publish","type":"page","link":"https:\/\/hundeschule-teamwork.com\/angebote\/info\/mehr-wissen-ueber-hunde\/","title":{"rendered":"Mehr Wissen \u00fcber Hunde und zum Teamtraining zwischen Mensch und Hund&#8230;"},"content":{"rendered":"<h2>Video der Hundeschule Teamwork zum Training der Leinenf\u00fchrigkeit mit einem oder mehreren Hunden<\/h2>\n<p>Bei der Leinenf\u00fchrigkeit darf sich der Hund an lockerer Leine bewegen, umschauen und am Boden schn\u00fcffeln. Die Methode eignet sich auch f\u00fcr Hunde, die aufgrund falschem oder fehlendem Leinenf\u00fchrigkeitstraining das Ziehen leider bereits gelernt haben. F\u00fcr lockeres An-der-Leine-Laufen wird h\u00e4ufig mit einem Markersignal &#8222;Zungenschnalz&#8220; und Leckerli verst\u00e4rkt. Weiteres zur Methode und wichtige Hinweise f\u00fcr ein erfolgreiches Training im Video.<\/p>\n<p><a href=\"https:\/\/www.youtube.com\/watch?v=tso5ZTCkl5o&amp;feature=youtu.be\" target=\"_blank\">Link zum Video (bitte hier klicken)<\/a>&#8230;<\/p>\n<p><iframe loading=\"lazy\" title=\"Leinenf\u00fchrigkeitstraining Hundeschule Teamwork Stadtallendorf\" width=\"620\" height=\"465\" src=\"https:\/\/www.youtube.com\/embed\/tso5ZTCkl5o?feature=oembed\" frameborder=\"0\" allow=\"accelerometer; autoplay; clipboard-write; encrypted-media; gyroscope; picture-in-picture; web-share\" referrerpolicy=\"strict-origin-when-cross-origin\" allowfullscreen><\/iframe><\/p>\n<p>**************************************************************************************************************************************<\/p>\n<h2>Pausen-\/Entspannungssignal<\/h2>\n<p>Um ein Pausen-Signal einzuf\u00fchren, sollte man ein bestimmtes Wort, z.B. \u201ePause\u201c immer dann sagen, wenn der Hund sich von sich aus auf entspannte Weise zur Ruhe legt, z.B. abends nach einem erf\u00fcllten Tag. Bei der Aussprache des Signal-Wortes auch darauf achten, es auf ruhige Weise auszusprechen, gerne mit einem etwas l\u00e4ngeren Aus-Atmer am Ende.<\/p>\n<p>Wenn auf diese Weise das Pausen-\/Entspannungs-Signal <strong>\u00fcber mehrere Wochen grundkonditioniert<\/strong> wurde, <strong>erst dann<\/strong> kann man es dem Hund in einer etwas aufregenderen Situation sagen, <strong>damit <\/strong>er ruhig wird. Auch ab diesem Zeitpunkt ist es wichtig, das Pausen- \/Entspannungs-Signal auch immer nochmal genau dann zu sagen, wenn der Hund von sich aus zur Ruhe kommt, so dass man es sozusagen immer mal wieder in genau der vom Hund richtig gezeigten Situation <strong>\u201eaufl\u00e4dt\u201c<\/strong>.<\/p>\n<p>Auch eine bestimte Musik oder ein Duft eignet sich f\u00fcr das Entspannungstraining. <a href=\"https:\/\/hundeschule-teamwork.com\/angebote\/info\/mehr-wissen-ueber-hunde\/pausen-entspannungssignal\/\" target=\"_blank\">Mehr dazu hier&#8230;<\/a><\/p>\n<p>**************************************************************************************************************************************<\/p>\n<h2>Spannende Aktionen zum Thema Hund<\/h2>\n<p>Wir m\u00f6chten Euch auf<strong> zwei spannende Aktionen <\/strong>aufmerksam machen. Die <strong>Aktion \u201eMaulkorb drauf\u201c<\/strong> und die <strong>Aktion \u201eGelber Hund\u201c<\/strong> bem\u00fchen sich beide um mehr Akzeptanz und Toleranz gegen\u00fcber Hunden die aus den verschiedensten Gr\u00fcnden einen Maulkorb tragen oder Hunde die gerade keinen Kontakt zu anderen Menschen und Hunden m\u00f6chten.<\/p>\n<p>Mehr zur Aktion &#8222;Maulkorb drauf&#8220; und tolle Bilder findet Ihr hier: <a href=\"https:\/\/hundeschule-teamwork.com\/angebote\/info\/mehr-wissen-ueber-hunde\/aktion-maulkorb-drauf\/\" target=\"_blank\">Maulkorb drauf <\/a><\/p>\n<p>Mehr zur Aktion &#8222;Gelber Hund &#8211; gulahund&#8220; findet Ihr hier: <a href=\"https:\/\/hundeschule-teamwork.com\/angebote\/info\/mehr-wissen-ueber-hunde\/gulahund\/\" target=\"_blank\">Gelber Hund &#8211; gulahund<\/a><\/p>\n<p>**************************************************************************************************************************************<\/p>\n<h2>Stress bei Hunden<\/h2>\n<p>In unserem Alltag gibt es viele Dinge die unsere Hunde stressen k\u00f6nnen. Unser Tagesablauf ist h\u00e4ufig wenig auf die Bed\u00fcrfnisse des Hundes abgestimmt.<\/p>\n<p>In Ma\u00dfen ist Stress f\u00fcr Hunde, wie auch f\u00fcr uns Menschen, gut zu verarbeiten und geh\u00f6rt zum Leben dazu. Doch nat\u00fcrlich ist zu viel Stress nicht gesund, er kann zu Fehlverhalten und sogar Krankheiten f\u00fchren.<\/p>\n<p>Insbesondere in Trainingssituationen, aber auch im Alltag ist Entspannung die Grundvoraussetzung f\u00fcr ein erfolgreiches Training. <a href=\"https:\/\/hundeschule-teamwork.com\/angebote\/info\/mehr-wissen-ueber-hunde\/stress-bei-hunden\/?preview=true\" target=\"_blank\">Mehr dazu hier&#8230;<\/a><\/p>\n<p>**************************************************************************************************************************************<\/p>\n<h2>Umgang mit sogenannten &#8222;Angsthunden&#8220;<\/h2>\n<p>Dieser Text enth\u00e4lt Informationen und Tipps f\u00fcr den Umgang mit sogenannten &#8222;Angst-Hunden&#8220;. Das sind Hunde, die aufgrund schlechter Bedingungen beim Heranwachsen und keinen Kontakt mit Menschen und anderen f\u00fcr unseren Kulturkreis relevanten Umweltreizen gemacht haben, und\/oder sehr schlechte Erfahrungen mit Menschen durch psychische und k\u00f6rperliche Misshandlungen gemacht haben. Durch diese sehr ung\u00fcnstigen Umst\u00e4nde sind diese Hunde oft schwer traumatisiert. Angst-Hunde brauchen viel Zeit, Einf\u00fchlungsverm\u00f6gen und Wissen seitens der Menschen, die sie in Pflege nehmen oder adoptieren. <a href=\"https:\/\/hundeschule-teamwork.com\/angebote\/info\/mehr-wissen-ueber-hunde\/umgang-mit-sogenannten-angsthunden\/\" target=\"_blank\">Mehr dazu hier&#8230;<\/a><\/p>\n<p>&nbsp;<\/p>","protected":false},"excerpt":{"rendered":"<p>Video der Hundeschule Teamwork zum Training der Leinenf\u00fchrigkeit mit einem oder mehreren Hunden Bei der Leinenf\u00fchrigkeit darf sich der Hund an lockerer Leine bewegen, umschauen und am Boden schn\u00fcffeln. Die Methode eignet sich auch f\u00fcr Hunde, die aufgrund falschem oder &hellip; <a href=\"https:\/\/hundeschule-teamwork.com\/angebote\/info\/mehr-wissen-ueber-hunde\/\">Weiterlesen <span class=\"meta-nav\">&rarr;<\/span><\/a><\/p>\n","protected":false},"author":1,"featured_media":0,"parent":27,"menu_order":0,"comment_status":"closed","ping_status":"closed","template":"","meta":{"ngg_post_thumbnail":0,"footnotes":""},"class_list":["post-1472","page","type-page","status-publish","hentry"],"_links":{"self":[{"href":"https:\/\/hundeschule-teamwork.com\/angebote\/wp-json\/wp\/v2\/pages\/1472","targetHints":{"allow":["GET"]}}],"collection":[{"href":"https:\/\/hundeschule-teamwork.com\/angebote\/wp-json\/wp\/v2\/pages"}],"about":[{"href":"https:\/\/hundeschule-teamwork.com\/angebote\/wp-json\/wp\/v2\/types\/page"}],"author":[{"embeddable":true,"href":"https:\/\/hundeschule-teamwork.com\/angebote\/wp-json\/wp\/v2\/users\/1"}],"replies":[{"embeddable":true,"href":"https:\/\/hundeschule-teamwork.com\/angebote\/wp-json\/wp\/v2\/comments?post=1472"}],"version-history":[{"count":11,"href":"https:\/\/hundeschule-teamwork.com\/angebote\/wp-json\/wp\/v2\/pages\/1472\/revisions"}],"predecessor-version":[{"id":3513,"href":"https:\/\/hundeschule-teamwork.com\/angebote\/wp-json\/wp\/v2\/pages\/1472\/revisions\/3513"}],"up":[{"embeddable":true,"href":"https:\/\/hundeschule-teamwork.com\/angebote\/wp-json\/wp\/v2\/pages\/27"}],"wp:attachment":[{"href":"https:\/\/hundeschule-teamwork.com\/angebote\/wp-json\/wp\/v2\/media?parent=1472"}],"curies":[{"name":"wp","href":"https:\/\/api.w.org\/{rel}","templated":true}]}}