{"id":149,"date":"2014-03-23T03:48:49","date_gmt":"2014-03-23T01:48:49","guid":{"rendered":"http:\/\/hundeschule-teamwork.com\/angebote\/?page_id=149"},"modified":"2023-01-03T21:04:14","modified_gmt":"2023-01-03T19:04:14","slug":"zum-training-mitbringen","status":"publish","type":"page","link":"https:\/\/hundeschule-teamwork.com\/angebote\/info\/zum-training-mitbringen\/","title":{"rendered":"Zum Training mitbringen"},"content":{"rendered":"<p><strong>Zu jedem Training bitte folgendes mitbringen:<\/strong><\/p>\n<p>1.) Brustgeschirr oder bequemes, breites Halsband (<em>kein W\u00fcrgehalsband<\/em>)<\/p>\n<p>2.) Eine ca. 2-m- lange Leine (<em>keine Flexi-Leine und auch keine zu kurze Leine<\/em>)<\/p>\n<p>3.) Eine alte Decke oder ein altes Handtuch (<em>f\u00fcr den Hund zum Drauflegen<\/em>)<\/p>\n<p>4.) 2 Sorten Leckerlis: 1 Sorte &#8222;normale&#8220; Leckerlis (<em>z.B. Br\u00f6ckchen vom Trockenfutter<\/em>) und eine Sorte &#8222;besondere&#8220; Leckerlis (<em>z.B. Wurst- oder K\u00e4sest\u00fcckchen am besten geeignet sind kleine W\u00fcrfelchen gekochter Putenbrust<\/em>). Beide Sorten Leckerlis sollten wirklich klein sein (<em>ca. erbsengro\u00df<\/em>). Mengenm\u00e4\u00dfig bitte gen\u00fcgend Leckerlis mitbringen (<em>von beiden Sorten jeweils eine gute Hand voll<\/em>). Die Menge an Leckerlis, die wir im Training als Best\u00e4tigung verf\u00fcttern, ziehen Sie bitte von der Tagesfuttermenge des Hundes ab.<\/p>\n<p>5.) Eine Leberwurst-Tube f\u00fcr Hunde (erh\u00e4ltlich z.B. im DM-Markt, Fre\u00dfnapf-Markt, Penny-Markt)<\/p>\n<p>6.) Ein Spiel-Tau oder ein Ball mit Kordel, wo sowohl Mensch als auch Hund gleichzeitig dranfassen k\u00f6nnen<\/p>\n<p>7.) Plastik- oder Papier-Beutelchen zum Entfernen der Kot-H\u00e4ufchen.<\/p>\n<p>8.) Wassernapf und eine Flasche mit Leitungswasser f\u00fcr den Hund<\/p>\n<p>9.) Leckerlie-Beutel oder Jacke\/Weste mit geeigneten Taschen, um beide Sorten Leckerlies und Leberwursttube in jedem Moment des Trainings direkt griffbereit zu haben, um dem Hund direkt zeitnahe Best\u00e4rkung und Verkn\u00fcpfung mit dem zu lernenden Inhalten zu erm\u00f6glichen. Keine raschelnden Plastikbeutlechen, klappernden Tupperdosen-Deckel, Leckerlies in der Hand usw. Bitte die Leckerlie-Tasche schon zu Hause vorbereiten, denn auch Gelassenheit beim Aussteigen aus dem Auto, lockere Leinenf\u00fchrigkeit zum Trainingsgel\u00e4nde etc. sollen bereits trainiert werden.<\/p>\n<p>10.) Die Geb\u00fchren f\u00fcr die Einzel- und Gruppen-Trainings bitte jeweils zum ersten Training in bar mitbringen.<\/p>\n<p>11.) F\u00fcr Einzeltrainings: Notizblock oder -heft und Stift mitbringen. Wir empfehlen, ein Trainingstagebuch zu f\u00fchren.<\/p>\n<p>12.) Auf Wunsch ein Outdoor-Sitzkissen f\u00fcr den Stuhl (man sitzt dadurch etwas weicher und w\u00e4rmer, als nur auf dem reinen Plastik-Gartenstuhl).<\/p>\n<p>13.) Bei Terminabsagen \/-verschiebungen f\u00fcr ein Einzeltraining bitte mindestens 24 Stunden vorher Bescheid geben, da sonst die Geb\u00fchr f\u00fcr das Einzeltrainig berechnet werden mu\u00df.<\/p>\n<p><strong>Die genannten Dinge brauchen wir zu jedem Training. Sollten f\u00fcr spezielle Kurse oder Seminare weitere Dinge mitzubringen sein, erhalten Sie vorher die n\u00f6tigen Informationen.<\/strong><\/p>\n<p>Zum ersten Training bitte den Hundehaftpflichtversicherungsnachweis mitbringen<br \/>\n(<em>nur zum ersten Training<\/em>).<\/p>","protected":false},"excerpt":{"rendered":"<p>Zu jedem Training bitte folgendes mitbringen: 1.) Brustgeschirr oder bequemes, breites Halsband (kein W\u00fcrgehalsband) 2.) Eine ca. 2-m- lange Leine (keine Flexi-Leine und auch keine zu kurze Leine) 3.) Eine alte Decke oder ein altes Handtuch (f\u00fcr den Hund zum &hellip; <a href=\"https:\/\/hundeschule-teamwork.com\/angebote\/info\/zum-training-mitbringen\/\">Weiterlesen <span class=\"meta-nav\">&rarr;<\/span><\/a><\/p>\n","protected":false},"author":1,"featured_media":0,"parent":27,"menu_order":1,"comment_status":"closed","ping_status":"closed","template":"","meta":{"ngg_post_thumbnail":0,"footnotes":""},"class_list":["post-149","page","type-page","status-publish","hentry"],"_links":{"self":[{"href":"https:\/\/hundeschule-teamwork.com\/angebote\/wp-json\/wp\/v2\/pages\/149","targetHints":{"allow":["GET"]}}],"collection":[{"href":"https:\/\/hundeschule-teamwork.com\/angebote\/wp-json\/wp\/v2\/pages"}],"about":[{"href":"https:\/\/hundeschule-teamwork.com\/angebote\/wp-json\/wp\/v2\/types\/page"}],"author":[{"embeddable":true,"href":"https:\/\/hundeschule-teamwork.com\/angebote\/wp-json\/wp\/v2\/users\/1"}],"replies":[{"embeddable":true,"href":"https:\/\/hundeschule-teamwork.com\/angebote\/wp-json\/wp\/v2\/comments?post=149"}],"version-history":[{"count":9,"href":"https:\/\/hundeschule-teamwork.com\/angebote\/wp-json\/wp\/v2\/pages\/149\/revisions"}],"predecessor-version":[{"id":5001,"href":"https:\/\/hundeschule-teamwork.com\/angebote\/wp-json\/wp\/v2\/pages\/149\/revisions\/5001"}],"up":[{"embeddable":true,"href":"https:\/\/hundeschule-teamwork.com\/angebote\/wp-json\/wp\/v2\/pages\/27"}],"wp:attachment":[{"href":"https:\/\/hundeschule-teamwork.com\/angebote\/wp-json\/wp\/v2\/media?parent=149"}],"curies":[{"name":"wp","href":"https:\/\/api.w.org\/{rel}","templated":true}]}}