{"id":1498,"date":"2016-06-15T13:03:54","date_gmt":"2016-06-15T11:03:54","guid":{"rendered":"http:\/\/hundeschule-teamwork.com\/angebote\/?page_id=1498"},"modified":"2019-04-17T19:38:51","modified_gmt":"2019-04-17T17:38:51","slug":"hundeintegrierte-paedagogik","status":"publish","type":"page","link":"https:\/\/hundeschule-teamwork.com\/angebote\/termine\/hundeintegrierte-paedagogik\/","title":{"rendered":"Hundeintegrierte P\u00e4dagogik und Therapie"},"content":{"rendered":"<h3>Herzliche Einladung zum Seminar &#8222;Reflexion Hundeintegrierter Praxis&#8220; am Samstag, den 18. Mai 2019:<\/h3>\n<p>In diesem Seminar reflektieren wir mit Aktiven aus der Hundeintegrierten Praxis Fragen, die von den Teilnehmer*innen mitgebracht werden und arbeiten weiterf\u00fchrende Qualit\u00e4tskriterien f\u00fcr die Hundeintegrierte Arbeit der Teilnehmenden heraus. Es besteht die M\u00f6glichkeit der Teilnahme mit oder ohne Hund.<\/p>\n<p><em><a href=\"https:\/\/hundeschule-teamwork.com\/angebote\/wp-content\/uploads\/2019\/03\/Anmeldung_Reflexionsseminar_Tiergest\u00fctzte_18-05-2019.docx\">Anmeldung_Reflexionsseminar_Tiergest\u00fctzte_18-05-2019<\/a><\/em><\/p>\n<p>Ich freue mich schon auf das Reflexions-Seminar und auf alle Teilnehmer*innen.<\/p>\n<p>*******************************************************************************<\/p>\n<p>R\u00fcckblick: Auswahl an fr\u00fcheren Terminen:<\/p>\n<h2><span style=\"color: #000080;\">Im Rahmen des Kurses &#8222;Rezertifizierung Alltagsbegleiter&#8220; (06.\/07. August 2018 in Marburg) gibt Anke Rochelt eine Weiterbildung zu<\/span><\/h2>\n<h2><span style=\"color: #000080;\">&#8222;Tiergest\u00fctzte Therapie mit Hunden bei alten Menschen in Theorie und Praxis&#8220; N\u00e4here Infos finden Sie hier:<\/span><\/h2>\n<blockquote class=\"wp-embedded-content\" data-secret=\"Dmh40WHOdf\"><p><a href=\"https:\/\/www.maps-marburg.de\/fachweiterbildung\/rezertifizierung-alltagsbegleiter\/\">Rezertifizierung Alltagsbegleiter<\/a><\/p><\/blockquote>\n<p><iframe loading=\"lazy\" class=\"wp-embedded-content\" sandbox=\"allow-scripts\" security=\"restricted\" style=\"position: absolute; visibility: hidden;\" title=\"&#8222;Rezertifizierung Alltagsbegleiter&#8220; &#8211; MAPS-Marburg\" src=\"https:\/\/www.maps-marburg.de\/fachweiterbildung\/rezertifizierung-alltagsbegleiter\/embed\/#?secret=m0GV8OQWug#?secret=Dmh40WHOdf\" data-secret=\"Dmh40WHOdf\" width=\"600\" height=\"338\" frameborder=\"0\" marginwidth=\"0\" marginheight=\"0\" scrolling=\"no\"><\/iframe><\/p>\n<p>********************************************************************************<\/p>\n<p>Impressionen vom letzten Reflexionsseminar am 20. Juni 2017:<\/p>\n<p><img loading=\"lazy\" decoding=\"async\" class=\"wp-image-2493 alignleft\" src=\"https:\/\/hundeschule-teamwork.com\/angebote\/wp-content\/uploads\/2016\/06\/19398095_1346415175454674_2141386188_n-1.jpg\" alt=\"19398095_1346415175454674_2141386188_n\" width=\"185\" height=\"331\"\/> <img loading=\"lazy\" decoding=\"async\" class=\"alignleft wp-image-2494\" src=\"https:\/\/hundeschule-teamwork.com\/angebote\/wp-content\/uploads\/2016\/06\/19398170_1346430145453177_494480441_n-1.jpg\" alt=\"19398170_1346430145453177_494480441_n\" width=\"185\" height=\"330\"\/> <img loading=\"lazy\" decoding=\"async\" class=\"alignleft wp-image-2495\" src=\"https:\/\/hundeschule-teamwork.com\/angebote\/wp-content\/uploads\/2016\/06\/19415869_1346415808787944_519416728_n-1.jpg\" alt=\"19415869_1346415808787944_519416728_n\" width=\"207\" height=\"369\"\/><\/p>\n<p>********************************************************************************<\/p>\n<p><span style=\"text-decoration: underline;\"><strong>Seminar zur Tierintegrierten P\u00e4dagogik und Therapie mit eigenem Hund:<\/strong><\/span><\/p>\n<p>Bitte sprechen Sie uns bez\u00fcglich der Termine an!<\/p>\n<p><span style=\"text-decoration: underline;\"><strong>Intervisionsrunden- und Seminare f\u00fcr Menschen in p\u00e4dagogischen und therapeutischen Berufen, die hundeintegriert arbeiten:<\/strong><\/span><\/p>\n<p>In diesem Seminar reflektieren wir mit Aktiven aus der Hundeintegrierten Praxis Fragen, die von den Teilnehmer*innen mitgebracht werden und arbeiten weiterf\u00fchrende Qualit\u00e4tskriterien f\u00fcr die Hundeintegrierte Arbeit der Teilnehmenden heraus. Es besteht die M\u00f6glichkeit der Teilnahme mit oder ohne Hund.<\/p>\n<p><strong>Einzeltrainings<\/strong> zur Tierintegrierten P\u00e4dagogik und Therapie mit eigenem Hund sind fast jederzeit m\u00f6glich. Bei Interesse sprechen Sie mich bitte an!<\/p>\n<p>**************************************************************************************<\/p>\n<h3>Kurs \u201eKind und Hund \u2013 Freunde f\u00fcrs Leben?\u201c<\/h3>\n<p><strong>Wann? Donnerstag 28. September 2017 von 17.00 \u2013 18.30 Uhr, Freitag, 06. Oktober und Freitag, 27. Oktober 2017 jeweils von 15.00 \u2013 16.30 Uhr <\/strong><\/p>\n<p><strong>Wo? Seminarraum Hundeschule Teamwork, Eulenweg 16, sowie Trainingsgel\u00e4nde im Wald in 35260 Stadtallendorf und Trainingswiese in Langenstein je nach Thema<\/strong><\/p>\n<p>Damit diese Freundschaft gute Wurzeln bekommt und gut gen\u00e4hrt wird, gibt es viele M\u00f6glichkeiten des gemeinsamen Seins und gemeinsamen Tuns und es sind Regeln f\u00fcr alle Beteiligten wichtig. Ein gl\u00fcckliches und sicheres Zusammenleben aller Beteiligten bedarf der Wissens-Aneignung sowie der verantwortungsvollen Planung, Strukturierung und Leitung durch die erwachsenen Familienmitglieder.<br \/>\n<img loading=\"lazy\" decoding=\"async\" class=\"alignleft size-medium wp-image-2511\" src=\"https:\/\/hundeschule-teamwork.com\/angebote\/wp-content\/uploads\/2016\/06\/Dobi_Nero_Joschi-1-320x180.jpg\" alt=\"Dobi_Nero_Joschi\" width=\"320\" height=\"180\" srcset=\"https:\/\/hundeschule-teamwork.com\/angebote\/wp-content\/uploads\/2016\/06\/Dobi_Nero_Joschi-1-320x180.jpg 320w, https:\/\/hundeschule-teamwork.com\/angebote\/wp-content\/uploads\/2016\/06\/Dobi_Nero_Joschi-1.jpg 448w\" sizes=\"auto, (max-width: 320px) 100vw, 320px\" \/>Egal ob gro\u00dfe oder kleine Kinder, egal ob gro\u00dfe oder kleine Hunde, egal ob j\u00fcngere oder \u00e4ltere Erwachsene \u2013 dies ist f\u00fcr alle g\u00fcltig.<\/p>\n<p><img loading=\"lazy\" decoding=\"async\" class=\"alignleft size-medium wp-image-2512\" src=\"https:\/\/hundeschule-teamwork.com\/angebote\/wp-content\/uploads\/2016\/06\/Fiete-und-Sisko-320x427.jpg\" alt=\"Fiete und Sisko\" width=\"320\" height=\"427\" srcset=\"https:\/\/hundeschule-teamwork.com\/angebote\/wp-content\/uploads\/2016\/06\/Fiete-und-Sisko-320x427.jpg 320w, https:\/\/hundeschule-teamwork.com\/angebote\/wp-content\/uploads\/2016\/06\/Fiete-und-Sisko.jpg 768w, https:\/\/hundeschule-teamwork.com\/angebote\/wp-content\/uploads\/2016\/06\/Fiete-und-Sisko-600x800.jpg 600w, https:\/\/hundeschule-teamwork.com\/angebote\/wp-content\/uploads\/2016\/06\/Fiete-und-Sisko-540x720.jpg 540w\" sizes=\"auto, (max-width: 320px) 100vw, 320px\" \/><img loading=\"lazy\" decoding=\"async\" class=\"alignleft size-medium wp-image-2513\" src=\"https:\/\/hundeschule-teamwork.com\/angebote\/wp-content\/uploads\/2016\/06\/Joschi-und-Jack-Sofa.jpg\" alt=\"Joschi und Jack Sofa\" width=\"302\" height=\"206\"\/><\/p>\n<h3>&nbsp;<\/h3>\n<h3>&nbsp;<\/h3>\n<h3>&nbsp;<\/h3>\n<h3>&nbsp;<\/h3>\n<h3>&nbsp;<\/h3>\n<p><a href=\"https:\/\/hundeschule-teamwork.com\/angebote\/wp-content\/uploads\/2014\/01\/Anmeldung_Kurs_Kind-und-Hund.pdf\" target=\"_blank\" rel=\"noopener noreferrer\">Anmeldeformular zum Kurs &#8222;Kind und Hund&#8220; hier: Anmeldung_Kurs_Kind und Hund<\/a><\/p>\n<p><a href=\"https:\/\/hundeschule-teamwork.com\/angebote\/termine\/kurs-kind-und-hund\/\" target=\"_blank\" rel=\"noopener noreferrer\">Bei weiterem Interesse erfahren Sie hier mehr&#8230;<\/a><\/p>\n<p>**************************************************************************************<\/p>\n<h3><strong>R\u00fcckblick: Herzliche Einladung zum Kurs: &#8222;Der Hund als Spiegel&#8220; am Freitag, 28.04.17 und Freitag, 05.05.17<\/strong><\/h3>\n<p>Hunde mit ihrer feinen Wahrnehmung wissen oft mehr \u00fcber uns, als wir selbst. Oft spiegeln sie auch unser Verhalten.<\/p>\n<p>Dieser Kurs hilft uns dabei, feiner wahrzunehmen, was das Verhalten unseres Hundes uns \u00fcber uns sagt. Wir lernen dabei, auf unseren Hund als Spiegel zu achten. Der Kurs richtet sich sowohl an langj\u00e4hrigte Hundehalter, die noch tiefer in die Materie eindringen m\u00f6chten, als auch an Menschen, die noch nicht so lange mit einem Hund zusammenleben. Hilfreich ist der Kurs auch f\u00fcr Menschen, die professionell mit Hunden im Bereich der Hundeintegrierten P\u00e4dagogik und Therapie arbeiten. In diesen Arbeitsfeldern kann der Hund n\u00e4mlich auch den Klienten&nbsp; oder eine therapeutische Situation spiegeln.<\/p>\n<p>Hier gibt es den Anmeldebogen zum PDF-Download: <a href=\"https:\/\/hundeschule-teamwork.com\/angebote\/wp-content\/uploads\/2015\/07\/Anmeldung_Der_Hund_als_Spiegel_2017.pdf\" rel=\"\">Anmeldung_Der_Hund_als_Spiegel_2017<\/a><\/p>\n<p>********************************************************************************************<\/p>\n<p>Hier ein R\u00fcckblick auf das stattgefundene&nbsp; Tages-Seminar am <strong>22. November<\/strong> <strong>2014:<\/strong><\/p>\n<div data-canvas-width=\"118.76000000000002\" data-angle=\"0\" data-font-name=\"Times New Roman\"><strong>Erarbeitung von Handlungsbausteinen f\u00fcr Mensch-Hund-Teams f\u00fcr die<\/strong><\/div>\n<div data-canvas-width=\"505.38\" data-angle=\"0\" data-font-name=\"Times New Roman\"><strong>Tierintegrierte P\u00e4dagogik und Therapie mit eigenem Hund<\/strong><\/div>\n<p>Die Ausf\u00fchrliche Seminar-Ausschreibung und Anmeldebogen gibt es hier:<\/p>\n<p><a href=\"https:\/\/hundeschule-teamwork.com\/angebote\/wp-content\/uploads\/2014\/03\/Handlungsbaustein_Tierintegrierte_P\u00e4dagogik_Seminar_22_November_14.pdf\">Handlungsbausteine_Tierintegrierte_P\u00e4dagogik_Seminar_22_November_14<\/a><\/p>\n<div>\n<p>Ich freue mich schon sehr auf Eure\/Ihre Teilnahme!<\/p>\n<p>Mit liebem Gru\u00df,<\/p>\n<p>Anke Rochelt<\/p>\n<\/div>","protected":false},"excerpt":{"rendered":"<p>Herzliche Einladung zum Seminar &#8222;Reflexion Hundeintegrierter Praxis&#8220; am Samstag, den 18. Mai 2019: In diesem Seminar reflektieren wir mit Aktiven aus der Hundeintegrierten Praxis Fragen, die von den Teilnehmer*innen mitgebracht werden und arbeiten weiterf\u00fchrende Qualit\u00e4tskriterien f\u00fcr die Hundeintegrierte Arbeit der &hellip; <a href=\"https:\/\/hundeschule-teamwork.com\/angebote\/termine\/hundeintegrierte-paedagogik\/\">Weiterlesen <span class=\"meta-nav\">&rarr;<\/span><\/a><\/p>\n","protected":false},"author":1,"featured_media":0,"parent":13,"menu_order":0,"comment_status":"closed","ping_status":"closed","template":"","meta":{"ngg_post_thumbnail":0,"footnotes":""},"class_list":["post-1498","page","type-page","status-publish","hentry"],"_links":{"self":[{"href":"https:\/\/hundeschule-teamwork.com\/angebote\/wp-json\/wp\/v2\/pages\/1498","targetHints":{"allow":["GET"]}}],"collection":[{"href":"https:\/\/hundeschule-teamwork.com\/angebote\/wp-json\/wp\/v2\/pages"}],"about":[{"href":"https:\/\/hundeschule-teamwork.com\/angebote\/wp-json\/wp\/v2\/types\/page"}],"author":[{"embeddable":true,"href":"https:\/\/hundeschule-teamwork.com\/angebote\/wp-json\/wp\/v2\/users\/1"}],"replies":[{"embeddable":true,"href":"https:\/\/hundeschule-teamwork.com\/angebote\/wp-json\/wp\/v2\/comments?post=1498"}],"version-history":[{"count":25,"href":"https:\/\/hundeschule-teamwork.com\/angebote\/wp-json\/wp\/v2\/pages\/1498\/revisions"}],"predecessor-version":[{"id":4124,"href":"https:\/\/hundeschule-teamwork.com\/angebote\/wp-json\/wp\/v2\/pages\/1498\/revisions\/4124"}],"up":[{"embeddable":true,"href":"https:\/\/hundeschule-teamwork.com\/angebote\/wp-json\/wp\/v2\/pages\/13"}],"wp:attachment":[{"href":"https:\/\/hundeschule-teamwork.com\/angebote\/wp-json\/wp\/v2\/media?parent=1498"}],"curies":[{"name":"wp","href":"https:\/\/api.w.org\/{rel}","templated":true}]}}