{"id":1508,"date":"2016-06-15T13:19:31","date_gmt":"2016-06-15T11:19:31","guid":{"rendered":"http:\/\/hundeschule-teamwork.com\/angebote\/?page_id=1508"},"modified":"2024-12-08T21:27:47","modified_gmt":"2024-12-08T19:27:47","slug":"welpenkurs","status":"publish","type":"page","link":"https:\/\/hundeschule-teamwork.com\/angebote\/termine\/termine-anke\/welpenkurs\/","title":{"rendered":"Welpenkurs"},"content":{"rendered":"<div>\n<p><strong>Der Welpe zieht ein&nbsp; &#8211; ein guter Start von Anfang an<\/strong><\/p>\n<p>Unser Schulungs- und Sozialisierungs-Paket f\u00fcr Menschen mit ihrem Welpen umfasst<\/p>\n<\/div>\n<p>3 Einzeltrainings (1. Einzeltraining 60 Minuten, 2. und 3. Einzeltraining jeweils 45 Minuten)<\/p>\n<p>und 4 Gruppentraininigs (jeweils 45 Minuten)<\/p>\n<p>sowie eine Theorie-Powerpoint-Pr\u00e4sentation (im PDF-Format) zu den Themen &#8222;Lernverhalten, Kommunikation, Mensch-Hund-Beziehung&#8220; und weiteres umfangreiches schriftliches Material per e-Mail<\/p>\n<p>Das 1. Einzeltraining (60 Minuten) bildet den Einstieg in das Welpen-Familien-Schulungs-und-Sozialisierungs-Paket und ich zeige in Ruhe, wie der Heranruf St\u00fcck f\u00fcr St\u00fcck aufgebaut wird und wie der Welpe kleinschrittig lernen kann, gerne an lockerer Leine mit seinem Menschen\/seiner Familie unterwegs zu sein. Anfangs sollten die Trainingsphasen und die Spazierg\u00e4nge nur kurz sein, damit der Welpe nicht \u00fcberfordert wird. Unser Welpe braucht auch tags\u00fcber Ruhephasen, in denen er das Gelernte und auch die wahrgenommenen Umweltreize in Ruhe verarbeiten kann. Wie der Alltag mit dem Welpen in der Familie am sinnreichsten gestaltet werden kann (z.B. Stichworte Aktivit\u00e4tsphasen, Ruhephasen, Stubenreinheit, Umgang mit &#8222;wilden-5-Minuten-Phasen&#8220;, Hochspringen, &#8222;in-die-Hosenbeine-Bei\u00dfen&#8220;, Gelassenheit beim Autofahren,&nbsp; usw.), besprechen wir gern in den Einzeltrainings. Und individiduelle Fragen sind auch immer herzlich willkommen<\/p>\n<p>Ab nach dem 1. Einzeltraining kann das Welpen-Team an Gruppentrainings teilnehmen, die der Sozialisierung und Trainings von Grundsignalen dienen und mal auf unserem Trainingsgel\u00e4nde im Wald Stadtallendorf stattfinden, mal auch in der Stadt stattfinden. Im Gruppentraining lernt der Welpe auch eine \u00fcberschauhbare Anzahl anderer Hunde kennen und auch freie Interaktion ist m\u00f6glich. Wir sind keine klassische Welpen-&#8222;spiel&#8220;-Stunde (zumal in solchen Gruppen Spiel oft verwechselt wird mit Jagen, gejagd-Werden,&nbsp; H\u00fcten, geh\u00fctet-Werden, Mobbing&#8230;), sondern m\u00f6chten dem Welpen auch den Kontakt zu kommunikationserfahrenen Hunden anderer Altersstufen bieten, was f\u00fcr eine gute Sozialisierung mit Artgenossen eine wichtige Wurzel bildet. Dabei k\u00f6nnen sowohl Leinen-Kontakte (auf dem Trainingsgel\u00e4nde Wald Stadtallendorf und in der Stadt) erm\u00f6glicht werden, als auch gut betreute freie-Interaktions-M\u00f6glichkeiten (auf dem eingez\u00e4unten Trainingsgel\u00e4nde Wald Stadtallendorf), wozu wir gern auch Hund-Hund-Kommunikation erkl\u00e4ren und zwischendurch auch wieder zur-Ruhe-Komm-Phasen einplanen.<\/p>\n<p>Die Gruppen-Trainings finden entweder samstags um 10 Uhr oder mittwochs um 16.00 Uhr statt.<\/p>\n<p>Das 2. und 3. Einzeltraining des Welpen-Pakets kann in der Phase, w\u00e4hrend mittwochs oder samstags die Gruppentrainings stattfinden, zeitlich individuell mit mir vereinbart werden oder auch nach den erfolgten 4 Gruppentrainings. Die Welpen-Paket-Karte ist insgesamt 3 Monate ab Start (ab Datum des 1. Einzeltrainings) g\u00fcltig.<\/p>\n<div>\n<p><strong>Preis:<\/strong> 260,00 \u20ac<\/p>\n<p><strong>F\u00fcr die Welpen-Einzeltrainings kontaktieren Sie mich bitte: 0170\/4350394 und die Welpen-Paket-Gruppentrainings kommunizieren wir in einer WhatsAppGruppe (falls kein WhatsApp vorhanden, teile ich sie gern per SMS mit).<br \/>\n<\/strong><\/p>\n<\/div>\n<p><img loading=\"lazy\" decoding=\"async\" class=\"alignleft size-medium wp-image-1706\" src=\"https:\/\/hundeschule-teamwork.com\/angebote\/wp-content\/uploads\/2014\/04\/15007898_1534267796599652_1957218430_o-320x180.jpg\" alt=\"15007898_1534267796599652_1957218430_o\" width=\"320\" height=\"180\" srcset=\"https:\/\/hundeschule-teamwork.com\/angebote\/wp-content\/uploads\/2014\/04\/15007898_1534267796599652_1957218430_o-320x180.jpg 320w, https:\/\/hundeschule-teamwork.com\/angebote\/wp-content\/uploads\/2014\/04\/15007898_1534267796599652_1957218430_o.jpg 448w\" sizes=\"auto, (max-width: 320px) 100vw, 320px\" \/>F\u00fcr das Aufwachsen des Welpen und Junghundes ist uns eine <strong>umfassende Sozialisierung<\/strong> verschiedene Menschen, Orte, Situationen, Hunde und Gegenst\u00e4nde betreffend wichtig.<br \/>\nDabei achten wir insbesondere auf den<strong> entspannten und kleinschrittigen Aufbau der \u00dcbungen<\/strong> und den Wechsel zwischen \u00dcbungen, Freispiel Besch\u00e4ftigung Erkunden und Pausen.<\/p>\n<p>Neben aktiven \u00dcbungen ist uns <strong>theoretischer Input<\/strong> und die <strong>Vermittlung von aktuellen Erkenntnissen zu Hundeverhalten und Erziehungsmethoden<\/strong> wichtig, um die Teilnehmer in einem guten Umgang mit ihrem Welpen, von Anfang an, zu schulen.<\/p>\n<p>Wir sind eine <strong>Familienhundeschule<\/strong>. Lebenspartner und Kinder sind immer herzlich willkommen und k\u00f6nnen sich in verschiedenen \u00dcbungen und Aufgaben gerne einbringen.<img loading=\"lazy\" decoding=\"async\" class=\"alignright wp-image-1709 size-medium\" src=\"https:\/\/hundeschule-teamwork.com\/angebote\/wp-content\/uploads\/2016\/06\/14963534_1113113298784864_1434333227_o-320x427.jpg\" alt=\"14963534_1113113298784864_1434333227_o\" width=\"320\" height=\"427\" srcset=\"https:\/\/hundeschule-teamwork.com\/angebote\/wp-content\/uploads\/2016\/06\/14963534_1113113298784864_1434333227_o-320x427.jpg 320w, https:\/\/hundeschule-teamwork.com\/angebote\/wp-content\/uploads\/2016\/06\/14963534_1113113298784864_1434333227_o-768x1024.jpg 768w, https:\/\/hundeschule-teamwork.com\/angebote\/wp-content\/uploads\/2016\/06\/14963534_1113113298784864_1434333227_o-600x800.jpg 600w, https:\/\/hundeschule-teamwork.com\/angebote\/wp-content\/uploads\/2016\/06\/14963534_1113113298784864_1434333227_o-540x720.jpg 540w, https:\/\/hundeschule-teamwork.com\/angebote\/wp-content\/uploads\/2016\/06\/14963534_1113113298784864_1434333227_o.jpg 1536w\" sizes=\"auto, (max-width: 320px) 100vw, 320px\" \/><\/p>\n<div>\n<p>Alle Utensilien, die zum Welpenkurs mitbebracht werden sollen, sind in der Rubrik \u201c<a title=\"INFOS\" href=\"https:\/\/hundeschule-teamwork.com\/angebote\/info\/\">Infos<\/a>\u201d genannt.&nbsp;<\/p>\n<p><em><strong>F\u00fcr Welpen ab 9 Wochen, Einstieg ist jederzeit m\u00f6glich.<\/strong> Bitte um telefonische Anmeldung vorab 0170\/4350394<br \/>\n<\/em><\/p>\n<\/div>","protected":false},"excerpt":{"rendered":"<p>Der Welpe zieht ein&nbsp; &#8211; ein guter Start von Anfang an Unser Schulungs- und Sozialisierungs-Paket f\u00fcr Menschen mit ihrem Welpen umfasst 3 Einzeltrainings (1. Einzeltraining 60 Minuten, 2. und 3. Einzeltraining jeweils 45 Minuten) und 4 Gruppentraininigs (jeweils 45 Minuten) &hellip; <a href=\"https:\/\/hundeschule-teamwork.com\/angebote\/termine\/termine-anke\/welpenkurs\/\">Weiterlesen <span class=\"meta-nav\">&rarr;<\/span><\/a><\/p>\n","protected":false},"author":1,"featured_media":0,"parent":381,"menu_order":0,"comment_status":"closed","ping_status":"closed","template":"","meta":{"ngg_post_thumbnail":0,"footnotes":""},"class_list":["post-1508","page","type-page","status-publish","hentry"],"_links":{"self":[{"href":"https:\/\/hundeschule-teamwork.com\/angebote\/wp-json\/wp\/v2\/pages\/1508","targetHints":{"allow":["GET"]}}],"collection":[{"href":"https:\/\/hundeschule-teamwork.com\/angebote\/wp-json\/wp\/v2\/pages"}],"about":[{"href":"https:\/\/hundeschule-teamwork.com\/angebote\/wp-json\/wp\/v2\/types\/page"}],"author":[{"embeddable":true,"href":"https:\/\/hundeschule-teamwork.com\/angebote\/wp-json\/wp\/v2\/users\/1"}],"replies":[{"embeddable":true,"href":"https:\/\/hundeschule-teamwork.com\/angebote\/wp-json\/wp\/v2\/comments?post=1508"}],"version-history":[{"count":106,"href":"https:\/\/hundeschule-teamwork.com\/angebote\/wp-json\/wp\/v2\/pages\/1508\/revisions"}],"predecessor-version":[{"id":5051,"href":"https:\/\/hundeschule-teamwork.com\/angebote\/wp-json\/wp\/v2\/pages\/1508\/revisions\/5051"}],"up":[{"embeddable":true,"href":"https:\/\/hundeschule-teamwork.com\/angebote\/wp-json\/wp\/v2\/pages\/381"}],"wp:attachment":[{"href":"https:\/\/hundeschule-teamwork.com\/angebote\/wp-json\/wp\/v2\/media?parent=1508"}],"curies":[{"name":"wp","href":"https:\/\/api.w.org\/{rel}","templated":true}]}}