{"id":151,"date":"2014-03-23T03:49:32","date_gmt":"2014-03-23T01:49:32","guid":{"rendered":"http:\/\/hundeschule-teamwork.com\/angebote\/?page_id=151"},"modified":"2019-01-17T14:33:42","modified_gmt":"2019-01-17T12:33:42","slug":"brustgeschirr-oder-halsband-was-wann","status":"publish","type":"page","link":"https:\/\/hundeschule-teamwork.com\/angebote\/info\/brustgeschirr-oder-halsband-was-wann\/","title":{"rendered":"Brustgeschirr oder Halsband? Was wann?"},"content":{"rendered":"<h3>Welche Halsung ist f\u00fcr Hunde zu empfehlen?<\/h3>\n<h3>BRUSTGESCHIRR:<\/h3>\n<p><strong>Ich m\u00f6chte Ihnen nachfolgend die Fakten nennen, die f\u00fcr ein Brustgeschirr sprechen<\/strong><\/p>\n<h4>1.) Physiologische Gr\u00fcnde<\/h4>\n<p>1.) Die Wirbels\u00e4ule des Hundes ist im Prinzip genauso empfindlich, wie die des Menschen. Auch wenn man den Hund nicht \u00fcber Leinenruck ausbildet (<em>diese Methode ist gl\u00fccklicherweise seit Jahren \u00fcberholt<\/em>), l\u00e4uft der Hund Gefahr, immer mal wieder in die Leine zu laufen (<em>z.B. wenn er einen anderen Hund sieht, wenn eine Katze wegrennt, usw.<\/em>).<br \/>\nJedes mal erf\u00e4hrt er dadurch einen Ruck im Halsbereich.<\/p>\n<p>Am schlimmsten ist es, wenn das Halsband sehr d\u00fcnn ist, so dass durch das Halsband nicht zwei Wirbel gleichzeitig abgedeckt sind.<br \/>\nDer Gebrauch eines solchen Halsbandes kann zu Sch\u00e4digungen an der Wirbels\u00e4ule f\u00fchren.<br \/>\nAber auch Halsb\u00e4nder mit &#8222;normaler&#8220; Breite k\u00f6nnen zu Sch\u00e4digungen der Wirbels\u00e4ule und\/oder zu Sch\u00e4digungen oder Verspannungen des Muskelapparates sowie zu Schmerzen f\u00fchren.<\/p>\n<h4>2.) Psychosoziale Gr\u00fcnde<\/h4>\n<p><strong>Die gesamte Halsregion des Hundes hat eine starke kommunikative Bedeutung im psychosozialen Bereich:<\/strong><\/p>\n<p>Die beiden seitlichen Halspartien dienen dem Ausdruck von Freundschaft und Vertrautheit von Hundeindividuen. Das \u00e4u\u00dfert sich z.B. durch gegenseitige K\u00f6rperpflege in diesen Bereichen oder durch das sanfte Spielaufforderungs-Knaffen in diese Bereiche. Der Nacken und die Kehle des Hundes dienen zur Kl\u00e4rung der \u00dcber- oder Unterlegenheit in der jeweiligen Situation. Man sieht z.B. h\u00e4ufig, dass ein Hund dem anderen in der sogenannten T-Stellung die Kehle auf den Nacken legt (<em>Ausdruck der \u00dcberlegenheit<\/em>). Oder wenn sich ein Hund einem anderen Hund unterwirft, bietet er ihm die Kehle (<em>Ausdruck der Unterlegenheit<\/em>).<\/p>\n<p>Doch weder beim Auflegen der Kehle auf den Nacken, noch beim Darbieten der Kehle als Unterwerfungsgeste wird der Halsbereich grob angetastet. Diese Gesten werden mit keiner oder mit sehr geringen Ber\u00fchrungen der Hunde untereinander ausgetauscht und haben auf diese Weise ihre gro\u00dfe kommunikative Wirkung. Die F\u00e4lle, in denen Hunde, die zu der Gruppe der Caniden geh\u00f6ren, den Halsbereich eines anderen Tieres stark ber\u00fchren und greifen, ist im Zusammenhang mit Beutetieren, wenn sie diese packen und totsch\u00fctteln. W\u00fcrden Hunde untereinander dieses Verhalten zeigen, w\u00e4re dies asoziales Verhalten.<\/p>\n<p>Durch das F\u00fchren eines Hundes im Halsband bekommt der Hund sehr oft Impulse im Halsbereich (<em>wie gesagt, auch wenn man nicht \u00fcber den Leinenruck arbeitet<\/em>), so dass es f\u00fcr ihn zun\u00e4chst einmal eine permanente Signal\u00fcberflutung im Halsbereich bedeutet. Da diese empfangenen Signale von ihm bedeutungsm\u00e4\u00dfig nicht zugeordnet werden k\u00f6nnen, stumpft seine Empf\u00e4nglichkeit f\u00fcr Signale im Halsbereich weiter ab.<\/p>\n<p>Das kann dazu f\u00fchren, dass Hunde, je nach Veranlagung, zu \u00e4ngstlichem oder zu aggressivem Verhalten neigen.<\/p>\n<p>Das Brustgeschirr ist kein Hilfsmittel, um dem Hund das Ziehen an der Leine abzugew\u00f6hnen. Es gibt zwar Hunde, die, wenn sie anstatt des gewohnten Halsbandes ein Brustgeschirr angezogen bekommen, von sich aus nicht mehr an der Leine ziehen, doch das Geschirr ist kein Garant daf\u00fcr, dass ein Hund nicht (<em>mehr<\/em>) an der Leine zieht.<\/p>\n<p>Ein Hund kann sich das Ziehen sowohl im Halsband, als auch im Brustgeschirr angew\u00f6hnen. Ich habe einen Hund kennen gelernt, der seine Besitzer im Stachelw\u00fcrger davon zog. Ob ein Hund zieht, oder nicht, hat etwas mit Lernverhalten zu tun und zwar, ob der Hund gelernt hat, durch Ziehen von Ort A nach Ort B zu kommen.<br \/>\nJe \u00f6fter ihm das gelingt, umso mehr wird das Ziehen belohnt und umso verst\u00e4rkter wird es gezeigt.<\/p>\n<p>Wir \u00fcben in der Hundeschule das Laufen an lockerer Leine basierend auf einem konsequenten Lernverhalten, so, wie es auch in dem Buch <strong>&#8222;Hilfe mein Hund zieht&#8220;<\/strong> von <em>Turid Rugaas<\/em>, erschienen im <em>animal learn Verlag<\/em>, beschrieben steht. Mit dieser Methode haben wir auch erwachsenen und gro\u00dfen Hunden, die seit Jahren starkes Ziehen an der Leine praktiziert haben, das Ziehen erfolgreich abgew\u00f6hnt.<\/p>\n<h3>BREITES, BEQUEMES HALSBAND:<\/h3>\n<p>Bei l\u00e4ngeren Spazierg\u00e4ngen und Wanderungen, in Gebieten, in denen der Hund meist ohne Leine laufen kann, ist es oft angenehmer f\u00fcr den Hund im Halsband zu laufen. Der Hund kann sich in Pausen beim Liegen bequemer &#8222;eindrehen&#8220; und es ist nicht so viel &#8222;Material&#8220; am Hund, das na\u00df und dadurch schwer werden kann, wenn es regnet.<\/p>\n<h3>WICHTIGE GRUNDREGEL:<\/h3>\n<p>Egal, ob Sie Ihren Hund im Brustgeschirr oder im Halsband f\u00fchren, beachten Sie bitte, Richtungs\u00e4nderungen, Verlangsamung oder Verschnellerung des Lauftempos oder sonstige \u00c4nderungen, die Sie gerade beim Laufen an der Leine mit ihrem Hund durchf\u00fchren m\u00f6chten, \u00fcber K o m m u n i k a t i o n (<em>Signalwort und Geste<\/em>) dem Hund anzuzeigen und nicht dadurch, dass er hinter seinem Besitzer her- oder um eine Kurve herum gezogen wird.<\/p>\n<p><strong>Und noch eine weitere wichtige Info:<\/strong><\/p>\n<p>Wie oben beschrieben, empfehlen wir Brustgeschirr (<em>oder ein breites, bequemes Halsband<\/em>). Da wir gewaltfrei arbeiten, bitten wir, folgende Halsb\u00e4nder nicht zu verwenden: Stromhalsband, Stachelw\u00fcrger, Endlosw\u00fcrger, Cesar-Millan-Halsband, Achselgeschirr.<\/p>\n<p>In besonderen Ausnahmef\u00e4llen kann ein Halti verwendet werden, das aber nur nach sorgf\u00e4ltiger R\u00fccksprache mit uns. Im Allgemeinen raten wir auch von einem Halti (<em>Kopfhalfter<\/em>) ab.<\/p>\n<p>Daher bitten wir Sie, zum Training (<strong><em>und auch privat!<\/em><\/strong>), die direkt hier\u00fcber genannten Halsb\u00e4nder nicht zu verwenden.<\/p>\n<p><strong>Empfehlenswert ist, wie ganz oben beschrieben, ein gut sitzendes Brustgeschirr (<em>oder f\u00fcr manche Situationen, siehe genauere Beschreibung jeweils oben<\/em>) ein bequemes, breites Halsband.<\/strong><\/p>\n<p>Bei der Wahl des Brustgeschirrs schauen Sie bitte nach einem sogenannten Y-Geschirr und bei Angsthunden bitte unbedingt nach einem ausbruchsicherem Sicherheitsgeschirr. Nach Forschungsergebnissen der<i> Jenaer Studie \u00fcber den Gangapparat bzw. das Bewegungsverhalten von Hunden <\/i>(Prof. Dr. Martin S. Fischer) wird von sogenannten &#8222;Norweger-Geschirren&#8220; abgeraten. Bei Norweger-Geschirren geht ein Geschirr-Gurt vorne um die Brust des Hundes herum und f\u00fchrt \u00fcber beide Schulterbl\u00e4tter seitlich nach hinten. Eine solche Gurt-F\u00fchrung schr\u00e4nkt die nat\u00fcrlichen Bewegungsabl\u00e4ufe des Hundes, die&nbsp; stark \u00fcber Bewegungen im Schulterapparat angetrieben sind,&nbsp; erheblich ein und kann zu St\u00f6rungen des Gangbildes f\u00fchren.&nbsp; Diese und weitere Details zur Fein-Anpassung eines guten Y-Brustgeschirrs k\u00f6nnen Sie hier weiterlesen: <a href=\"https:\/\/www.wuff.eu\/wp\/brustgeschirre-%C2%ADumdenken-erforderlich\/\" target=\"_blank\" rel=\"noopener\">https:\/\/www.wuff.eu\/wp\/brustgeschirre-%C2%ADumdenken-erforderlich\/<\/a><\/p>","protected":false},"excerpt":{"rendered":"<p>Welche Halsung ist f\u00fcr Hunde zu empfehlen? BRUSTGESCHIRR: Ich m\u00f6chte Ihnen nachfolgend die Fakten nennen, die f\u00fcr ein Brustgeschirr sprechen 1.) Physiologische Gr\u00fcnde 1.) Die Wirbels\u00e4ule des Hundes ist im Prinzip genauso empfindlich, wie die des Menschen. Auch wenn man &hellip; <a href=\"https:\/\/hundeschule-teamwork.com\/angebote\/info\/brustgeschirr-oder-halsband-was-wann\/\">Weiterlesen <span class=\"meta-nav\">&rarr;<\/span><\/a><\/p>\n","protected":false},"author":1,"featured_media":0,"parent":27,"menu_order":3,"comment_status":"closed","ping_status":"closed","template":"","meta":{"ngg_post_thumbnail":0,"footnotes":""},"class_list":["post-151","page","type-page","status-publish","hentry"],"_links":{"self":[{"href":"https:\/\/hundeschule-teamwork.com\/angebote\/wp-json\/wp\/v2\/pages\/151","targetHints":{"allow":["GET"]}}],"collection":[{"href":"https:\/\/hundeschule-teamwork.com\/angebote\/wp-json\/wp\/v2\/pages"}],"about":[{"href":"https:\/\/hundeschule-teamwork.com\/angebote\/wp-json\/wp\/v2\/types\/page"}],"author":[{"embeddable":true,"href":"https:\/\/hundeschule-teamwork.com\/angebote\/wp-json\/wp\/v2\/users\/1"}],"replies":[{"embeddable":true,"href":"https:\/\/hundeschule-teamwork.com\/angebote\/wp-json\/wp\/v2\/comments?post=151"}],"version-history":[{"count":13,"href":"https:\/\/hundeschule-teamwork.com\/angebote\/wp-json\/wp\/v2\/pages\/151\/revisions"}],"predecessor-version":[{"id":4060,"href":"https:\/\/hundeschule-teamwork.com\/angebote\/wp-json\/wp\/v2\/pages\/151\/revisions\/4060"}],"up":[{"embeddable":true,"href":"https:\/\/hundeschule-teamwork.com\/angebote\/wp-json\/wp\/v2\/pages\/27"}],"wp:attachment":[{"href":"https:\/\/hundeschule-teamwork.com\/angebote\/wp-json\/wp\/v2\/media?parent=151"}],"curies":[{"name":"wp","href":"https:\/\/api.w.org\/{rel}","templated":true}]}}