{"id":1524,"date":"2016-06-15T13:49:26","date_gmt":"2016-06-15T11:49:26","guid":{"rendered":"http:\/\/hundeschule-teamwork.com\/angebote\/?page_id=1524"},"modified":"2020-04-21T13:09:53","modified_gmt":"2020-04-21T11:09:53","slug":"social-walk","status":"publish","type":"page","link":"https:\/\/hundeschule-teamwork.com\/angebote\/termine\/termine-anke\/social-walk\/","title":{"rendered":"Social Walk"},"content":{"rendered":"<p>Bei Social Walk \u00fcben wir gelassenes Laufen an der Leine in Gegenwart anderer Hunde und Menschen und streuen hie und da ein paar kreative \u00dcbungen aus dem Bereich Nasenarbeit und Grunderziehung ein. Dieses Angebot ist offen f\u00fcr alle Mensch-Hund-Teams aus laufenden Kursen der Hundeschule Teamwork. Neueinsteiger k\u00f6nnen nach zwei Einzeltrainings bei den Social Walks mitmachen. Gern kann ich Ihre Handy-Nr. dann auch in unsere unverbindliche Social Walk WhatsAppGruppe integrieren. Bitte melden Sie sich einfach bei mir f\u00fcr eine Terminvereinbarung.<\/p>\n<p><a name=\"mantrail\"><\/a><\/p>\n<p><strong>Die aktuellen Termine erfragen Sie bitte bei Anke 0170\/4350394<br \/>\n<\/strong><\/p>\n<p>Herzlich gern k\u00f6nnen Sie sich auch in die <strong>Social Walk &#8211; WhatsAppGruppe<\/strong> einf\u00fcgen lassen. In der WhatsAppGruppe werden auch regelm\u00e4\u00dfig aktuelle Termine vereinbart bzw. ver\u00f6ffentlicht.<\/p>\n<p>Weitere Termine machen wir in unserer Social Walk &#8211; WhatsAppGruppe aus: Bei Interesse wenden Sie sich an Anke Rochelt, Tel. 0170\/4350394.<\/p>\n<p><strong>Kosten:<\/strong> 14 Euro (bei Mehrhundehaltung f\u00fcr jeden weiteren Hund 7 Euro)<\/p>\n<p><a name=\"mantrail\"><\/a><\/p>\n<p>Was zum Social Walk mitzubringen ist, steht hier auf der Website in der Rubrik &#8222;Infos&#8220;, &#8222;Zum Training mitbringen&#8220;. Bitte neben vielen kleinen besonders leckeren Leckerlis und Leberwurst-Tube auch Wasser und Wassernapf f\u00fcr unterwegs f\u00fcr den eigenen Hund mitbringen.<\/p>\n<p><a name=\"mantrail\"><\/a><\/p>","protected":false},"excerpt":{"rendered":"<p>Bei Social Walk \u00fcben wir gelassenes Laufen an der Leine in Gegenwart anderer Hunde und Menschen und streuen hie und da ein paar kreative \u00dcbungen aus dem Bereich Nasenarbeit und Grunderziehung ein. Dieses Angebot ist offen f\u00fcr alle Mensch-Hund-Teams aus &hellip; <a href=\"https:\/\/hundeschule-teamwork.com\/angebote\/termine\/termine-anke\/social-walk\/\">Weiterlesen <span class=\"meta-nav\">&rarr;<\/span><\/a><\/p>\n","protected":false},"author":1,"featured_media":0,"parent":381,"menu_order":0,"comment_status":"closed","ping_status":"closed","template":"","meta":{"ngg_post_thumbnail":0,"footnotes":""},"class_list":["post-1524","page","type-page","status-publish","hentry"],"_links":{"self":[{"href":"https:\/\/hundeschule-teamwork.com\/angebote\/wp-json\/wp\/v2\/pages\/1524","targetHints":{"allow":["GET"]}}],"collection":[{"href":"https:\/\/hundeschule-teamwork.com\/angebote\/wp-json\/wp\/v2\/pages"}],"about":[{"href":"https:\/\/hundeschule-teamwork.com\/angebote\/wp-json\/wp\/v2\/types\/page"}],"author":[{"embeddable":true,"href":"https:\/\/hundeschule-teamwork.com\/angebote\/wp-json\/wp\/v2\/users\/1"}],"replies":[{"embeddable":true,"href":"https:\/\/hundeschule-teamwork.com\/angebote\/wp-json\/wp\/v2\/comments?post=1524"}],"version-history":[{"count":61,"href":"https:\/\/hundeschule-teamwork.com\/angebote\/wp-json\/wp\/v2\/pages\/1524\/revisions"}],"predecessor-version":[{"id":4490,"href":"https:\/\/hundeschule-teamwork.com\/angebote\/wp-json\/wp\/v2\/pages\/1524\/revisions\/4490"}],"up":[{"embeddable":true,"href":"https:\/\/hundeschule-teamwork.com\/angebote\/wp-json\/wp\/v2\/pages\/381"}],"wp:attachment":[{"href":"https:\/\/hundeschule-teamwork.com\/angebote\/wp-json\/wp\/v2\/media?parent=1524"}],"curies":[{"name":"wp","href":"https:\/\/api.w.org\/{rel}","templated":true}]}}