{"id":153,"date":"2014-03-23T03:52:06","date_gmt":"2014-03-23T01:52:06","guid":{"rendered":"http:\/\/hundeschule-teamwork.com\/angebote\/?page_id=153"},"modified":"2024-12-08T21:41:23","modified_gmt":"2024-12-08T19:41:23","slug":"anfahrtsbeschreibungen","status":"publish","type":"page","link":"https:\/\/hundeschule-teamwork.com\/angebote\/info\/anfahrtsbeschreibungen\/","title":{"rendered":"Anfahrtsbeschreibungen"},"content":{"rendered":"<p>&gt;&gt;<a title=\"Anfahrtsbeschreibung Hundeschule\" href=\"https:\/\/hundeschule-teamwork.com\/angebote\/Anfahrt_Hundeschule.pdf\" target=\"_blank\" rel=\"noopener noreferrer\">TRAININGS- UND BERATUNGSRAUM IM EULENWEG 16 IN STADTALLENDORF<\/a><\/p>\n<p>Google Maps mit <a title=\"Routenplaner\" href=\"https:\/\/www.google.de\/maps\/dir\/\/HUNDESCHULE+TEAMWORK,+Eulenweg+16,+35260+Stadtallendorf\/@50.8286787,8.9590499,12z\/data=!3m1!4b1!4m8!4m7!1m0!1m5!1m1!1s0x47bc907575b93395:0xf34a09344519a142!2m2!1d9.032866!2d50.828702?hl=de\" target=\"_blank\" rel=\"noopener noreferrer\">Routenplaner<\/a><\/p>\n<p><iframe loading=\"lazy\" src=\"https:\/\/maps.google.de\/maps\/ms?msid=207217928822598108296.0004f703bd67d342916d3&amp;msa=0&amp;ie=UTF8&amp;t=h&amp;ll=50.829456,9.032865&amp;spn=0.008688,0.026157&amp;output=embed\" width=\"640\" height=\"430\" frameborder=\"0\" marginwidth=\"0\" marginheight=\"0\" scrolling=\"no\"><\/iframe><\/p>\n<p>********************************************************************************************<\/p>\n<p><strong><span style=\"color: #333399;\">TRAININGSGEL\u00c4NDE WALD STADTALLENDORF<\/span><\/strong><\/p>\n<p>Das Trainingsgel\u00e4nde Wald Stadtallendorf befindet sich ganz in der N\u00e4he des Industriegebietes Nord-Ost-Stadtallendorf und neben den (im Bau befindlichen) Autobahn-Auffahrten auf die A49. Ein Anfahrt-Video sende ich gern auf Wunsch zu.<\/p>\n<p><img loading=\"lazy\" decoding=\"async\" class=\"alignleft size-large wp-image-1653\" src=\"https:\/\/hundeschule-teamwork.com\/angebote\/wp-content\/uploads\/2014\/03\/Stadtallendorf_Waldgel\u00e4nde-1024x732.jpg\" alt=\"Stadtallendorf_Waldgel\u00e4nde\" width=\"680\" height=\"486\" srcset=\"https:\/\/hundeschule-teamwork.com\/angebote\/wp-content\/uploads\/2014\/03\/Stadtallendorf_Waldgel\u00e4nde-1024x732.jpg 1024w, https:\/\/hundeschule-teamwork.com\/angebote\/wp-content\/uploads\/2014\/03\/Stadtallendorf_Waldgel\u00e4nde-320x229.jpg 320w, https:\/\/hundeschule-teamwork.com\/angebote\/wp-content\/uploads\/2014\/03\/Stadtallendorf_Waldgel\u00e4nde-768x549.jpg 768w, https:\/\/hundeschule-teamwork.com\/angebote\/wp-content\/uploads\/2014\/03\/Stadtallendorf_Waldgel\u00e4nde-600x429.jpg 600w, https:\/\/hundeschule-teamwork.com\/angebote\/wp-content\/uploads\/2014\/03\/Stadtallendorf_Waldgel\u00e4nde-540x386.jpg 540w, https:\/\/hundeschule-teamwork.com\/angebote\/wp-content\/uploads\/2014\/03\/Stadtallendorf_Waldgel\u00e4nde.jpg 1280w\" sizes=\"auto, (max-width: 680px) 100vw, 680px\" \/><\/p>\n<p>&nbsp;<\/p>\n<p>&nbsp;<\/p>\n<p>&nbsp;<\/p>\n<p>&nbsp;<\/p>\n<p>&nbsp;<\/p>\n<p>********************************************************************************************<\/p>\n<p>&nbsp;<\/p>\n<p>&nbsp;<\/p>","protected":false},"excerpt":{"rendered":"<p>&gt;&gt;TRAININGS- UND BERATUNGSRAUM IM EULENWEG 16 IN STADTALLENDORF Google Maps mit Routenplaner ******************************************************************************************** TRAININGSGEL\u00c4NDE WALD STADTALLENDORF Das Trainingsgel\u00e4nde Wald Stadtallendorf befindet sich ganz in der N\u00e4he des Industriegebietes Nord-Ost-Stadtallendorf und neben den (im Bau befindlichen) Autobahn-Auffahrten auf die A49. Ein &hellip; <a href=\"https:\/\/hundeschule-teamwork.com\/angebote\/info\/anfahrtsbeschreibungen\/\">Weiterlesen <span class=\"meta-nav\">&rarr;<\/span><\/a><\/p>\n","protected":false},"author":1,"featured_media":0,"parent":27,"menu_order":5,"comment_status":"closed","ping_status":"closed","template":"","meta":{"ngg_post_thumbnail":0,"footnotes":""},"class_list":["post-153","page","type-page","status-publish","hentry"],"_links":{"self":[{"href":"https:\/\/hundeschule-teamwork.com\/angebote\/wp-json\/wp\/v2\/pages\/153","targetHints":{"allow":["GET"]}}],"collection":[{"href":"https:\/\/hundeschule-teamwork.com\/angebote\/wp-json\/wp\/v2\/pages"}],"about":[{"href":"https:\/\/hundeschule-teamwork.com\/angebote\/wp-json\/wp\/v2\/types\/page"}],"author":[{"embeddable":true,"href":"https:\/\/hundeschule-teamwork.com\/angebote\/wp-json\/wp\/v2\/users\/1"}],"replies":[{"embeddable":true,"href":"https:\/\/hundeschule-teamwork.com\/angebote\/wp-json\/wp\/v2\/comments?post=153"}],"version-history":[{"count":23,"href":"https:\/\/hundeschule-teamwork.com\/angebote\/wp-json\/wp\/v2\/pages\/153\/revisions"}],"predecessor-version":[{"id":5054,"href":"https:\/\/hundeschule-teamwork.com\/angebote\/wp-json\/wp\/v2\/pages\/153\/revisions\/5054"}],"up":[{"embeddable":true,"href":"https:\/\/hundeschule-teamwork.com\/angebote\/wp-json\/wp\/v2\/pages\/27"}],"wp:attachment":[{"href":"https:\/\/hundeschule-teamwork.com\/angebote\/wp-json\/wp\/v2\/media?parent=153"}],"curies":[{"name":"wp","href":"https:\/\/api.w.org\/{rel}","templated":true}]}}