{"id":20,"date":"2014-01-06T17:42:46","date_gmt":"2014-01-06T15:42:46","guid":{"rendered":"http:\/\/hundeschule-teamwork.com\/angebote\/?page_id=20"},"modified":"2014-04-01T19:56:09","modified_gmt":"2014-04-01T17:56:09","slug":"philosophie","status":"publish","type":"page","link":"https:\/\/hundeschule-teamwork.com\/angebote\/philosophie\/","title":{"rendered":"PHILOSOPHIE"},"content":{"rendered":"<h2>Philosophie &amp; Arbeitsweise<\/h2>\n<div style=\"background-image: url('https:\/\/hundeschule-teamwork.com\/angebote\/philosophie_bg.jpg');\">\n<p>&nbsp;<\/p>\n<ul>\n<li>Gewaltfreie und ganzheitliche Ausbildung f\u00fcr Mensch und Hund<\/li>\n<li>F\u00f6rderung der Kommunikation und des gegenseitigen Verstehens zwischen Mensch und Hund<\/li>\n<li>Nachhaltiges Lernen \u00fcber Motivation und positive Verst\u00e4rkung<\/li>\n<li>Artgem\u00e4\u00dfer Umgang mit Hunden unter Ber\u00fccksichtigung der neuesten Erkenntnisse aus der Verhaltensforschung durch st\u00e4ndige Weiterbildung<\/li>\n<li>Differenziertes Beobachten und Kennenlernen der Kommunikationsformen der Hunde untereinander<\/li>\n<li>Bewu\u00dftwerden und Reflexion der eigenen K\u00f6rpersprache und verbaler Kommunikation gegen\u00fcber dem Hund, damit ein gr\u00f6\u00dftm\u00f6gliches Ma\u00df an Klarheit, Achtsamkeit und Konsequenz im Umgang mit dem Hund m\u00f6glich ist.<\/li>\n<li>In der Verhaltenstherapie arbeiten wir in differenzierter Weise an den Ursachen der Probleme und nicht mit aversiven Mitteln an den Symptomen<\/li>\n<li>Uns ist ein stressarmes Lernen f\u00fcr Mensch und Hund in angenehmer und freundlicher Atmosph\u00e4re sehr wichtig, denn das ist ein Grundstein f\u00fcr die Entwicklung einer Mensch-Hund-Beziehung voller Vertrauen und Achtsamkeit f\u00fcreinander!<\/li>\n<li>&#8222;Gewalt bewirkt niemals etwas Gutes, weder bei Menschen, noch bei Hunden.&#8220; (Turid Rugaas)<\/li>\n<\/ul>\n<p>&nbsp;<\/p>\n<\/div>","protected":false},"excerpt":{"rendered":"<p>Philosophie &amp; Arbeitsweise &nbsp; Gewaltfreie und ganzheitliche Ausbildung f\u00fcr Mensch und Hund F\u00f6rderung der Kommunikation und des gegenseitigen Verstehens zwischen Mensch und Hund Nachhaltiges Lernen \u00fcber Motivation und positive Verst\u00e4rkung Artgem\u00e4\u00dfer Umgang mit Hunden unter Ber\u00fccksichtigung der neuesten Erkenntnisse aus &hellip; <a href=\"https:\/\/hundeschule-teamwork.com\/angebote\/philosophie\/\">Weiterlesen <span class=\"meta-nav\">&rarr;<\/span><\/a><\/p>\n","protected":false},"author":1,"featured_media":0,"parent":0,"menu_order":0,"comment_status":"closed","ping_status":"closed","template":"","meta":{"ngg_post_thumbnail":0,"footnotes":""},"class_list":["post-20","page","type-page","status-publish","hentry"],"_links":{"self":[{"href":"https:\/\/hundeschule-teamwork.com\/angebote\/wp-json\/wp\/v2\/pages\/20","targetHints":{"allow":["GET"]}}],"collection":[{"href":"https:\/\/hundeschule-teamwork.com\/angebote\/wp-json\/wp\/v2\/pages"}],"about":[{"href":"https:\/\/hundeschule-teamwork.com\/angebote\/wp-json\/wp\/v2\/types\/page"}],"author":[{"embeddable":true,"href":"https:\/\/hundeschule-teamwork.com\/angebote\/wp-json\/wp\/v2\/users\/1"}],"replies":[{"embeddable":true,"href":"https:\/\/hundeschule-teamwork.com\/angebote\/wp-json\/wp\/v2\/comments?post=20"}],"version-history":[{"count":11,"href":"https:\/\/hundeschule-teamwork.com\/angebote\/wp-json\/wp\/v2\/pages\/20\/revisions"}],"predecessor-version":[{"id":407,"href":"https:\/\/hundeschule-teamwork.com\/angebote\/wp-json\/wp\/v2\/pages\/20\/revisions\/407"}],"wp:attachment":[{"href":"https:\/\/hundeschule-teamwork.com\/angebote\/wp-json\/wp\/v2\/media?parent=20"}],"curies":[{"name":"wp","href":"https:\/\/api.w.org\/{rel}","templated":true}]}}