{"id":2214,"date":"2017-04-20T14:55:48","date_gmt":"2017-04-20T12:55:48","guid":{"rendered":"http:\/\/hundeschule-teamwork.com\/angebote\/?page_id=2214"},"modified":"2017-04-20T15:00:40","modified_gmt":"2017-04-20T13:00:40","slug":"gulahund","status":"publish","type":"page","link":"https:\/\/hundeschule-teamwork.com\/angebote\/info\/mehr-wissen-ueber-hunde\/gulahund\/","title":{"rendered":"Gulahund"},"content":{"rendered":"<p>Bei der Aktion \u201eGelber Hund\u201c oder auch \u201egulahund\u201c geht es darum, dass Hunde die krank, alt, \u00e4ngstlich, unvertr\u00e4glich oder\/und im Training sind, also Hunde die keinen n\u00e4heren Kontakt zu anderen Menschen und Hunden m\u00f6chten, aus welchem Grund auch immer, ihren Freiraum erhalten. Damit es f\u00fcr alle ersichtlich ist, werden diese Hunde mit etwas Gelbem, einem Halstuch oder einer Schleife an Geschirr oder Leine gekennzeichnet. Wir m\u00f6chten helfen, diese Aktion zu verbreiten, damit m\u00f6glichst viele Menschen dar\u00fcber Bescheid wissen und somit der Gelbe Hund auch gesehen und respektiert wird.<\/p>\n<p><u>Wenn ihr mehr \u00fcber die Aktion erfahren m\u00f6chtet schaut Euch gerne auf der Homepage der Aktion um:<\/u> <a href=\"http:\/\/www.gulahund.de\/\">http:\/\/www.gulahund.de\/<\/a><\/p>","protected":false},"excerpt":{"rendered":"<p>Bei der Aktion \u201eGelber Hund\u201c oder auch \u201egulahund\u201c geht es darum, dass Hunde die krank, alt, \u00e4ngstlich, unvertr\u00e4glich oder\/und im Training sind, also Hunde die keinen n\u00e4heren Kontakt zu anderen Menschen und Hunden m\u00f6chten, aus welchem Grund auch immer, ihren &hellip; <a href=\"https:\/\/hundeschule-teamwork.com\/angebote\/info\/mehr-wissen-ueber-hunde\/gulahund\/\">Weiterlesen <span class=\"meta-nav\">&rarr;<\/span><\/a><\/p>\n","protected":false},"author":1,"featured_media":0,"parent":1472,"menu_order":0,"comment_status":"closed","ping_status":"closed","template":"","meta":{"ngg_post_thumbnail":0,"footnotes":""},"class_list":["post-2214","page","type-page","status-publish","hentry"],"_links":{"self":[{"href":"https:\/\/hundeschule-teamwork.com\/angebote\/wp-json\/wp\/v2\/pages\/2214","targetHints":{"allow":["GET"]}}],"collection":[{"href":"https:\/\/hundeschule-teamwork.com\/angebote\/wp-json\/wp\/v2\/pages"}],"about":[{"href":"https:\/\/hundeschule-teamwork.com\/angebote\/wp-json\/wp\/v2\/types\/page"}],"author":[{"embeddable":true,"href":"https:\/\/hundeschule-teamwork.com\/angebote\/wp-json\/wp\/v2\/users\/1"}],"replies":[{"embeddable":true,"href":"https:\/\/hundeschule-teamwork.com\/angebote\/wp-json\/wp\/v2\/comments?post=2214"}],"version-history":[{"count":1,"href":"https:\/\/hundeschule-teamwork.com\/angebote\/wp-json\/wp\/v2\/pages\/2214\/revisions"}],"predecessor-version":[{"id":2216,"href":"https:\/\/hundeschule-teamwork.com\/angebote\/wp-json\/wp\/v2\/pages\/2214\/revisions\/2216"}],"up":[{"embeddable":true,"href":"https:\/\/hundeschule-teamwork.com\/angebote\/wp-json\/wp\/v2\/pages\/1472"}],"wp:attachment":[{"href":"https:\/\/hundeschule-teamwork.com\/angebote\/wp-json\/wp\/v2\/media?parent=2214"}],"curies":[{"name":"wp","href":"https:\/\/api.w.org\/{rel}","templated":true}]}}