{"id":2436,"date":"2017-06-02T16:04:00","date_gmt":"2017-06-02T14:04:00","guid":{"rendered":"http:\/\/hundeschule-teamwork.com\/angebote\/?page_id=2436"},"modified":"2018-02-26T20:41:47","modified_gmt":"2018-02-26T18:41:47","slug":"pausen-entspannungssignal","status":"publish","type":"page","link":"https:\/\/hundeschule-teamwork.com\/angebote\/info\/mehr-wissen-ueber-hunde\/pausen-entspannungssignal\/","title":{"rendered":"Pausen-\/ Entspannungssignal"},"content":{"rendered":"<p>Um ein Pausen-Signal einzuf\u00fchren, sollte man ein bestimmtes Wort, z.B. \u201ePause\u201c immer dann sagen, wenn der Hund sich von sich aus auf entspannte Weise zur Ruhe legt, z.B. abends nach einem erf\u00fcllten Tag. Bei der Aussprache des Signal-Wortes auch darauf achten, es auf ruhige Weise auszusprechen, gerne mit einem etwas l\u00e4ngeren Aus-Atmer am Ende.<\/p>\n<p>Wenn auf diese Weise das Pausen-\/Entspannungs-Signal <strong>\u00fcber mehrere Wochen grundkonditioniert<\/strong> wurde, <strong>erst dann<\/strong> kann man es dem Hund in einer etwas aufregenderen Situation sagen, <strong>damit <\/strong>er ruhig wird. Auch ab diesem Zeitpunkt ist es wichtig, das Pausen- \/Entspannungs-Signal auch immer nochmal genau dann zu sagen, wenn der Hund von sich aus zur Ruhe kommt, so dass man es sozusagen immer mal wieder in genau der vom Hund richtig gezeigten Situation <strong>\u201eaufl\u00e4dt\u201c<\/strong>.<\/p>\n<p>Konditionierte Entspannung mit Musik oder Duft<\/p>\n<p>Auf die selbe Weise kann&nbsp; man auch mit einer bestimmten Musik oder einem Duft verfahren. Zun\u00e4chst wird wieder \u00fcber mehrere Wochen die Musik oder der Duft mit dem entspannt sein des Hundes verkn\u00fcpft, sprich in Situationen, in denen der Hund von sich aus entspannt, ruht oder schl\u00e4ft, wird die Musik gespielt oder der Duft in die N\u00e4he des Hundes gelegt. Die Musik sollte ruhige Kl\u00e4nge und einen entspannten Rythmus haben, der Duft sollte sehr verd\u00fcnnt sein (nat\u00fcrliche \u00e4therische \u00d6le eignen sich und k\u00f6nnen durch neutrales \u00d6l verd\u00fcnnt und auf ein Tuch aufgetragen werden) und vom Hund als angenehm empfunden werden. Es eignen sich Lavendel und Hopfen, aber auch andere nat\u00fcrliche \u00e4therische \u00d6le.<\/p>\n<p><img loading=\"lazy\" decoding=\"async\" class=\"alignleft size-medium wp-image-3596\" src=\"https:\/\/hundeschule-teamwork.com\/angebote\/wp-content\/uploads\/2018\/02\/Fred_entpannt-320x240.jpg\" alt=\"\" width=\"320\" height=\"240\" srcset=\"https:\/\/hundeschule-teamwork.com\/angebote\/wp-content\/uploads\/2018\/02\/Fred_entpannt-320x240.jpg 320w, https:\/\/hundeschule-teamwork.com\/angebote\/wp-content\/uploads\/2018\/02\/Fred_entpannt-768x576.jpg 768w, https:\/\/hundeschule-teamwork.com\/angebote\/wp-content\/uploads\/2018\/02\/Fred_entpannt-1024x768.jpg 1024w, https:\/\/hundeschule-teamwork.com\/angebote\/wp-content\/uploads\/2018\/02\/Fred_entpannt-600x450.jpg 600w, https:\/\/hundeschule-teamwork.com\/angebote\/wp-content\/uploads\/2018\/02\/Fred_entpannt-540x405.jpg 540w, https:\/\/hundeschule-teamwork.com\/angebote\/wp-content\/uploads\/2018\/02\/Fred_entpannt.jpg 1280w\" sizes=\"auto, (max-width: 320px) 100vw, 320px\" \/><\/p>\n<p>&nbsp;<\/p>\n<p>Der Labrador-Mix-R\u00fcde Fred bei der Konditionierung und Ritualisierung seines Entspannungs-Duftstoffs&#8230;<\/p>\n<p>Das kleine gr\u00fcne zusammengefaltete Halstuch enth\u00e4lt Zitronen-Duft, hergestellt aus Zitronen-Rein\u00f6l (10 Tropfen auf 10 ml geruchsneutrales Sonnenblumen-\u00d6l).<\/p>\n<p>Das gr\u00fcne Halstuch kann man Fred sp\u00e4ter (wenn es gut mit der Entspannung verkn\u00fcfpt ist) auch umbinden und f\u00fcr Spazierg\u00e4nge oder andere Unternehmungen drau\u00dfen benutzen, sozusagen ein konkretes Element f\u00fcr die &#8222;konditionierte Entspannung to-go&#8220;).<\/p>\n<p>&nbsp;<\/p>\n<p>&nbsp;<\/p>\n<p>Ist der Duft oder die Musik gut konditioniert, kann Duft oder Musik in Situationen eingesetzt werden, um den Hund zu entspannen. Damit die Verkn\u00fcpfung des Duftes oder der Musik mit dem entspannten Ruhen bestehen bleibt, muss der Duft oder die Musik auch weiterhin immer wieder in Situationen in denen der Hund entspannt und ruht &#8222;aufgeladen&#8220; werden.<\/p>\n<p>Duft oder Musik eignen sich f\u00fcr die konditionierte Entspannung besonders, da sie als dauerhafter Entspannungreiz dienen, nicht wie ein Wortsignal, das nur einmalig gesagt wird.<\/p>\n<p><img loading=\"lazy\" decoding=\"async\" class=\"alignleft size-medium wp-image-3595\" src=\"https:\/\/hundeschule-teamwork.com\/angebote\/wp-content\/uploads\/2018\/02\/Elfi_Cindy_entspannt-320x240.jpg\" alt=\"\" width=\"320\" height=\"240\" srcset=\"https:\/\/hundeschule-teamwork.com\/angebote\/wp-content\/uploads\/2018\/02\/Elfi_Cindy_entspannt-320x240.jpg 320w, https:\/\/hundeschule-teamwork.com\/angebote\/wp-content\/uploads\/2018\/02\/Elfi_Cindy_entspannt-768x576.jpg 768w, https:\/\/hundeschule-teamwork.com\/angebote\/wp-content\/uploads\/2018\/02\/Elfi_Cindy_entspannt.jpg 1024w, https:\/\/hundeschule-teamwork.com\/angebote\/wp-content\/uploads\/2018\/02\/Elfi_Cindy_entspannt-600x450.jpg 600w, https:\/\/hundeschule-teamwork.com\/angebote\/wp-content\/uploads\/2018\/02\/Elfi_Cindy_entspannt-540x405.jpg 540w\" sizes=\"auto, (max-width: 320px) 100vw, 320px\" \/>Die rum\u00e4nische Tierschutz-H\u00fcndin Cindy genie\u00dft im Rahmen der konditionierten Entspannung sogar die sorgf\u00e4ltig und kleinschrittig eingef\u00fchrten B\u00fcrst-Rituale und schl\u00e4ft in den Armen ihres Menschen Elfi fast dabei ein \ud83d\ude42 .<\/p>\n<p>&nbsp;<\/p>\n<p>&nbsp;<\/p>\n<p>&nbsp;<\/p>\n<p>&nbsp;<\/p>\n<p>&nbsp;<\/p>\n<p>Und auch bei Labrador-Mix-R\u00fcde Fred und seiner \u00e4lteren &#8222;Schwester&#8220; Pepels (Australian Shepherd &#8211; Border Collie &#8211; Mix) f\u00fchren die gut eingef\u00fchrten konditionierten Entspannungs-Rituale zu tiefenenstpannten Ruhephasen im Alltag.<\/p>\n<p>&nbsp; <img loading=\"lazy\" decoding=\"async\" class=\"alignleft size-medium wp-image-3597\" src=\"https:\/\/hundeschule-teamwork.com\/angebote\/wp-content\/uploads\/2018\/02\/Fred_entspannt2-320x240.jpg\" alt=\"\" width=\"320\" height=\"240\" srcset=\"https:\/\/hundeschule-teamwork.com\/angebote\/wp-content\/uploads\/2018\/02\/Fred_entspannt2-320x240.jpg 320w, https:\/\/hundeschule-teamwork.com\/angebote\/wp-content\/uploads\/2018\/02\/Fred_entspannt2-768x576.jpg 768w, https:\/\/hundeschule-teamwork.com\/angebote\/wp-content\/uploads\/2018\/02\/Fred_entspannt2-1024x768.jpg 1024w, https:\/\/hundeschule-teamwork.com\/angebote\/wp-content\/uploads\/2018\/02\/Fred_entspannt2-600x450.jpg 600w, https:\/\/hundeschule-teamwork.com\/angebote\/wp-content\/uploads\/2018\/02\/Fred_entspannt2-540x405.jpg 540w, https:\/\/hundeschule-teamwork.com\/angebote\/wp-content\/uploads\/2018\/02\/Fred_entspannt2.jpg 1040w\" sizes=\"auto, (max-width: 320px) 100vw, 320px\" \/> <img loading=\"lazy\" decoding=\"async\" class=\"alignleft size-medium wp-image-3598\" src=\"https:\/\/hundeschule-teamwork.com\/angebote\/wp-content\/uploads\/2018\/02\/Fred_Pepels_enstpannt-320x240.jpg\" alt=\"\" width=\"320\" height=\"240\" srcset=\"https:\/\/hundeschule-teamwork.com\/angebote\/wp-content\/uploads\/2018\/02\/Fred_Pepels_enstpannt-320x240.jpg 320w, https:\/\/hundeschule-teamwork.com\/angebote\/wp-content\/uploads\/2018\/02\/Fred_Pepels_enstpannt-768x576.jpg 768w, https:\/\/hundeschule-teamwork.com\/angebote\/wp-content\/uploads\/2018\/02\/Fred_Pepels_enstpannt-1024x768.jpg 1024w, https:\/\/hundeschule-teamwork.com\/angebote\/wp-content\/uploads\/2018\/02\/Fred_Pepels_enstpannt-600x450.jpg 600w, https:\/\/hundeschule-teamwork.com\/angebote\/wp-content\/uploads\/2018\/02\/Fred_Pepels_enstpannt-540x405.jpg 540w, https:\/\/hundeschule-teamwork.com\/angebote\/wp-content\/uploads\/2018\/02\/Fred_Pepels_enstpannt.jpg 1040w\" sizes=\"auto, (max-width: 320px) 100vw, 320px\" \/><\/p>\n<p>&nbsp;<\/p>\n<p>&nbsp;<\/p>\n<p>&nbsp;<\/p>\n<p>&nbsp;<\/p>\n<p>&nbsp;<\/p>\n<p>&nbsp;<\/p>\n<p>Wir w\u00fcnschen allen, die dies mit ihren Hunden in Ruhe mal ausprobieren m\u00f6chten, viel Freude dabei \ud83d\ude42 F\u00fcr viele entspannte Momente im Alltag und einen ausgeglichen Hund (mit einem ausgeglichen Menschen versteht sich \ud83d\ude09 )!<\/p>","protected":false},"excerpt":{"rendered":"<p>Um ein Pausen-Signal einzuf\u00fchren, sollte man ein bestimmtes Wort, z.B. \u201ePause\u201c immer dann sagen, wenn der Hund sich von sich aus auf entspannte Weise zur Ruhe legt, z.B. abends nach einem erf\u00fcllten Tag. Bei der Aussprache des Signal-Wortes auch darauf &hellip; <a href=\"https:\/\/hundeschule-teamwork.com\/angebote\/info\/mehr-wissen-ueber-hunde\/pausen-entspannungssignal\/\">Weiterlesen <span class=\"meta-nav\">&rarr;<\/span><\/a><\/p>\n","protected":false},"author":1,"featured_media":0,"parent":1472,"menu_order":0,"comment_status":"closed","ping_status":"closed","template":"","meta":{"ngg_post_thumbnail":0,"footnotes":""},"class_list":["post-2436","page","type-page","status-publish","hentry"],"_links":{"self":[{"href":"https:\/\/hundeschule-teamwork.com\/angebote\/wp-json\/wp\/v2\/pages\/2436","targetHints":{"allow":["GET"]}}],"collection":[{"href":"https:\/\/hundeschule-teamwork.com\/angebote\/wp-json\/wp\/v2\/pages"}],"about":[{"href":"https:\/\/hundeschule-teamwork.com\/angebote\/wp-json\/wp\/v2\/types\/page"}],"author":[{"embeddable":true,"href":"https:\/\/hundeschule-teamwork.com\/angebote\/wp-json\/wp\/v2\/users\/1"}],"replies":[{"embeddable":true,"href":"https:\/\/hundeschule-teamwork.com\/angebote\/wp-json\/wp\/v2\/comments?post=2436"}],"version-history":[{"count":6,"href":"https:\/\/hundeschule-teamwork.com\/angebote\/wp-json\/wp\/v2\/pages\/2436\/revisions"}],"predecessor-version":[{"id":3601,"href":"https:\/\/hundeschule-teamwork.com\/angebote\/wp-json\/wp\/v2\/pages\/2436\/revisions\/3601"}],"up":[{"embeddable":true,"href":"https:\/\/hundeschule-teamwork.com\/angebote\/wp-json\/wp\/v2\/pages\/1472"}],"wp:attachment":[{"href":"https:\/\/hundeschule-teamwork.com\/angebote\/wp-json\/wp\/v2\/media?parent=2436"}],"curies":[{"name":"wp","href":"https:\/\/api.w.org\/{rel}","templated":true}]}}