{"id":2517,"date":"2017-07-04T15:36:14","date_gmt":"2017-07-04T13:36:14","guid":{"rendered":"http:\/\/hundeschule-teamwork.com\/angebote\/?page_id=2517"},"modified":"2017-07-04T15:39:30","modified_gmt":"2017-07-04T13:39:30","slug":"kurs-kind-und-hund","status":"publish","type":"page","link":"https:\/\/hundeschule-teamwork.com\/angebote\/termine\/kurs-kind-und-hund\/","title":{"rendered":"Kurs &#8222;Kind und Hund&#8220;"},"content":{"rendered":"<p><strong>Wann? Donnerstag 28. September 2017 von 17.00 \u2013 18.30 Uhr, Freitag, 06. Oktober und Freitag, 27. Oktober 2017 jeweils von 15.00 \u2013 16.30 Uhr <\/strong><\/p>\n<p><strong>Wo? Seminarraum Hundeschule Teamwork, Eulenweg 16, sowie Trainingsgel\u00e4nde im Wald in 35260 Stadtallendorf und Trainingswiese in Langenstein je nach Thema<\/strong><\/p>\n<p>Damit diese Freundschaft gute Wurzeln bekommt und gut gen\u00e4hrt wird, gibt es viele M\u00f6glichkeiten des gemeinsamen Seins und gemeinsamen Tuns und es sind Regeln f\u00fcr alle Beteiligten wichtig. Ein gl\u00fcckliches und sicheres Zusammenleben aller Beteiligten bedarf der Wissens-Aneignung sowie der verantwortungsvollen Planung, Strukturierung und Leitung durch die erwachsenen Familienmitglieder.<br \/>\n<img loading=\"lazy\" decoding=\"async\" class=\"alignleft size-medium wp-image-2511\" src=\"https:\/\/hundeschule-teamwork.com\/angebote\/wp-content\/uploads\/2016\/06\/Dobi_Nero_Joschi-1-320x180.jpg\" sizes=\"auto, (max-width: 320px) 100vw, 320px\" srcset=\"https:\/\/hundeschule-teamwork.com\/angebote\/wp-content\/uploads\/2016\/06\/Dobi_Nero_Joschi-1-320x180.jpg 320w, https:\/\/hundeschule-teamwork.com\/angebote\/wp-content\/uploads\/2016\/06\/Dobi_Nero_Joschi-1.jpg 448w\" alt=\"Dobi_Nero_Joschi\" width=\"320\" height=\"180\" \/>Egal ob gro\u00dfe oder kleine Kinder, egal ob gro\u00dfe oder kleine Hunde, egal ob j\u00fcngere oder \u00e4ltere Erwachsene -dies ist f\u00fcr alle g\u00fcltig.<\/p>\n<p><img loading=\"lazy\" decoding=\"async\" class=\"alignleft size-medium wp-image-2512\" src=\"https:\/\/hundeschule-teamwork.com\/angebote\/wp-content\/uploads\/2016\/06\/Fiete-und-Sisko-320x427.jpg\" sizes=\"auto, (max-width: 320px) 100vw, 320px\" srcset=\"https:\/\/hundeschule-teamwork.com\/angebote\/wp-content\/uploads\/2016\/06\/Fiete-und-Sisko-320x427.jpg 320w, https:\/\/hundeschule-teamwork.com\/angebote\/wp-content\/uploads\/2016\/06\/Fiete-und-Sisko.jpg 768w, https:\/\/hundeschule-teamwork.com\/angebote\/wp-content\/uploads\/2016\/06\/Fiete-und-Sisko-600x800.jpg 600w, https:\/\/hundeschule-teamwork.com\/angebote\/wp-content\/uploads\/2016\/06\/Fiete-und-Sisko-540x720.jpg 540w\" alt=\"Fiete und Sisko\" width=\"320\" height=\"427\" \/><img loading=\"lazy\" decoding=\"async\" class=\"alignleft size-full wp-image-2513\" src=\"https:\/\/hundeschule-teamwork.com\/angebote\/wp-content\/uploads\/2016\/06\/Joschi-und-Jack-Sofa.jpg\" alt=\"Joschi und Jack Sofa\" width=\"302\" height=\"206\" \/><\/p>\n<p>&nbsp;<\/p>\n<p>&nbsp;<\/p>\n<p>&nbsp;<\/p>\n<p>&nbsp;<\/p>\n<p>&nbsp;<\/p>\n<p>&nbsp;<\/p>\n<p>Wie das im Einzelnen aussehen kann, zeigen und erarbeiten wir in diesem Kurs und geben neben dem wichtigen BasisWissen zum Thema \u201eKind und Hund\u201c auch viele Praxis-Tipps zum Empowerment von Mensch und Hund.<\/p>\n<p><img loading=\"lazy\" decoding=\"async\" class=\"alignleft size-medium wp-image-2515\" src=\"https:\/\/hundeschule-teamwork.com\/angebote\/wp-content\/uploads\/2016\/06\/Hummel_Maedchen_Speicherung_2017-320x468.jpg\" alt=\"Hummel_Maedchen_Speicherung_2017\" width=\"320\" height=\"468\" srcset=\"https:\/\/hundeschule-teamwork.com\/angebote\/wp-content\/uploads\/2016\/06\/Hummel_Maedchen_Speicherung_2017-320x468.jpg 320w, https:\/\/hundeschule-teamwork.com\/angebote\/wp-content\/uploads\/2016\/06\/Hummel_Maedchen_Speicherung_2017-600x877.jpg 600w, https:\/\/hundeschule-teamwork.com\/angebote\/wp-content\/uploads\/2016\/06\/Hummel_Maedchen_Speicherung_2017-540x789.jpg 540w, https:\/\/hundeschule-teamwork.com\/angebote\/wp-content\/uploads\/2016\/06\/Hummel_Maedchen_Speicherung_2017.jpg 657w\" sizes=\"auto, (max-width: 320px) 100vw, 320px\" \/> <img loading=\"lazy\" decoding=\"async\" class=\"alignleft size-medium wp-image-2514\" src=\"https:\/\/hundeschule-teamwork.com\/angebote\/wp-content\/uploads\/2016\/06\/M\u00e4dchen-Leni-und-franz\u00f6siche-Bulldoge-Oscar-320x289.jpg\" alt=\"M\u00e4dchen Leni und franz\u00f6siche Bulldoge Oscar\" width=\"320\" height=\"289\" srcset=\"https:\/\/hundeschule-teamwork.com\/angebote\/wp-content\/uploads\/2016\/06\/M\u00e4dchen-Leni-und-franz\u00f6siche-Bulldoge-Oscar-320x289.jpg 320w, https:\/\/hundeschule-teamwork.com\/angebote\/wp-content\/uploads\/2016\/06\/M\u00e4dchen-Leni-und-franz\u00f6siche-Bulldoge-Oscar-600x542.jpg 600w, https:\/\/hundeschule-teamwork.com\/angebote\/wp-content\/uploads\/2016\/06\/M\u00e4dchen-Leni-und-franz\u00f6siche-Bulldoge-Oscar-540x487.jpg 540w, https:\/\/hundeschule-teamwork.com\/angebote\/wp-content\/uploads\/2016\/06\/M\u00e4dchen-Leni-und-franz\u00f6siche-Bulldoge-Oscar.jpg 729w\" sizes=\"auto, (max-width: 320px) 100vw, 320px\" \/>Der Kurs richtet sich sowohl an erwachsene Menschen mit Hund, die privat oder beruflich mit Kindern zu tun haben, als auch an Erwachsene mit oder ohne eigenem Kind und Hund.<\/p>\n<p><img loading=\"lazy\" decoding=\"async\" class=\"alignleft size-medium wp-image-2518\" src=\"https:\/\/hundeschule-teamwork.com\/angebote\/wp-content\/uploads\/2017\/07\/Hummel_Maedchen2-320x365.jpg\" alt=\"Hummel_Maedchen2\" width=\"320\" height=\"365\" srcset=\"https:\/\/hundeschule-teamwork.com\/angebote\/wp-content\/uploads\/2017\/07\/Hummel_Maedchen2-320x365.jpg 320w, https:\/\/hundeschule-teamwork.com\/angebote\/wp-content\/uploads\/2017\/07\/Hummel_Maedchen2.jpg 432w\" sizes=\"auto, (max-width: 320px) 100vw, 320px\" \/> <img loading=\"lazy\" decoding=\"async\" class=\"alignleft size-medium wp-image-2519\" src=\"https:\/\/hundeschule-teamwork.com\/angebote\/wp-content\/uploads\/2017\/07\/Sisko-Fiete-Leine1-320x607.jpg\" alt=\"Sisko Fiete Leine1\" width=\"320\" height=\"607\" srcset=\"https:\/\/hundeschule-teamwork.com\/angebote\/wp-content\/uploads\/2017\/07\/Sisko-Fiete-Leine1-320x607.jpg 320w, https:\/\/hundeschule-teamwork.com\/angebote\/wp-content\/uploads\/2017\/07\/Sisko-Fiete-Leine1.jpg 521w\" sizes=\"auto, (max-width: 320px) 100vw, 320px\" \/>F\u00fcr die Anmeldung zum Kurs bitte beiliegendes Anmeldeformular ausf\u00fcllen und per Mail senden an rochelta@yahoo.de oder per Post an Hundeschule Teamwork, Anke Rochelt, Eulenweg 16, 35260 Stadtallendorf und den Teilnahmebetrag auf das auf dem Anmeldebogen genannte Konto \u00fcberweisen.<\/p>\n<p>Es gibt einen Fr\u00fchbucherrabatt bei Anmeldung bis zum 31.07.2017. F\u00fcr die Belegung der Pl\u00e4tze z\u00e4hlt die Reihenfolge der Anmeldung: Eingang von Anmeldebogen und Zahlung der Kursgeb\u00fchr.<\/p>\n<p>Wir freuen uns auf Ihre\/Eure Teilnahme \uf04a.<\/p>\n<p><a href=\"https:\/\/hundeschule-teamwork.com\/angebote\/wp-content\/uploads\/2014\/01\/Anmeldung_Kurs_Kind-und-Hund.pdf\" target=\"_blank\">Hier geht es zum Anmeldeformular: Anmeldeformular_Kurs_Kind und Hund<\/a><\/p>\n<p>&nbsp;<\/p>","protected":false},"excerpt":{"rendered":"<p>Wann? Donnerstag 28. September 2017 von 17.00 \u2013 18.30 Uhr, Freitag, 06. Oktober und Freitag, 27. Oktober 2017 jeweils von 15.00 \u2013 16.30 Uhr Wo? Seminarraum Hundeschule Teamwork, Eulenweg 16, sowie Trainingsgel\u00e4nde im Wald in 35260 Stadtallendorf und Trainingswiese in &hellip; <a href=\"https:\/\/hundeschule-teamwork.com\/angebote\/termine\/kurs-kind-und-hund\/\">Weiterlesen <span class=\"meta-nav\">&rarr;<\/span><\/a><\/p>\n","protected":false},"author":1,"featured_media":0,"parent":13,"menu_order":0,"comment_status":"closed","ping_status":"closed","template":"","meta":{"ngg_post_thumbnail":0,"footnotes":""},"class_list":["post-2517","page","type-page","status-publish","hentry"],"_links":{"self":[{"href":"https:\/\/hundeschule-teamwork.com\/angebote\/wp-json\/wp\/v2\/pages\/2517","targetHints":{"allow":["GET"]}}],"collection":[{"href":"https:\/\/hundeschule-teamwork.com\/angebote\/wp-json\/wp\/v2\/pages"}],"about":[{"href":"https:\/\/hundeschule-teamwork.com\/angebote\/wp-json\/wp\/v2\/types\/page"}],"author":[{"embeddable":true,"href":"https:\/\/hundeschule-teamwork.com\/angebote\/wp-json\/wp\/v2\/users\/1"}],"replies":[{"embeddable":true,"href":"https:\/\/hundeschule-teamwork.com\/angebote\/wp-json\/wp\/v2\/comments?post=2517"}],"version-history":[{"count":3,"href":"https:\/\/hundeschule-teamwork.com\/angebote\/wp-json\/wp\/v2\/pages\/2517\/revisions"}],"predecessor-version":[{"id":2523,"href":"https:\/\/hundeschule-teamwork.com\/angebote\/wp-json\/wp\/v2\/pages\/2517\/revisions\/2523"}],"up":[{"embeddable":true,"href":"https:\/\/hundeschule-teamwork.com\/angebote\/wp-json\/wp\/v2\/pages\/13"}],"wp:attachment":[{"href":"https:\/\/hundeschule-teamwork.com\/angebote\/wp-json\/wp\/v2\/media?parent=2517"}],"curies":[{"name":"wp","href":"https:\/\/api.w.org\/{rel}","templated":true}]}}