{"id":30,"date":"2014-01-06T17:45:04","date_gmt":"2014-01-06T15:45:04","guid":{"rendered":"http:\/\/hundeschule-teamwork.com\/angebote\/?page_id=30"},"modified":"2016-08-10T13:45:11","modified_gmt":"2016-08-10T11:45:11","slug":"literatur","status":"publish","type":"page","link":"https:\/\/hundeschule-teamwork.com\/angebote\/literatur\/","title":{"rendered":"LITERATUR"},"content":{"rendered":"<h3><a href=\"https:\/\/hundeschule-teamwork.com\/angebote\/wp-content\/uploads\/2014\/01\/Hexe_Buechertasche1.jpg\"><img loading=\"lazy\" decoding=\"async\" class=\"alignleft size-full wp-image-194\" src=\"https:\/\/hundeschule-teamwork.com\/angebote\/wp-content\/uploads\/2014\/01\/Hexe_Buechertasche1.jpg\" alt=\"B\u00fcchertipps Hund\" width=\"386\" height=\"262\" srcset=\"https:\/\/hundeschule-teamwork.com\/angebote\/wp-content\/uploads\/2014\/01\/Hexe_Buechertasche1.jpg 386w, https:\/\/hundeschule-teamwork.com\/angebote\/wp-content\/uploads\/2014\/01\/Hexe_Buechertasche1-320x217.jpg 320w\" sizes=\"auto, (max-width: 386px) 100vw, 386px\" \/><\/a>Literaturtipps<\/h3>\n<p><strong>Untenstehend finden Sie empfehlenswerte B\u00fccher<\/strong><\/p>\n<p>Auf der Internet-Seite <a title=\"www.cairn-energie.de\" href=\"http:\/\/www.cairn-energie.de\" target=\"_blank\">www.cairn-energie.de <\/a>kann man sich einen kostenlosen Hundebuchnewsletter abonnieren und Rezensionen von Neuerscheinungen lesen.<\/p>\n<p><strong>Viel Spa\u00df beim Lesen!<\/strong><\/p>\n<h4>HUNDE (Verhalten\/Ausbildung):<\/h4>\n<p><em>Rugaas, Turid:<\/em> Calming Signals &#8211; die Beschwichtigungssignale der Hunde<br \/>\nanimal learn-Verlag, ISBN-Nr. 3-936188-01-7<\/p>\n<p><strong> (besonders empfehlenswert!)<\/strong><\/p>\n<p><em>Reinhardt Clarissa v., Scholz, Martina:<\/em> Calming Signals Workbook<br \/>\nanimal learn Verlag, ISBN-Nr. 3-936188-13-0<\/p>\n<p><strong>(besonders empfehlenswert)<\/strong><\/p>\n<p><em>Pryor, Karen:<\/em> Positiv best\u00e4rken, sanft erziehen<br \/>\nKosmos-Verlag, ISBN-Nr. 3-440-07695<\/p>\n<p><em>Donaldson, Jean:<\/em> Hunde sind anders<br \/>\nKosmos-Verlag,\u00a0 ISBN-Nr. 3-440-08222-9<\/p>\n<p><em>Hallgren, Anders:<\/em> Das Lehrbuch der Hundesprache<br \/>\nOertel und Sp\u00f6rer Verlag, ISBN-Nr. 3-88627-165-X<\/p>\n<p><em>Nagel, Martina, Reinhardt, Clarissa v.:<\/em> Stress bei Hunden<br \/>\nanimal learn-Verlag, ISBN-Nr. 3-936188-04-1<\/p>\n<p><em>Hallgren, Anders:<\/em> R\u00fcckenprobleme bei Hunden<br \/>\nanimal learn Verlag, ISBN 3-936188-05-X<\/p>\n<p><em>Clothier, Suzanne:<\/em> Es w\u00fcrde Knochen vom Himmel regnen<br \/>\nanimal learn Verlag, ISBN ISBN 3-936188-15-7<\/p>\n<p><em>McConnell, Patricia:<\/em> Das andere Ende der Leine<br \/>\nKynos-Verlag, ISBN-Nr.3-933228-93-X<\/p>\n<p><em>Laser, Birgit:<\/em> Clickertraining f\u00fcr Hunde<br \/>\nCadmos-Verlag, ISBN-Nr.3-86127-710-7 V<\/p>\n<p><em>Laser, Birgit:<\/em> Clickertraining f\u00fcr den Familienhund<br \/>\nCadmos-Verlag, ISBN-Nr. 3-86127-719-0<\/p>\n<p><em>Tellington-Jones, Linda:<\/em> Tellington-Touch f\u00fcr Hunde<\/p>\n<p><em>Whitehead, Sarah:<\/em> Das Hundebuch f\u00fcr Kids<br \/>\nKosmos-Verlag, ISBN-Nr. 3-440-09085-X<\/p>\n<p><em>Dr.med.vet. Sch\u00f6ning, Barbara:<\/em> Hundeverhalten<br \/>\nKosmos-Verlag, ISBN-Nr. 3-440-08298-9<\/p>\n<p><em>Theby Viviane:<\/em> Hundeschule<br \/>\nKosmos-Verlag, ISBN-Nr.3-440-09092-2<\/p>\n<p><em>Sondermann, Christina:<\/em> Das gro\u00dfe Spielbuch f\u00fcr Hunde, Besch\u00e4ftigungsideen &#8211; Spa\u00df im Hundealltag<br \/>\nCadmos-Verlag, ISBN-Nr. 3-86127-782-4<\/p>\n<p><em>Hallgren, Anders:<\/em> Gute Arbeit! \u00fcber die Eignung und Motivation von Arbeitshunden<br \/>\nanimal learn Verlag ISBN-Nr. 783936188189<\/p>\n<p><em>Schneider, Dorothee:<\/em> Die Welt in seinem Kopf &#8211; \u00dcber das Lernverhalten von Hunden<br \/>\nanimal learn Verlag, ISBN-Nr. 3-936188-19-X<\/p>\n<p><em>Heare, James:<\/em> Die Dominanztheorie bei Hunden &#8211; eine wissenschaftliche Betrachtung<br \/>\nanimal learn Verlag, ISBN-Nr. 3-936188-21-1<\/p>\n<p><em>Clarissa v. Reinhardt:<\/em> Das unerw\u00fcnschte Jagdverhalten des Hundes<br \/>\nanimal learn Verlag, ISBN Nr. 3-936188-23-8<\/p>\n<p><em>Inka Burow:\u00a0<\/em> Dog Dance<br \/>\nCadmos, ISBN Nr. 3-86127-773-5<\/p>\n<p><em>Denise Nardelli McConnell:<\/em> Das andere Ende der Leine<br \/>\nKynos , ISBN-Nr.3-933228-93-X<\/p>\n<p><em>Schar, Kathrin; Riepe, Thomas:<\/em> Hunde halten mit Bauchgef\u00fchl<\/p>\n<p>Cadmos, ISBN Nr. 978-384042031-3<\/p>\n<p><em>Hense, Maria; Sondermann, Christina:<\/em> Perspektivwechsel<\/p>\n<p>Cadmos, ISBN Nr. 978-384042035-1<\/p>\n<p>Sprecht, Bettina: Angsthunde<\/p>\n<p>animal learn Verlag, ISBN Nr. 978-3-936188-68-4<\/p>\n<h4>TIERGEST\u00dcTZTE P\u00c4DAGOGIK UND THERAPIE:<\/h4>\n<p><em>Dr. Otterstedt, Carola:<\/em> Tiere als therapeutische Begleiter. Gesundheit und Lebensfreude durch Tiere<br \/>\n&#8211; eine praktische Anleitung. Stuttgart, 2001<\/p>\n<p><em>Prof. Dr. Erhard Olbrich\/Dr. Carola Otterstedt (Hrsg.):<\/em>\u00a0 Menschen brauchen Tiere.<br \/>\nGrundlagen und Praxis der tiergest\u00fctzten P\u00e4dagogik und Therapie. Stuttgart, 2003<\/p>\n<p><em>K\u00f6lsch, Detlef W.:\u00a0<\/em> P\u00e4dagogische Zug\u00e4nge zum Mensch &#8211; Nutztier-Verh\u00e4ltnis. Universit\u00e4t Kassel<\/p>\n<p><em>Greiffenhagen, Sylvia:<\/em> Tiere als Therapie. Neue Wege in Erziehung und Heilung.<br \/>\nM\u00fcnchen, 1991 (Neuauflage mit Oliver Buck geplant!)<\/p>\n<p><em>Von Klimke, Vivienne:<\/em> Gruppenbild mit Dackel.<\/p>\n<p><em>Lehne, Franziska:<\/em> Verbesserung der Lebensqualit\u00e4t von Menschen mit Behinderung durch die Intreaktion mit Tieren. Bochum, 2003<\/p>\n<p><em>Hornsby, Alison:<\/em> Hunde helfen Menschen. M\u00fcrlenbach\/Eifel, 2000<\/p>\n<p>&nbsp;<\/p>\n<h4>KINDER UND TIERE:<\/h4>\n<p><em>Bergler, Reinhold:<\/em> \u00a0\u00a0 \u00a0Warum Kinder Tiere brauchen.<br \/>\nInformationen, Ratschl\u00e4ge, Tips. Freiburg im Breisgau, 1994, 2. Auflage<\/p>\n<p><em>Ludwig, Claudia:<\/em> \u00a0\u00a0 \u00a0Kinder brauchen Tiere.<br \/>\nInfos, Tipps und Geschichten von der Schwangerschaft bis zur Schulzeit. K\u00f6ln, 2000<\/p>","protected":false},"excerpt":{"rendered":"<p>Literaturtipps Untenstehend finden Sie empfehlenswerte B\u00fccher Auf der Internet-Seite www.cairn-energie.de kann man sich einen kostenlosen Hundebuchnewsletter abonnieren und Rezensionen von Neuerscheinungen lesen. Viel Spa\u00df beim Lesen! HUNDE (Verhalten\/Ausbildung): Rugaas, Turid: Calming Signals &#8211; die Beschwichtigungssignale der Hunde animal learn-Verlag, ISBN-Nr. &hellip; <a href=\"https:\/\/hundeschule-teamwork.com\/angebote\/literatur\/\">Weiterlesen <span class=\"meta-nav\">&rarr;<\/span><\/a><\/p>\n","protected":false},"author":1,"featured_media":0,"parent":0,"menu_order":0,"comment_status":"closed","ping_status":"closed","template":"","meta":{"ngg_post_thumbnail":0,"footnotes":""},"class_list":["post-30","page","type-page","status-publish","hentry"],"_links":{"self":[{"href":"https:\/\/hundeschule-teamwork.com\/angebote\/wp-json\/wp\/v2\/pages\/30","targetHints":{"allow":["GET"]}}],"collection":[{"href":"https:\/\/hundeschule-teamwork.com\/angebote\/wp-json\/wp\/v2\/pages"}],"about":[{"href":"https:\/\/hundeschule-teamwork.com\/angebote\/wp-json\/wp\/v2\/types\/page"}],"author":[{"embeddable":true,"href":"https:\/\/hundeschule-teamwork.com\/angebote\/wp-json\/wp\/v2\/users\/1"}],"replies":[{"embeddable":true,"href":"https:\/\/hundeschule-teamwork.com\/angebote\/wp-json\/wp\/v2\/comments?post=30"}],"version-history":[{"count":13,"href":"https:\/\/hundeschule-teamwork.com\/angebote\/wp-json\/wp\/v2\/pages\/30\/revisions"}],"predecessor-version":[{"id":1630,"href":"https:\/\/hundeschule-teamwork.com\/angebote\/wp-json\/wp\/v2\/pages\/30\/revisions\/1630"}],"wp:attachment":[{"href":"https:\/\/hundeschule-teamwork.com\/angebote\/wp-json\/wp\/v2\/media?parent=30"}],"curies":[{"name":"wp","href":"https:\/\/api.w.org\/{rel}","templated":true}]}}