{"id":3489,"date":"2018-01-04T13:12:15","date_gmt":"2018-01-04T11:12:15","guid":{"rendered":"http:\/\/hundeschule-teamwork.com\/angebote\/?page_id=3489"},"modified":"2018-01-04T13:12:15","modified_gmt":"2018-01-04T11:12:15","slug":"die-richtige-hundeschule-finden-ist-gar-nicht-so-leicht","status":"publish","type":"page","link":"https:\/\/hundeschule-teamwork.com\/angebote\/die-richtige-hundeschule-finden-ist-gar-nicht-so-leicht\/","title":{"rendered":"Die richtige Hundeschule finden ist gar nicht so leicht&#8230;"},"content":{"rendered":"<p><strong>Da wir davon ausgehen, dass es vielen bei der Suche der richtigen Hundeschule \u00e4hnlich geht, wie es uns ergangen ist, m\u00f6chten wir hier einen kurzen Bericht unserer Erfahrungen geben.<\/strong><\/p>\n<p>Wir (4-K\u00f6pfige-Familie) haben uns im Sommer 2017 nach langer und reiflicher Abwegungsphase wieder einen Familienhund zugelegt. Bei der Suche nach dem richtigen Hund, hat sich eine einj\u00e4hrige Australian Shepherd-H\u00fcndin uns ausgesucht. Schnell stellte sich heraus, dass sie in der Pr\u00e4gezeit leider nicht viele Erfahrungen sammeln konnte und demnach bereits in Alltagssituationen (Umgang mit anderen Menschen, Besuch, Kontakt zu anderen Hunden etc.) schnell \u00fcberfordert und \u00e4ngstlich war. Uns war sofort klar, dass hier schnell proffessionelle Hilfe n\u00f6tig ist, da unsere bisherigen Hunde als Welpen zu uns kamen und von Beginn Ihres Lebens an in \u201enormalen\u201c Verh\u00e4ltnissen und mit entsprechender Hundeschule aufgewachsen sind. Nun war die Situation jedoch ganz anders. Unsere neue H\u00fcndin hat n\u00e4mlich, wie bereits erkl\u00e4rt, schon mit den einfachsten Dingen (spazieren gehen mit Leine etc.) gro\u00dfe Probleme.<\/p>\n<p>So begaben wir uns zeitnah auf die Suche nach erfahrenen Hundetrainern\/Hundetrainerinnen, die mit uns zusammen an der Situation arbeiten k\u00f6nnen. Direkt 3 Tage nach Ankunft unseres neuen Hundes hatten wir den ersten Termin bei einer Hundeschule (Einzeltraining). Die Trainingseinheit war leider direkt gepr\u00e4gt von harten Methoden (negative Konditionierung). Die Vorgehensweisen wurden gut erl\u00e4utert und mit Hintergrundinformationen begr\u00fcndet. Unser Hund war nat\u00fcrlich mit der Situation vollkommen \u00fcberfordert, da sie selbst erst vor drei Tagen ein neues Zuhause bekommen hat. Im Nachhinein machen wir uns selbst den Vorwurf, dass es noch zu fr\u00fch f\u00fcr ein Training war, da der Hund zun\u00e4chst gen\u00fcgend damit zu tun hat anzukommen. Diesen Hinweis h\u00e4tten wir uns nat\u00fcrlich vom Hundeprofi gew\u00fcnscht, nachdem wir dort alle Details zum Hund und zur vorherigen Situation erl\u00e4utert haben. Stattdessen erhielten wir nach der Einheit eine Anmeldung zum Grundkurs, der drei Tage sp\u00e4ter beginnen sollte, wo noch ein Platz frei w\u00e4re. Da wir selbst mit der Situation \u00fcberfordert waren, nahmen wir die Anmeldung zun\u00e4chst mit, waren uns dann aber schnell einig, dass die Methoden f\u00fcr unsere \u00e4ngstliche H\u00fcndin mit ihrer Vorgeschichte nicht die Richtige sei.<\/p>\n<p><strong>Also ging unsere Suche weiter\u2026<\/strong><\/p>\n<p>Ein zweiter \u201eHundeprofi\u201c kam zum Einzeltraining zu uns nach Hause. W\u00e4hrend der Sitzung wurden zahlreiche Notizen gemacht, um zu dem Ergebnis zu kommen, dass aktuell alles gut laufe und vorerst kein Trainingsbedarf bestehe. Immerhin wurde hier empfohen, sich zun\u00e4chst tats\u00e4chlich auf das positive \u201eAnkommen\u201c des Hundes zu konzentrieren. F\u00fcr das Zwiegespr\u00e4ch wurde eine horende Gage verlangt, ohne dass sich der Hund und sein Verhalten betrachtet wurde. Auch hier f\u00fchlten wir uns nicht gut aufgehoben.<\/p>\n<p><strong>Also ging unsere Suche weiter\u2026<\/strong><\/p>\n<p>In der n\u00e4chsten Hundeschule wurde unsere H\u00fcndin bei der ersten Begegnung als potentieller \u201eAngstbei\u00dfer\u201c eingestuft, was uns nat\u00fcrlich sehr beunruhigt hat. Wir wurden in eine \u201eProblemhunde-Einheit\u201c mit aufgenommen und begannen dort das Training. Auch hier stellte sich heraus, dass auf die direkten Probleme der einzelnen Hunde in der Gruppe nat\u00fcrlich zu wenig eingegangen werden konnte. Es waren vier Hunde zusammen, die schlecht bis gar nicht h\u00f6rten. Unsere \u00e4ngstliche H\u00fcndin und nat\u00fcrlich in erster Linie wir als Hundef\u00fchrer kamen mit der Situation schnell an unsere Grenzen. Mittlerweile kamen unsererseits entsprechende Zweifel auf, ob die Erwartungen an die Hundeprofis und die Hilfe im Rahmen der Arbeit mit unserem Hund unsererseits zu hoch oder falsch definiert waren.<\/p>\n<p><strong>Trotzdem ging unsere Suche weiter\u2026<\/strong><\/p>\n<p>Wir haben dann nach einer Empfehlung von Bekannten bei der Hundeschule Teamwork in Stadtallendorf angerufen. Zun\u00e4chst haben wir ein langes Telefonat mit Anke gef\u00fchrt in dem wir ihr unsere Situation erkl\u00e4rt haben und sie uns erkl\u00e4rt hat, was sie in dem Falle r\u00e4t. Es wurde offen erkl\u00e4rt, dass bei Hunden mit einer entsprechenden Vorgeschichte Vorsicht geboten ist, aber mit richtiger und gemeinsamer konsequenter Arbeit zwischen Hund und Mensch eine Besserung der Situation herbeigef\u00fchrt werden kann. Zun\u00e4chst sollte in einer Einzelstunde von beiden Seiten bewertet werden, ob die \u201eChemie\u201c stimmt. Schnell konnten wir sagen, dass dies von unserer Seite der Fall war. Zun\u00e4chst wurde eine Priorit\u00e4tenliste erarbeitet, auf deren Grundlage anschlie\u00dfend ein gemeinsamer Trainingsplan zusammengestellt wurde. Bei den Trainings wurde insbesondere mit sanften Methoden (positive Konditionierung) und kleinen Schritten gearbeitet. Bereits nach dem ersten Training konnten wir die ersten Erfolge verzeichnen, was uns wiederrum selbst enorm motoviert hat. Wir konnten so innerhalb von drei Monaten bereits mit lockerer Leine durch den Ort gehen. Man muss hier erw\u00e4hnen, dass unsere H\u00fcndin bisher nie mit Leine und nicht im Ort spazieren war. Aktuell arbeiten wir mit Anke an der Situation zu Hause Besuch zu empfangen. Auch hier zeichnen sich schon erste Erfolge ab, auch wenn hier f\u00fcr uns alle nat\u00fcrlich noch viel Arbeit drin steckt. Auch zwischen den Trainingseinheiten steht uns Anke immer f\u00fcr Fragen zur Verf\u00fcgung. Insbesondere die super Betreuung (auch zwischendurch) gef\u00e4llt uns sehr gut. Mittlerweile haben wir neben den Einzeltrainings schon verschiedene Kurse bzw. gemeinschaftliche Treffen (Kind-Hund-Kurs, Social-Walk, Mantrailing) in der Hundeschule Teamwork besucht und werden hier auch weiterhin mit unserer H\u00fcndin arbeiten.<\/p>\n<p>Insbesondere f\u00fcr unseren sensiblen Hund gef\u00e4llt uns die Arbeitsweise der Hundeschule Teamwork und wir k\u00f6nnen diese als unsere vierte Anlaufstelle mit gutem Gewissen weiterempfehlen.<\/p>","protected":false},"excerpt":{"rendered":"<p>Da wir davon ausgehen, dass es vielen bei der Suche der richtigen Hundeschule \u00e4hnlich geht, wie es uns ergangen ist, m\u00f6chten wir hier einen kurzen Bericht unserer Erfahrungen geben. Wir (4-K\u00f6pfige-Familie) haben uns im Sommer 2017 nach langer und reiflicher &hellip; <a href=\"https:\/\/hundeschule-teamwork.com\/angebote\/die-richtige-hundeschule-finden-ist-gar-nicht-so-leicht\/\">Weiterlesen <span class=\"meta-nav\">&rarr;<\/span><\/a><\/p>\n","protected":false},"author":1,"featured_media":0,"parent":0,"menu_order":0,"comment_status":"closed","ping_status":"closed","template":"","meta":{"ngg_post_thumbnail":0,"footnotes":""},"class_list":["post-3489","page","type-page","status-publish","hentry"],"_links":{"self":[{"href":"https:\/\/hundeschule-teamwork.com\/angebote\/wp-json\/wp\/v2\/pages\/3489","targetHints":{"allow":["GET"]}}],"collection":[{"href":"https:\/\/hundeschule-teamwork.com\/angebote\/wp-json\/wp\/v2\/pages"}],"about":[{"href":"https:\/\/hundeschule-teamwork.com\/angebote\/wp-json\/wp\/v2\/types\/page"}],"author":[{"embeddable":true,"href":"https:\/\/hundeschule-teamwork.com\/angebote\/wp-json\/wp\/v2\/users\/1"}],"replies":[{"embeddable":true,"href":"https:\/\/hundeschule-teamwork.com\/angebote\/wp-json\/wp\/v2\/comments?post=3489"}],"version-history":[{"count":1,"href":"https:\/\/hundeschule-teamwork.com\/angebote\/wp-json\/wp\/v2\/pages\/3489\/revisions"}],"predecessor-version":[{"id":3490,"href":"https:\/\/hundeschule-teamwork.com\/angebote\/wp-json\/wp\/v2\/pages\/3489\/revisions\/3490"}],"wp:attachment":[{"href":"https:\/\/hundeschule-teamwork.com\/angebote\/wp-json\/wp\/v2\/media?parent=3489"}],"curies":[{"name":"wp","href":"https:\/\/api.w.org\/{rel}","templated":true}]}}