{"id":3502,"date":"2018-01-04T13:28:31","date_gmt":"2018-01-04T11:28:31","guid":{"rendered":"http:\/\/hundeschule-teamwork.com\/angebote\/?page_id=3502"},"modified":"2018-01-04T13:34:00","modified_gmt":"2018-01-04T11:34:00","slug":"aufbau-der-gegenkonditionierung-am-beispiel-von-dobermann-nero-der-kinder-anbellt","status":"publish","type":"page","link":"https:\/\/hundeschule-teamwork.com\/angebote\/aufbau-der-gegenkonditionierung-am-beispiel-von-dobermann-nero-der-kinder-anbellt\/","title":{"rendered":"Aufbau der Gegenkonditionierung am Beispiel von Dobermann Nero der Kinder anbellt"},"content":{"rendered":"<h4>Die Gegenkonditionierung kann man gut im Training mit Hunden, die auf einen bestimmten Ausl\u00f6sereiz mit Bellen, Angst oder Leinenziehen, reagieren anwenden. Im Beispiel mit Dobermann Nero ist dieser Ausl\u00f6sereiz \u201espielende Kinder\u201c. Nero reagiert auf diese mit Bellen und an der Leine ziehen.<\/h4>\n<p>Das Trainingsziel ist, dass Nero brav an der Leine l\u00e4uft, gelassen zu den spielenden Kindern schaut und ansprechbar sowie abrufbar, also unter Signalkontrolle bleibt. Seine Aufmerksamkeit soll sich also wieder auf seinen Menschen richten.<br \/>\nDa Nero, in Situationen mit spielenden Kindern, aber vor lauter Aufregung nicht ansprechbar ist, wissen sich seine Menschen keinen Rat.<br \/>\nIm Training bei Anke erkl\u00e4rt diese worauf man bei der Gegenkonditionierung achten muss.<br \/>\nDer erste Kontakt soll im Seminarraum der Hundeschule Teamwork stattfinden. Mit Nero`s Menschen plant Anke diese zun\u00e4chst gestellte Situation genau und bespricht alle Eventualit\u00e4ten. Sie weist nochmal darauf hin wie wichtig das richtige Timing ist und erkl\u00e4rt welches Verhalten belohnt werden soll.<br \/>\nDas richtige Timing kann man am besten in einer entspannten Situation \u00fcben. Beim letzten Training mit Nero, bei ihm zu Hause, haben wir dies daher schon ge\u00fcbt. Hier war der Ausl\u00f6sereiz kein Kind, sondern eine erwachsene Person, die zun\u00e4chst langsam und im Laufe der \u00dcbung immer schneller durch das Wohnzimmer gelaufen ist. So konnten Nero`s Besitzer die richtige Technik ein\u00fcben und diese dann auch in der Situation mit Kind anwenden.<br \/>\n<a href=\"https:\/\/hundeschule-teamwork.com\/angebote\/wp-content\/uploads\/2015\/05\/20150514_113448_resized.jpg\"><img loading=\"lazy\" decoding=\"async\" class=\"alignleft size-full wp-image-939\" src=\"https:\/\/hundeschule-teamwork.com\/angebote\/wp-content\/uploads\/2015\/05\/20150514_113448_resized.jpg\" alt=\"20150514_113448_resized\" width=\"448\" height=\"252\" srcset=\"https:\/\/hundeschule-teamwork.com\/angebote\/wp-content\/uploads\/2015\/05\/20150514_113448_resized.jpg 448w, https:\/\/hundeschule-teamwork.com\/angebote\/wp-content\/uploads\/2015\/05\/20150514_113448_resized-320x180.jpg 320w\" sizes=\"auto, (max-width: 448px) 100vw, 448px\" \/><\/a>Im ersten Schritt darf Nero den Raum kennenlernen und \u00fcberall ungest\u00f6rt schn\u00fcffeln.<br \/>\nDaraufhin nehmen ihn seine Menschen an die Leine und spielen mit ihm ein paar Suchspiele. W\u00e4hrend Nero besch\u00e4ftigt ist und freudig nach Leckerchen sucht kommt das Kind, in Begleitung eines Erwachsenen, in den Raum. Mit etwas Abstand f\u00e4ngt es ruhig an zu spielen und beachtet den Hund nicht weiter. Nero`s Besitzer best\u00e4tigen sein ruhiges Verhalten, insbesondere ruhiges Hinschauen zum Kind. Hier ist die Reihenfolge wichtig. Das Futter darf erst angeboten werden, wenn der Hund den Ausl\u00f6ser wahrgenommen hat. Der Hund soll also nicht abgelenkt werden mit Futter, damit er die Belohnung auch mit seinem ruhigen Auftreten verkn\u00fcpfen kann. <a href=\"https:\/\/hundeschule-teamwork.com\/angebote\/wp-content\/uploads\/2015\/05\/20150514_113555_resized.jpg\"><img loading=\"lazy\" decoding=\"async\" class=\" size-full wp-image-940 alignright\" src=\"https:\/\/hundeschule-teamwork.com\/angebote\/wp-content\/uploads\/2015\/05\/20150514_113555_resized.jpg\" alt=\"20150514_113555_resized\" width=\"252\" height=\"448\" \/><\/a>F\u00fcr ein erstes ruhiges Zusammentreffen kann es aber gut sein den Hund wie beschrieben mit Suchspielen zu besch\u00e4ftigen um eine entspannte Atmosph\u00e4re zu schaffen. Nimmt der Hund dann den Ausl\u00f6sereiz, wie in diesem Fall das Kind, wahr und schaut entspannt, wird er sofort belohnt.<br \/>\nAls N\u00e4chstes bereitet das Kind ein Suchspiel mit Leckerchen f\u00fcr Nero vor. Dieser darf es dabei beobachten und wird f\u00fcr ruhiges Verhalten von seinen Menschen belohnt. Ist das Kind fertig darf der Hund die Leckerchen suchen.<br \/>\nJe nachdem, wie die Trainerin und auch die Besitzer des Hundes, die Situation einsch\u00e4tzen darf der Hund auch das Kind begr\u00fc\u00dfen, ein Leckerchen aus dessen Hand fressen oder in seiner N\u00e4he ein paar Leckerchen suchen. Auch die Begleitperson kann positiv eingebunden werden, indem sie den Hund belohnt und dadurch die Situation positiv belegt.<\/p>\n<p><a href=\"https:\/\/hundeschule-teamwork.com\/angebote\/wp-content\/uploads\/2015\/05\/20150514_113756_resized.jpg\"><img loading=\"lazy\" decoding=\"async\" class=\" size-full wp-image-941 alignleft\" src=\"https:\/\/hundeschule-teamwork.com\/angebote\/wp-content\/uploads\/2015\/05\/20150514_113756_resized.jpg\" alt=\"20150514_113756_resized\" width=\"252\" height=\"448\" \/><\/a>Sehr \u00e4hnlich bauen wir die Situation nun auch drau\u00dfen im Garten auf.<br \/>\nNero darf sich auch hier erst einmal umschauen, ein paar Leckerchen suchen und sich mit der Umgebung vertraut machen. W\u00e4hrend er sich umschaut, kommt dann wieder das Kind in Begleitung in den Garten und spielt ruhig in einer Ecke. F\u00fcr ruhiges hinschauen belohnen Nero seine Menschen. Er darf sich umschauen und auch Interesse am Kind ist durchaus erw\u00fcnscht.<br \/>\nAuch hier darf je nach Situation und in gemeinsamer Absprache mit Anke und Nero`s Besitzern das Kind Leckerchen f\u00fcttern und der Hund das Kind beschnuppern. Die Begleitperson wird auch wieder einbezogen und gestaltet die Situation sehr positiv f\u00fcr den Hund indem Leckerchen gef\u00fcttert werden. Immer mal wieder sprechen auch Nero`s Menschen ihn an und belohnen ihn, wenn er ihnenAufmerksamkeit schenkt. <a href=\"https:\/\/hundeschule-teamwork.com\/angebote\/wp-content\/uploads\/2015\/05\/20150514_114413_resized.jpg\"><img loading=\"lazy\" decoding=\"async\" class=\" size-full wp-image-943 alignright\" src=\"https:\/\/hundeschule-teamwork.com\/angebote\/wp-content\/uploads\/2015\/05\/20150514_114413_resized.jpg\" alt=\"20150514_114413_resized\" width=\"448\" height=\"252\" srcset=\"https:\/\/hundeschule-teamwork.com\/angebote\/wp-content\/uploads\/2015\/05\/20150514_114413_resized.jpg 448w, https:\/\/hundeschule-teamwork.com\/angebote\/wp-content\/uploads\/2015\/05\/20150514_114413_resized-320x180.jpg 320w\" sizes=\"auto, (max-width: 448px) 100vw, 448px\" \/><\/a><\/p>\n<p>Ganz absichtlich gestallten wir diese Situationen sehr einfach, sodass der Hund eine gro\u00dfe Chance hat alles richtig zu machen. Absolviert er die Situationen zuverl\u00e4ssig kann man die \u00dcbungen steigern. Das kann bedeuten, dass man den Abstand zum urspr\u00fcnglichen Ausl\u00f6ser verringert, dieser mal sitzt, steht oder sich bewegt, der Ausl\u00f6ser auch mal gewechselt wird (zun\u00e4chst vielleicht ein gro\u00dfes Kind und sp\u00e4ter immer j\u00fcngere, irgendwann auch mal mehrere Kinder), die Situationen sollten auch in unterschiedlichen Umgebungen und zu unterschiedlichen Tageszeiten ge\u00fcbt werden und auch alle anderen Umweltreize sollten mal wechseln.<br \/>\nUm Nero m\u00f6glichst unterschiedliche Situationen zu bieten, in denen er dem Kind begegnet, fahren wir nach einem erfolgreichen Training im Garten zum Waldgel\u00e4nde, um die \u00dcbung dort erneut aufzubauen.<br \/>\nWie bereits im Seminarraum und auch im Garten darf sich Nero wieder ganz entspannt umschauen. Er schnuppert alles ab und erkundet die neue Gegend. Seine Menschen machen ein paar \u00dcbungen mit ihm und besch\u00e4ftigen ihn mit Suchspielen. <a href=\"https:\/\/hundeschule-teamwork.com\/angebote\/wp-content\/uploads\/2015\/05\/20150514_115357_resized.jpg\"><img loading=\"lazy\" decoding=\"async\" class=\" size-full wp-image-944 alignright\" src=\"https:\/\/hundeschule-teamwork.com\/angebote\/wp-content\/uploads\/2015\/05\/20150514_115357_resized.jpg\" alt=\"20150514_115357_resized\" width=\"448\" height=\"252\" srcset=\"https:\/\/hundeschule-teamwork.com\/angebote\/wp-content\/uploads\/2015\/05\/20150514_115357_resized.jpg 448w, https:\/\/hundeschule-teamwork.com\/angebote\/wp-content\/uploads\/2015\/05\/20150514_115357_resized-320x180.jpg 320w\" sizes=\"auto, (max-width: 448px) 100vw, 448px\" \/><\/a><br \/>\nIm n\u00e4chsten Schritt kommt dann wieder das Kind in Begleitung eines Erwachsenen dazu. W\u00e4hrend Nero`s Besitzer ihn f\u00fcr ruhiges Verhalten best\u00e4tigen, sucht sich das Kind eine Ecke und beginnt wieder ruhig zu spielen. Nero und seine Menschen gehen ein bisschen \u00fcber das Gel\u00e4nde spazieren und auch mal etwas n\u00e4her zum Kind. Jedes ruhige hinschauen wird belohnt.<br \/>\nAuch hier darf das Kind wieder etwas Sch\u00f6nes f\u00fcr den Hund vorbereiten. Der gro\u00dfe Baum mit der dicken Rinde bietet sich gut an, um Futter in die Rinde zu stecken. Nero darf dabei zusehen und wird weiterhin f\u00fcr ruhiges Verhalten belohnt.<\/p>\n<p><a href=\"https:\/\/hundeschule-teamwork.com\/angebote\/wp-content\/uploads\/2015\/05\/20150514_120841_resized.jpg\"><img loading=\"lazy\" decoding=\"async\" class=\" size-full wp-image-949 alignnone\" src=\"https:\/\/hundeschule-teamwork.com\/angebote\/wp-content\/uploads\/2015\/05\/20150514_120841_resized.jpg\" alt=\"20150514_120841_resized\" width=\"448\" height=\"252\" srcset=\"https:\/\/hundeschule-teamwork.com\/angebote\/wp-content\/uploads\/2015\/05\/20150514_120841_resized.jpg 448w, https:\/\/hundeschule-teamwork.com\/angebote\/wp-content\/uploads\/2015\/05\/20150514_120841_resized-320x180.jpg 320w\" sizes=\"auto, (max-width: 448px) 100vw, 448px\" \/><\/a><\/p>\n<p>Dann ruft das Kind den Hund und gibt das Kommando \u201eSuch\u201c.<\/p>\n<p><a href=\"https:\/\/hundeschule-teamwork.com\/angebote\/wp-content\/uploads\/2015\/05\/20150514_115710_resized.jpg\"><img loading=\"lazy\" decoding=\"async\" class=\"alignleft size-full wp-image-945\" src=\"https:\/\/hundeschule-teamwork.com\/angebote\/wp-content\/uploads\/2015\/05\/20150514_115710_resized.jpg\" alt=\"20150514_115710_resized\" width=\"448\" height=\"252\" srcset=\"https:\/\/hundeschule-teamwork.com\/angebote\/wp-content\/uploads\/2015\/05\/20150514_115710_resized.jpg 448w, https:\/\/hundeschule-teamwork.com\/angebote\/wp-content\/uploads\/2015\/05\/20150514_115710_resized-320x180.jpg 320w\" sizes=\"auto, (max-width: 448px) 100vw, 448px\" \/><\/a><\/p>\n<p>So verringert sich nach und nach die Distanz zwischen Hund und Kind und wird, durch die f\u00fcr den Hund sch\u00f6ne Situation mit Leckerchen suchen, positiv belegt.<br \/>\nJetzt darf Nero, nach gemeinsamer Reflexion des bisherigen Verlaufs der \u00dcbungen, auch mal frei laufen und wir behalten die Situation gut im Blick. Nero ist ganz entspannt und mehr an den Leckerchen, die das Kind f\u00fcttert, interessiert als am Kind selbst.<a href=\"https:\/\/hundeschule-teamwork.com\/angebote\/wp-content\/uploads\/2015\/05\/20150514_115824_resized.jpg\"><img loading=\"lazy\" decoding=\"async\" class=\" size-full wp-image-946 alignright\" src=\"https:\/\/hundeschule-teamwork.com\/angebote\/wp-content\/uploads\/2015\/05\/20150514_115824_resized.jpg\" alt=\"20150514_115824_resized\" width=\"448\" height=\"252\" srcset=\"https:\/\/hundeschule-teamwork.com\/angebote\/wp-content\/uploads\/2015\/05\/20150514_115824_resized.jpg 448w, https:\/\/hundeschule-teamwork.com\/angebote\/wp-content\/uploads\/2015\/05\/20150514_115824_resized-320x180.jpg 320w\" sizes=\"auto, (max-width: 448px) 100vw, 448px\" \/><\/a><br \/>\nDa Nero ja eher bei wild spielenden Kindern bellt, also die Bewegung mit als Ausl\u00f6ser f\u00fcr sein bellen und ziehen verantwortlich ist, steigern wird die \u00dcbung nun noch etwas. Nero hat die \u00dcbungen bisher sehr gut gemeistert und ist weiterhin sehr entspannt und gut ansprechbar. Nach einer kurzen Pause in der er noch ein bisschen das Gel\u00e4nde anschauen darf starten wir also in die n\u00e4chste \u00dcbung.<br \/>\nZwischen zwei Verkehrsh\u00fctchen soll das Kind mit Begleitperson nun hin und her rennen. Nero ist zun\u00e4chst angeleint und geht mit gen\u00fcgend Abstand zu der Situation gemeinsam mit seinen Menschen etwas umher. F\u00fcr sie ist es nun wieder wichtig im richtigen Moment zu belohnen und wenn der Hund zu aufgeregt ist, den Abstand zu vergr\u00f6\u00dfern. <a href=\"https:\/\/hundeschule-teamwork.com\/angebote\/wp-content\/uploads\/2015\/05\/20150514_121246_resized.jpg\"><img loading=\"lazy\" decoding=\"async\" class=\" size-full wp-image-948 alignleft\" src=\"https:\/\/hundeschule-teamwork.com\/angebote\/wp-content\/uploads\/2015\/05\/20150514_121246_resized.jpg\" alt=\"20150514_121246_resized\" width=\"448\" height=\"252\" srcset=\"https:\/\/hundeschule-teamwork.com\/angebote\/wp-content\/uploads\/2015\/05\/20150514_121246_resized.jpg 448w, https:\/\/hundeschule-teamwork.com\/angebote\/wp-content\/uploads\/2015\/05\/20150514_121246_resized-320x180.jpg 320w\" sizes=\"auto, (max-width: 448px) 100vw, 448px\" \/><\/a><br \/>\nNero meistert auch diese Situation super. Er bleibt bei seinen Menschen und l\u00e4sst sich nicht zum mit rennen animieren. Deshalb steigern wir die \u00dcbung noch weiter und lassen ihn von der Leine. Auch das ist dank der vorherigen Trainingsschritte, und da Nero das Kind nun schon kennengelernt hat, kein Problem. Das hei\u00dft aber nicht, dass Nero nun keine spielenden Kinder mehr anbellt. Nat\u00fcrlich muss er dies noch ganz oft \u00fcben, in jeder Situation im Alltag. Dabei ist es f\u00fcr seine Menschen wichtig, die Situation gut zu \u00fcberblicken, und zun\u00e4chst den Abstand angemessen zu vergr\u00f6\u00dfern. Mit viel \u00dcbung in den verschiedensten Situationen wird Nero dann bald spielenden Kindern mit Freude begegnen und seine Konzentration auf seine Menschen haben, die ihn gro\u00dfz\u00fcgig belohnen.<\/p>\n<p>Wichtig zu beachten ist noch, nicht zu lange auf einmal zu trainieren, also nicht l\u00e4nger als eine halbe Stunde mit mehreren Pausen, in denen der Hund machen darf was er will. Und jedes Training sollte mit einer einfachen \u00dcbung die der Hund schon gut beherrscht beginnen, damit er sich auf das Training einstellen kann und wei\u00df worum es geht.<br \/>\nSollte es Trainingsr\u00fcckschritte geben oder der Hund ist an einem Tag nicht konzentriert, dann sollte man lieber nur leichte \u00dcbungen machen beziehungsweise ein \u2013 zwei Schritte im Trainingsverlauf zur\u00fcckgehen.<br \/>\nJe l\u00e4nger und st\u00e4rker der Hund bereits das alte unerw\u00fcnschte Verhalten zeigt, umso l\u00e4nger dauert es die positive Verkn\u00fcpfung herzustellen.<br \/>\nDie Gegenkonditionierung kann in den verschiedensten F\u00e4llen und auch bei der Welpenerziehung, am besten schon bevor Probleme auftreten, angewandt werden. M\u00f6gliche Alltagsreize durch verschiedenste Ger\u00e4usche, Dynamik und auch bei Verh\u00e4ltnissen von N\u00e4he und Distanz kann hier vorrausschauend gehandelt und die nat\u00fcrliche Reaktion des Hundes gegenkonditioniert werden.<br \/>\nWichtig ist es auch im Alltag vorausschauend zu handeln, es hilft zu agieren anstatt zu reagieren und selbst immer gelassen zu bleiben.<\/p>\n<p>Praktikantin Lea J. Benfer<\/p>","protected":false},"excerpt":{"rendered":"<p>Die Gegenkonditionierung kann man gut im Training mit Hunden, die auf einen bestimmten Ausl\u00f6sereiz mit Bellen, Angst oder Leinenziehen, reagieren anwenden. Im Beispiel mit Dobermann Nero ist dieser Ausl\u00f6sereiz \u201espielende Kinder\u201c. Nero reagiert auf diese mit Bellen und an der &hellip; <a href=\"https:\/\/hundeschule-teamwork.com\/angebote\/aufbau-der-gegenkonditionierung-am-beispiel-von-dobermann-nero-der-kinder-anbellt\/\">Weiterlesen <span class=\"meta-nav\">&rarr;<\/span><\/a><\/p>\n","protected":false},"author":1,"featured_media":0,"parent":0,"menu_order":0,"comment_status":"closed","ping_status":"closed","template":"","meta":{"ngg_post_thumbnail":0,"footnotes":""},"class_list":["post-3502","page","type-page","status-publish","hentry"],"_links":{"self":[{"href":"https:\/\/hundeschule-teamwork.com\/angebote\/wp-json\/wp\/v2\/pages\/3502","targetHints":{"allow":["GET"]}}],"collection":[{"href":"https:\/\/hundeschule-teamwork.com\/angebote\/wp-json\/wp\/v2\/pages"}],"about":[{"href":"https:\/\/hundeschule-teamwork.com\/angebote\/wp-json\/wp\/v2\/types\/page"}],"author":[{"embeddable":true,"href":"https:\/\/hundeschule-teamwork.com\/angebote\/wp-json\/wp\/v2\/users\/1"}],"replies":[{"embeddable":true,"href":"https:\/\/hundeschule-teamwork.com\/angebote\/wp-json\/wp\/v2\/comments?post=3502"}],"version-history":[{"count":2,"href":"https:\/\/hundeschule-teamwork.com\/angebote\/wp-json\/wp\/v2\/pages\/3502\/revisions"}],"predecessor-version":[{"id":3505,"href":"https:\/\/hundeschule-teamwork.com\/angebote\/wp-json\/wp\/v2\/pages\/3502\/revisions\/3505"}],"wp:attachment":[{"href":"https:\/\/hundeschule-teamwork.com\/angebote\/wp-json\/wp\/v2\/media?parent=3502"}],"curies":[{"name":"wp","href":"https:\/\/api.w.org\/{rel}","templated":true}]}}