{"id":3507,"date":"2018-01-04T13:55:33","date_gmt":"2018-01-04T11:55:33","guid":{"rendered":"http:\/\/hundeschule-teamwork.com\/angebote\/?page_id=3507"},"modified":"2018-01-04T14:57:54","modified_gmt":"2018-01-04T12:57:54","slug":"erfolgsbericht-training-angstbewaeltigung-eines-erwachsenen-menschen-vor-hunden","status":"publish","type":"page","link":"https:\/\/hundeschule-teamwork.com\/angebote\/dies-das\/medienberichte\/feedback-und-berichte\/erfolgsbericht-training-angstbewaeltigung-eines-erwachsenen-menschen-vor-hunden\/","title":{"rendered":"Erfolgsbericht Training Angstbew\u00e4ltigung eines erwachsenen Menschen vor Hunden"},"content":{"rendered":"<p>Vor einigen Wochen kontaktierte mich Nadine mit dem Anliegen, dass sie sehr unter ihrer Angst vor Hunden leide und sogar Panikattacken bekomme, wenn ihr drau\u00dfen Hunde begegnen, insbesondere unangeleinte Hunde. Sie bekomme dann Herzrasen und leide unter dem Gef\u00fchl, die Kontrolle \u00fcber die Situation zu verlieren.<\/p>\n<p>Im Rahmen einer 5er Karte Einzeltrainings in unserer Hundeschule Teamwork haben wir gemeinsam einen kleinschrittigen Trainingsplan erarbeitet, der Nadine immer auch mehrere M\u00f6glichkeiten zur Wahl gelassen hat. Diese Wahlm\u00f6glichkeit ist sehr wichtig, um aktive Entscheidungen und damit das klare \u201eja\u201c f\u00fcr den n\u00e4chsten Schritt dem noch hunde\u00e4ngstlichen Mensch selbst zu erm\u00f6glichen.<\/p>\n<p>In den ersten beiden Trainings haben wir viel Wissensvermittlung \u00fcber Ausdrucksweise und Kommunikation von Hunden durchgenommen gepaart mit praktischen \u00dcbungen des gemeinsamen Mensch-Hund-Spaziergangs, bei dem Nadine immer selbst den Abstand w\u00e4hlen durfte, den sie zum Hund einnehmen mochte, so dass sie sich noch gut wohlgef\u00fchlt hatte. Dadurch, dass wir so kleinschrittig und ohne Zielvorgabe, dass eine direkte Begr\u00fc\u00dfung des Hundes m\u00f6glichst schnell vornehmen m\u00fcssten, konnte sich Nadine selbst mit dem Gedanken anfreunden und \u00e4u\u00dferte dann im 3. Einzeltraining aktiv den Wunsch, den Hund Jack zu begr\u00fc\u00dfen. Meine Auszubildende und Mitarbeiterin Lea und ich hatten sie am Anfang der 3. Stunde dazu eingeladen, ihr Ziel f\u00fcr diese Stunde zu formulieren, was sie, wie gesagt tat, indem sie sagte, sie wolle Jack dieses Mal aktiv begr\u00fc\u00dfen. Die Begr\u00fc\u00dfung verlief f\u00fcr beide Seiten, f\u00fcr Mensch und Hund, derart freudig, dass Nadine uns bat, Jack von der Leine zu nehmen, um auch im Freilauf mit ihm weiteren Kontakt zu haben. Wir zeigten daraufhin noch einige Handlungsbausteine (also sch\u00f6ne Aktionen, die Mensch und Hund gemeinsam machen k\u00f6nnen), die wir auch in der Hundegest\u00fctzten P\u00e4dagogik einsetzen und Nadine konnte sich in der Situation so wohl und motiviert f\u00fchlen, dass sie begann, mit Jack diese Handlungsbausteine auf freudige Weise auszuf\u00fchren. Desweiteren w\u00fcnschte sie sich am Ende der Stunde noch, einen Spaziergang mit Jack durchs Wohngebiet zu machen (in Leas und meiner Begleitung) und hat Jack dabei selbst erfolgreich an der Leine gef\u00fchrt.<\/p>\n<p>F\u00fcr das n\u00e4chste Einzeltraining haben wir gemeinsam besprochen, dass Emil, der zweieinhalbj\u00e4hrige Cockerspaniel-Pudel-Mix von Lea, als Statist dabei sein soll und Nadine mit ihm einen weiteren Hund kleinerer Gr\u00f6\u00dfe kennen lernen kann. Das Einzeltraining fand diesmal auf dem Waldgel\u00e4nde der Hundeschule Teamwork statt. W\u00e4hrend Lea und Emil noch einen kleinen Erkundungsspaziergang machten, besprach ich mit Nadine die Ziele und Gestaltung des heutige Trainings. Lea kam mit Emil dazu und w\u00e4hrend sie etwas auf Abstand mit Emil blieb, ihn das Gel\u00e4nde erkunden lie\u00df und kleine \u00dcbungen mit ihm machte, hatte Nadine die Chance Emil zu beobachten und Fragen zu seinem Verhalten zu stellen. Wir besprachen gemeinsam verschiedene Handlungsm\u00f6glichkeiten, f\u00fcr Notfallsituationen in denen ein Hund ohne Leine auf Nadine zu l\u00e4uft. Im Sinne der Calming Signals \u2013 Beschwichtigungssignale &#8211; war eine Handlungsm\u00f6glichkeit, um dem entgegenkommenden Hund, aber auch dem Hundehalter, zu vermitteln das kein Kontakt erw\u00fcnscht ist, einen Bogen zu laufen. Sollte diese Handlung nicht ausreichen und ein besonders kontaktfreudiger Hund trotzdem n\u00e4her kommen, haben wir Nadine die M\u00f6glichkeit vorgestellt ein paar Leckerlies dem Hund entgegen zu werfen und ihn damit abzulenken und zu besch\u00e4ftigen, sodass Nadine dem Hund ausweichen und seine Halter ihn an die Leinen nehmen\/festhalten k\u00f6nnen. Diese M\u00f6glichkeiten haben wir dann auch mit Emil in der Praxis ge\u00fcbt. Wir sind gemeinsam ein St\u00fcck gelaufen und haben dann eine Begegnungssituation gestellt. So konnte Nadine die Handlungsm\u00f6glichkeiten ein\u00fcben und selbst erkennen, wie ein Hund darauf reagiert. Damit sich alle Beteiligten wohl f\u00fchlen und die \u00dcbung gut durchf\u00fchren k\u00f6nnen wurde Emil weiterhin an der Leine gef\u00fchrt, da es ihm sehr schwer f\u00e4llt nicht zu Nadine zu laufen. Trotzdem war sch\u00f6n zu erkennen, das Emil, obwohl er es meistens vorziehen w\u00fcrde einen Menschen zu begr\u00fc\u00dfen statt mit Futter belohnt zu werden, die geworfenen Leckerlis suchen geht, anstatt zu Nadine zu st\u00fcrmen. Auch in der \u00dcbung, wo wir das Laufen eines Bogens im Sinne der Calming Signals ge\u00fcbt haben, hat sehr gut geklappt und verdeutlicht, wie Hunde auf diese Art der Kommunikation reagieren. W\u00e4hrend es Emil zun\u00e4chst schwer gefallen ist in der Begegnungssituation bei Lea zu bleiben, konnte er sich bei der Begegnung wo Nadine und Anke einen deutlichen, wenn auch nur kleinen Bogen gelaufen sind, viel besser auf Lea konzentrieren und hat den Abstand, den sich die beiden genommen haben, akzeptiert.<\/p>\n<p>Nach und nach konnte Nadine Emil noch besser einsch\u00e4tzen und sich sogar trauen ihn mit der Leberwursttube zu belohnen. Auch die \u00dcbung \u201eLeckerliebaum\u201c, bei der der Hund wartet, w\u00e4hrend kleine feuchte Leckerlis in die raue Rinde eines Baumes, auf Kopfh\u00f6he und teilweise auch etwas h\u00f6her, gesteckt werden, haben Nadine und Emil gut gemeistert. Nadine hat die \u00dcbung sehr gut gefallen, sie konnte sehr nah bei Emil bleiben und ihm beim Suchen der Leckerlis helfen und ihn stimmlich loben, immer wenn er eines gefunden hat.<\/p>\n<p>Da Lea und Emil genauso wie Nadine mit dem Zug zur\u00fcck nach Hause nach Marburg mussten konnten sie die Zugfahrt gemeinsam antreten. Nadine hat sich sehr gefreut und konnte entspannt neben den beiden im Zug sitzen und so noch etwas mehr entspannte Zeit mit Emil verbringen.<\/p>","protected":false},"excerpt":{"rendered":"<p>Vor einigen Wochen kontaktierte mich Nadine mit dem Anliegen, dass sie sehr unter ihrer Angst vor Hunden leide und sogar Panikattacken bekomme, wenn ihr drau\u00dfen Hunde begegnen, insbesondere unangeleinte Hunde. Sie bekomme dann Herzrasen und leide unter dem Gef\u00fchl, die &hellip; <a href=\"https:\/\/hundeschule-teamwork.com\/angebote\/dies-das\/medienberichte\/feedback-und-berichte\/erfolgsbericht-training-angstbewaeltigung-eines-erwachsenen-menschen-vor-hunden\/\">Weiterlesen <span class=\"meta-nav\">&rarr;<\/span><\/a><\/p>\n","protected":false},"author":1,"featured_media":0,"parent":931,"menu_order":0,"comment_status":"closed","ping_status":"closed","template":"","meta":{"ngg_post_thumbnail":0,"footnotes":""},"class_list":["post-3507","page","type-page","status-publish","hentry"],"_links":{"self":[{"href":"https:\/\/hundeschule-teamwork.com\/angebote\/wp-json\/wp\/v2\/pages\/3507","targetHints":{"allow":["GET"]}}],"collection":[{"href":"https:\/\/hundeschule-teamwork.com\/angebote\/wp-json\/wp\/v2\/pages"}],"about":[{"href":"https:\/\/hundeschule-teamwork.com\/angebote\/wp-json\/wp\/v2\/types\/page"}],"author":[{"embeddable":true,"href":"https:\/\/hundeschule-teamwork.com\/angebote\/wp-json\/wp\/v2\/users\/1"}],"replies":[{"embeddable":true,"href":"https:\/\/hundeschule-teamwork.com\/angebote\/wp-json\/wp\/v2\/comments?post=3507"}],"version-history":[{"count":1,"href":"https:\/\/hundeschule-teamwork.com\/angebote\/wp-json\/wp\/v2\/pages\/3507\/revisions"}],"predecessor-version":[{"id":3509,"href":"https:\/\/hundeschule-teamwork.com\/angebote\/wp-json\/wp\/v2\/pages\/3507\/revisions\/3509"}],"up":[{"embeddable":true,"href":"https:\/\/hundeschule-teamwork.com\/angebote\/wp-json\/wp\/v2\/pages\/931"}],"wp:attachment":[{"href":"https:\/\/hundeschule-teamwork.com\/angebote\/wp-json\/wp\/v2\/media?parent=3507"}],"curies":[{"name":"wp","href":"https:\/\/api.w.org\/{rel}","templated":true}]}}