{"id":3620,"date":"2018-03-17T08:41:18","date_gmt":"2018-03-17T06:41:18","guid":{"rendered":"http:\/\/hundeschule-teamwork.com\/angebote\/?page_id=3620"},"modified":"2018-03-17T08:41:18","modified_gmt":"2018-03-17T06:41:18","slug":"luca-und-janosch","status":"publish","type":"page","link":"https:\/\/hundeschule-teamwork.com\/angebote\/luca-und-janosch\/","title":{"rendered":"Luca und Janosch"},"content":{"rendered":"ngg_shortcode_0_placeholder\n<p>&nbsp;<\/p>\n<div class=\"aolmail_yiv7883144503\"><span class=\"aolmail_yiv7883144503\">Janosch und Luca, M\u00e4rz 2018<\/span><\/div>\n<div class=\"aolmail_yiv7883144503\">&nbsp;<\/div>\n<div class=\"aolmail_yiv7883144503\"><span class=\"aolmail_yiv7883144503\">Mein Name ist Luca Kornelia Jeck und mein Hund Janosch, Flat-Coated &#8211; Australian-Shepherd Mix sind bei Anke seit Januar 2018 in der Ausbildung.&nbsp;<\/span><\/div>\n<div class=\"aolmail_yiv7883144503\"><span class=\"aolmail_yiv7883144503\">Wir arbeiten zusammen in Fulda im Zitronenfalter &#8211; Zentrum f\u00fcr Beratung, Fr\u00fchf\u00f6rderung und Therapie.&nbsp;<\/span><\/div>\n<div class=\"aolmail_yiv7883144503\"><span class=\"aolmail_yiv7883144503\">Als Ergotherapeutin behandelt ich Kinder mit Entwicklungsst\u00f6rungen, Geriatrische und Neurologische Patienten sowie&nbsp; Menschen mit einem starken Handicap.<\/span><\/div>\n<div>&nbsp;<\/div>\n<div class=\"aolmail_yiv7883144503\"><span class=\"aolmail_yiv7883144503\">Eine gelenkte Interaktion zielt immer auf ein Therapieziel ab. In der Ergotherapie w\u00e4re hier beispielswei\u00dfe das Streicheln und Ber\u00fchren des Fells zur F\u00f6rderung der taktilen Verarbeitung und Wahrnehmung einzuordnen.<\/span><\/div>\n<div class=\"aolmail_yiv7883144503\">&nbsp;<\/div>\n<div class=\"aolmail_yiv7883144503\"><span class=\"aolmail_yiv7883144503\">Die Kernaufgabe f\u00fcr Janosch, in der tiergest\u00fctzten Therapie, ist die Funktion als Motivationsobjekt.<\/span><\/div>\n<div class=\"aolmail_yiv7883144503\"><span class=\"aolmail_yiv7883144503\">Die allgemeine Motivation zu Teilhabe an der Therapie ist bei meinen Klienten mit Janosch sehr hoch. Das Erlernen und&nbsp; Verbessern bestimmter Kompetenzen und F\u00e4higkeiten gelingen ihnen leichter.<\/span><\/div>","protected":false},"excerpt":{"rendered":"<p>&nbsp; Janosch und Luca, M\u00e4rz 2018 &nbsp; Mein Name ist Luca Kornelia Jeck und mein Hund Janosch, Flat-Coated &#8211; Australian-Shepherd Mix sind bei Anke seit Januar 2018 in der Ausbildung.&nbsp; Wir arbeiten zusammen in Fulda im Zitronenfalter &#8211; Zentrum f\u00fcr &hellip; <a href=\"https:\/\/hundeschule-teamwork.com\/angebote\/luca-und-janosch\/\">Weiterlesen <span class=\"meta-nav\">&rarr;<\/span><\/a><\/p>\n","protected":false},"author":1,"featured_media":0,"parent":0,"menu_order":0,"comment_status":"closed","ping_status":"closed","template":"","meta":{"ngg_post_thumbnail":0,"footnotes":""},"class_list":["post-3620","page","type-page","status-publish","hentry"],"_links":{"self":[{"href":"https:\/\/hundeschule-teamwork.com\/angebote\/wp-json\/wp\/v2\/pages\/3620","targetHints":{"allow":["GET"]}}],"collection":[{"href":"https:\/\/hundeschule-teamwork.com\/angebote\/wp-json\/wp\/v2\/pages"}],"about":[{"href":"https:\/\/hundeschule-teamwork.com\/angebote\/wp-json\/wp\/v2\/types\/page"}],"author":[{"embeddable":true,"href":"https:\/\/hundeschule-teamwork.com\/angebote\/wp-json\/wp\/v2\/users\/1"}],"replies":[{"embeddable":true,"href":"https:\/\/hundeschule-teamwork.com\/angebote\/wp-json\/wp\/v2\/comments?post=3620"}],"version-history":[{"count":2,"href":"https:\/\/hundeschule-teamwork.com\/angebote\/wp-json\/wp\/v2\/pages\/3620\/revisions"}],"predecessor-version":[{"id":3622,"href":"https:\/\/hundeschule-teamwork.com\/angebote\/wp-json\/wp\/v2\/pages\/3620\/revisions\/3622"}],"wp:attachment":[{"href":"https:\/\/hundeschule-teamwork.com\/angebote\/wp-json\/wp\/v2\/media?parent=3620"}],"curies":[{"name":"wp","href":"https:\/\/api.w.org\/{rel}","templated":true}]}}