{"id":3722,"date":"2018-06-05T15:28:22","date_gmt":"2018-06-05T13:28:22","guid":{"rendered":"https:\/\/hundeschule-teamwork.com\/angebote\/?page_id=3722"},"modified":"2018-06-05T16:09:47","modified_gmt":"2018-06-05T14:09:47","slug":"wasserspiele-mit-hunden","status":"publish","type":"page","link":"https:\/\/hundeschule-teamwork.com\/angebote\/wasserspiele-mit-hunden\/","title":{"rendered":"Wasserspiele mit Hunden"},"content":{"rendered":"<h2><span style=\"color: #000080;\">Wasserspiele \u2013 Sch\u00f6ne Besch\u00e4ftigung f\u00fcr Menschen und Hunde (die es m\u00f6gen) im Sommer<\/span><\/h2>\n<h2><span style=\"color: #000080;\">Ganz einfach geht\u2019s\u2026<\/span><\/h2>\n<p><span style=\"color: #000080;\"><u>Was braucht Ihr?<\/u><\/span><\/p>\n<ul>\n<li><span style=\"color: #000080;\">Eine oder mehrere Sch\u00fcssel(n)<\/span><\/li>\n<li><span style=\"color: #000080;\">Wasser<\/span><\/li>\n<li><span style=\"color: #000080;\">Wasserspielzeuge verschiedener Arten<\/span><\/li>\n<li><span style=\"color: #000080;\">Eventuell weitere Spielsachen und Naturmaterialien, z.B. Tannenzapfen<\/span><\/li>\n<li><span style=\"color: #000080;\">Leckerlis verschiedener Qualit\u00e4ten, dabei mindestens 1 Sorte Leckerlis, die schwimmen und (falls vorhanden) auch mindestens 1 Sorte Leckerlis, die untertauchen\u2026<\/span><\/li>\n<\/ul>\n<p><span style=\"color: #000080;\"><u>Wie funktioniert es?<\/u><\/span><\/p>\n<p><span style=\"color: #000080;\">Ihr bef\u00fcllt die Sch\u00fcssel(n) mit Wasser, setzt die (Wasser-)Spielsachen hinein und versteckt nach Herzenslust Leckerlis auf den Spielsachen, zwischen den Spielsachen, direkt auf dem Wasser und last auch nicht-schwimmende Leckerlis untergehen bis zum Sch\u00fcssel-Boden.<\/span><\/p>\n<p><span style=\"color: #000080;\">Euer Hund sollte w\u00e4hrend dieser Spielvorbereitung lernen, abzuwarten. Hat er das noch nicht gelernt, k\u00f6nnt Ihr ein Familienmitglied\/Freund\/Bekannten bitten, Euren Hund mit Brustgeschirr und Leine einige Meter neben dem Wasserspiel zu sichern und das ruhige Warten mit Markerwort und Leckerli immer wieder zwischendrin zu best\u00e4rken. Hat der Hund sich ans Abwarten gew\u00f6hnt, kann dabei auch gezielt die Signale \u201eSitz+Bleib\u201c und \u201ePlatz + Bleib\u201c weiter vertieft werden und diese Wartepositionen immer gut mit Markerwort und Leckerli best\u00e4rkt werden. Nach und nach braucht ihr daf\u00fcr keine Hilfsperson und Leine mehr.<\/span><\/p>\n<p><span style=\"color: #000080;\">Dann d\u00fcrft Ihr den Namen Eures Hundes sagen und ein Wort- und Sichtzeichen, z.B. \u201esuch\u201c mit zur Wassersch\u00fcssel zeigender Armbewegung machen und damit dem Hund Eure Erlaubnis und Einladung erteilen, das Wasserspiel zu starten.<\/span><\/p>\n<p><span style=\"color: #000080;\">Nun darf Euer Hund die in der Wassersch\u00fcssel versteckten Leckerlis suchen und erh\u00e4lt dadurch eine sch\u00f6ne Erfrischung, die Ihr Euch bestimmt beim Best\u00fccken des Wasserpiels auch schon geg\u00f6nnt habt &#x1f60a;. &nbsp;&nbsp;&nbsp;Jedesmal, wenn Euer Hund ein Leckerli findet, d\u00fcrft Ihr Euch mitfreuen und ihm auch ein Markerwort, z.B. \u201efein\u201c sagen. Dadurch wird auch Euer Marker-(Lob-)Wort gut \u201eaufgeladen\u201c. Nat\u00fcrlich darf sich Euer Hund auch ein Wasserspielzeug (z.B. Ball) aus der Sch\u00fcssel herausholen und damit Spielen (Achtung: B\u00e4llchen werfen nicht zu h\u00e4ufig, lieber den Ball verstecken und vom Hund suchen lassen).<\/span><\/p>\n<p><span style=\"color: #000080;\"><u>Variationsm\u00f6glichkeiten:<\/u><\/span><\/p>\n<p><span style=\"color: #000080;\">Nat\u00fcrlich k\u00f6nnt Ihr anstelle der (oder zus\u00e4tzlich zur) Sch\u00fcssel auch eine \u201ePlastikmuschel\u201c, \u201ePlastikapfel\u201c (in Kinderspielwarenl\u00e4den erh\u00e4ltlich im Bereich Sand-\/Wasserspielzeuge) nehm<img loading=\"lazy\" decoding=\"async\" class=\"alignleft size-medium wp-image-3723\" src=\"https:\/\/hundeschule-teamwork.com\/angebote\/wp-content\/uploads\/2018\/06\/Hummel_Jack_Wasserpiele_2-320x427.jpg\" alt=\"\" width=\"320\" height=\"427\" srcset=\"https:\/\/hundeschule-teamwork.com\/angebote\/wp-content\/uploads\/2018\/06\/Hummel_Jack_Wasserpiele_2-320x427.jpg 320w, https:\/\/hundeschule-teamwork.com\/angebote\/wp-content\/uploads\/2018\/06\/Hummel_Jack_Wasserpiele_2-768x1024.jpg 768w, https:\/\/hundeschule-teamwork.com\/angebote\/wp-content\/uploads\/2018\/06\/Hummel_Jack_Wasserpiele_2-600x800.jpg 600w, https:\/\/hundeschule-teamwork.com\/angebote\/wp-content\/uploads\/2018\/06\/Hummel_Jack_Wasserpiele_2-540x720.jpg 540w, https:\/\/hundeschule-teamwork.com\/angebote\/wp-content\/uploads\/2018\/06\/Hummel_Jack_Wasserpiele_2.jpg 1080w\" sizes=\"auto, (max-width: 320px) 100vw, 320px\" \/>&nbsp; <img loading=\"lazy\" decoding=\"async\" class=\"alignleft size-medium wp-image-3725\" src=\"https:\/\/hundeschule-teamwork.com\/angebote\/wp-content\/uploads\/2018\/06\/Hummel_Jack_Wasserspiele_Kinder-320x240.jpg\" alt=\"\" width=\"320\" height=\"240\" srcset=\"https:\/\/hundeschule-teamwork.com\/angebote\/wp-content\/uploads\/2018\/06\/Hummel_Jack_Wasserspiele_Kinder-320x240.jpg 320w, https:\/\/hundeschule-teamwork.com\/angebote\/wp-content\/uploads\/2018\/06\/Hummel_Jack_Wasserspiele_Kinder-768x576.jpg 768w, https:\/\/hundeschule-teamwork.com\/angebote\/wp-content\/uploads\/2018\/06\/Hummel_Jack_Wasserspiele_Kinder-1024x768.jpg 1024w, https:\/\/hundeschule-teamwork.com\/angebote\/wp-content\/uploads\/2018\/06\/Hummel_Jack_Wasserspiele_Kinder-600x450.jpg 600w, https:\/\/hundeschule-teamwork.com\/angebote\/wp-content\/uploads\/2018\/06\/Hummel_Jack_Wasserspiele_Kinder-540x405.jpg 540w, https:\/\/hundeschule-teamwork.com\/angebote\/wp-content\/uploads\/2018\/06\/Hummel_Jack_Wasserspiele_Kinder.jpg 1080w\" sizes=\"auto, (max-width: 320px) 100vw, 320px\" \/> <img loading=\"lazy\" decoding=\"async\" class=\"alignleft size-medium wp-image-3726\" src=\"https:\/\/hundeschule-teamwork.com\/angebote\/wp-content\/uploads\/2018\/06\/Hummel_Jack_Wasserspiele_Kinder2-320x240.jpg\" alt=\"\" width=\"320\" height=\"240\" srcset=\"https:\/\/hundeschule-teamwork.com\/angebote\/wp-content\/uploads\/2018\/06\/Hummel_Jack_Wasserspiele_Kinder2-320x240.jpg 320w, https:\/\/hundeschule-teamwork.com\/angebote\/wp-content\/uploads\/2018\/06\/Hummel_Jack_Wasserspiele_Kinder2-768x576.jpg 768w, https:\/\/hundeschule-teamwork.com\/angebote\/wp-content\/uploads\/2018\/06\/Hummel_Jack_Wasserspiele_Kinder2-1024x768.jpg 1024w, https:\/\/hundeschule-teamwork.com\/angebote\/wp-content\/uploads\/2018\/06\/Hummel_Jack_Wasserspiele_Kinder2-600x450.jpg 600w, https:\/\/hundeschule-teamwork.com\/angebote\/wp-content\/uploads\/2018\/06\/Hummel_Jack_Wasserspiele_Kinder2-540x405.jpg 540w, https:\/\/hundeschule-teamwork.com\/angebote\/wp-content\/uploads\/2018\/06\/Hummel_Jack_Wasserspiele_Kinder2.jpg 1080w\" sizes=\"auto, (max-width: 320px) 100vw, 320px\" \/> <img loading=\"lazy\" decoding=\"async\" class=\"alignleft size-medium wp-image-3727\" src=\"https:\/\/hundeschule-teamwork.com\/angebote\/wp-content\/uploads\/2018\/06\/Hummel_Wasserspiele-320x240.jpg\" alt=\"\" width=\"320\" height=\"240\" srcset=\"https:\/\/hundeschule-teamwork.com\/angebote\/wp-content\/uploads\/2018\/06\/Hummel_Wasserspiele-320x240.jpg 320w, https:\/\/hundeschule-teamwork.com\/angebote\/wp-content\/uploads\/2018\/06\/Hummel_Wasserspiele-768x576.jpg 768w, https:\/\/hundeschule-teamwork.com\/angebote\/wp-content\/uploads\/2018\/06\/Hummel_Wasserspiele-1024x768.jpg 1024w, https:\/\/hundeschule-teamwork.com\/angebote\/wp-content\/uploads\/2018\/06\/Hummel_Wasserspiele-600x450.jpg 600w, https:\/\/hundeschule-teamwork.com\/angebote\/wp-content\/uploads\/2018\/06\/Hummel_Wasserspiele-540x405.jpg 540w, https:\/\/hundeschule-teamwork.com\/angebote\/wp-content\/uploads\/2018\/06\/Hummel_Wasserspiele.jpg 1080w\" sizes=\"auto, (max-width: 320px) 100vw, 320px\" \/> <img loading=\"lazy\" decoding=\"async\" class=\"alignleft size-medium wp-image-3728\" src=\"https:\/\/hundeschule-teamwork.com\/angebote\/wp-content\/uploads\/2018\/06\/thumbnail-320x240.jpg\" alt=\"\" width=\"320\" height=\"240\" srcset=\"https:\/\/hundeschule-teamwork.com\/angebote\/wp-content\/uploads\/2018\/06\/thumbnail-320x240.jpg 320w, https:\/\/hundeschule-teamwork.com\/angebote\/wp-content\/uploads\/2018\/06\/thumbnail-768x576.jpg 768w, https:\/\/hundeschule-teamwork.com\/angebote\/wp-content\/uploads\/2018\/06\/thumbnail-1024x768.jpg 1024w, https:\/\/hundeschule-teamwork.com\/angebote\/wp-content\/uploads\/2018\/06\/thumbnail-600x450.jpg 600w, https:\/\/hundeschule-teamwork.com\/angebote\/wp-content\/uploads\/2018\/06\/thumbnail-540x405.jpg 540w, https:\/\/hundeschule-teamwork.com\/angebote\/wp-content\/uploads\/2018\/06\/thumbnail.jpg 1080w\" sizes=\"auto, (max-width: 320px) 100vw, 320px\" \/> <img loading=\"lazy\" decoding=\"async\" class=\"alignleft size-medium wp-image-3729\" src=\"https:\/\/hundeschule-teamwork.com\/angebote\/wp-content\/uploads\/2018\/06\/Wasserspiele_Kinder_Wasserpistolen-Tool-320x427.jpg\" alt=\"\" width=\"320\" height=\"427\" srcset=\"https:\/\/hundeschule-teamwork.com\/angebote\/wp-content\/uploads\/2018\/06\/Wasserspiele_Kinder_Wasserpistolen-Tool-320x427.jpg 320w, https:\/\/hundeschule-teamwork.com\/angebote\/wp-content\/uploads\/2018\/06\/Wasserspiele_Kinder_Wasserpistolen-Tool-768x1024.jpg 768w, https:\/\/hundeschule-teamwork.com\/angebote\/wp-content\/uploads\/2018\/06\/Wasserspiele_Kinder_Wasserpistolen-Tool-600x800.jpg 600w, https:\/\/hundeschule-teamwork.com\/angebote\/wp-content\/uploads\/2018\/06\/Wasserspiele_Kinder_Wasserpistolen-Tool-540x720.jpg 540w, https:\/\/hundeschule-teamwork.com\/angebote\/wp-content\/uploads\/2018\/06\/Wasserspiele_Kinder_Wasserpistolen-Tool.jpg 1080w\" sizes=\"auto, (max-width: 320px) 100vw, 320px\" \/>en oder einen Hundeswimmingpool aus dem Fachhandel nehmen. Umso mehr Wasserpass (und Platz!) haben wasserfreudige Hunde und Menschen.<\/span><\/p>\n<p><span style=\"color: #000080;\">Wenn f\u00fcr wasserfreudige Menschen als Zubeh\u00f6r auch Wasserpistolen o.\u00e4. genommen werden, gelten die Regeln: Nicht auf den Hund schie\u00dfen und mit anderen Menschen sich nur gegenseitig mit Wasser nass machen, wenn es so gew\u00fcnscht und abgesprochen ist. Es soll allen Beteiligten Spass machen &#x1f609;.<\/span><\/p>\n<p><span style=\"color: #000080;\">Ach so: Manche Hunde m\u00f6gen es, Wasser &#8222;zu fangen&#8220;: Dann darf sachte VOR ODER NEBEN (also nicht auf!) den Hund eine Wasserfont\u00e4ne gespritzt werden, so dass Euer Hund selbst entscheiden kann, ob er sich in den Wassersstrahl begeben m\u00f6chte und Wasser &#8222;fangen&#8220; m\u00f6chte oder (diesesmal) lieber nicht.<\/span><\/p>\n<p><span style=\"color: #000080;\">Auch i<\/span><span style=\"color: #000080;\"><img loading=\"lazy\" decoding=\"async\" class=\"alignleft size-medium wp-image-3724\" src=\"https:\/\/hundeschule-teamwork.com\/angebote\/wp-content\/uploads\/2018\/06\/Hummel_Jack_Wasserspiele-320x427.jpg\" alt=\"\" width=\"320\" height=\"427\" srcset=\"https:\/\/hundeschule-teamwork.com\/angebote\/wp-content\/uploads\/2018\/06\/Hummel_Jack_Wasserspiele-320x427.jpg 320w, https:\/\/hundeschule-teamwork.com\/angebote\/wp-content\/uploads\/2018\/06\/Hummel_Jack_Wasserspiele-768x1024.jpg 768w, https:\/\/hundeschule-teamwork.com\/angebote\/wp-content\/uploads\/2018\/06\/Hummel_Jack_Wasserspiele-600x800.jpg 600w, https:\/\/hundeschule-teamwork.com\/angebote\/wp-content\/uploads\/2018\/06\/Hummel_Jack_Wasserspiele-540x720.jpg 540w, https:\/\/hundeschule-teamwork.com\/angebote\/wp-content\/uploads\/2018\/06\/Hummel_Jack_Wasserspiele.jpg 1080w\" sizes=\"auto, (max-width: 320px) 100vw, 320px\" \/><\/span><span style=\"color: #000080;\">n einem ruhigen (ohne viel Str\u00f6mung) Fluss oder See k\u00f6nnen Wasserspiele in Ufern\u00e4he gemacht werden und schwimmfreudige Hunde k\u00f6nnen auch nach Herzenslust schwimmen. Achtung: Es sollte ein flaches Ufer vorhanden sein, so dass Hund und Mensch das Gew\u00e4sser leicht betreten und wieder verlassen k\u00f6nnen. Wie bei allem im Leben gilt auch hier: Bitte das rechte Ma\u00df beachten! Bitte verausgabt bei den Wasserspielen weder Euch noch lasst Euren Hund sich verausgaben und achtet auf&nbsp; vorhandene Schattenm\u00f6glichkeiten und ausreichende Ruhephasen.<\/span><\/p>\n<p><span style=\"color: #000080;\">Wer noch mehr in dieser Richtung lesen m\u00f6chte, dem kann ich folgenden Artikel w\u00e4rmstens (coolstens &#x1f609; ) empfehlen:<\/span><\/p>\n<blockquote class=\"wp-embedded-content\" data-secret=\"cD0Td0H3SJ\"><p><a href=\"https:\/\/www.spass-mit-hund.de\/erfrischendes-fuer-heisse-tage-schiff-ahoi-im-hundepool\/\">Erfrischendes f\u00fcr hei\u00dfe Tage: Schiff ahoi im Hundepool<\/a><\/p><\/blockquote>\n<p><iframe loading=\"lazy\" class=\"wp-embedded-content\" sandbox=\"allow-scripts\" security=\"restricted\" style=\"position: absolute; visibility: hidden;\" title=\"&#8222;Erfrischendes f\u00fcr hei\u00dfe Tage: Schiff ahoi im Hundepool&#8220; &#8211; SPASS-MIT-HUND\" src=\"https:\/\/www.spass-mit-hund.de\/erfrischendes-fuer-heisse-tage-schiff-ahoi-im-hundepool\/embed\/#?secret=VvWu7ra3EO#?secret=cD0Td0H3SJ\" data-secret=\"cD0Td0H3SJ\" width=\"600\" height=\"338\" frameborder=\"0\" marginwidth=\"0\" marginheight=\"0\" scrolling=\"no\"><\/iframe><\/p>","protected":false},"excerpt":{"rendered":"<p>Wasserspiele \u2013 Sch\u00f6ne Besch\u00e4ftigung f\u00fcr Menschen und Hunde (die es m\u00f6gen) im Sommer Ganz einfach geht\u2019s\u2026 Was braucht Ihr? Eine oder mehrere Sch\u00fcssel(n) Wasser Wasserspielzeuge verschiedener Arten Eventuell weitere Spielsachen und Naturmaterialien, z.B. Tannenzapfen Leckerlis verschiedener Qualit\u00e4ten, dabei mindestens 1 &hellip; <a href=\"https:\/\/hundeschule-teamwork.com\/angebote\/wasserspiele-mit-hunden\/\">Weiterlesen <span class=\"meta-nav\">&rarr;<\/span><\/a><\/p>\n","protected":false},"author":1,"featured_media":0,"parent":0,"menu_order":0,"comment_status":"closed","ping_status":"closed","template":"","meta":{"ngg_post_thumbnail":0,"footnotes":""},"class_list":["post-3722","page","type-page","status-publish","hentry"],"_links":{"self":[{"href":"https:\/\/hundeschule-teamwork.com\/angebote\/wp-json\/wp\/v2\/pages\/3722","targetHints":{"allow":["GET"]}}],"collection":[{"href":"https:\/\/hundeschule-teamwork.com\/angebote\/wp-json\/wp\/v2\/pages"}],"about":[{"href":"https:\/\/hundeschule-teamwork.com\/angebote\/wp-json\/wp\/v2\/types\/page"}],"author":[{"embeddable":true,"href":"https:\/\/hundeschule-teamwork.com\/angebote\/wp-json\/wp\/v2\/users\/1"}],"replies":[{"embeddable":true,"href":"https:\/\/hundeschule-teamwork.com\/angebote\/wp-json\/wp\/v2\/comments?post=3722"}],"version-history":[{"count":4,"href":"https:\/\/hundeschule-teamwork.com\/angebote\/wp-json\/wp\/v2\/pages\/3722\/revisions"}],"predecessor-version":[{"id":3734,"href":"https:\/\/hundeschule-teamwork.com\/angebote\/wp-json\/wp\/v2\/pages\/3722\/revisions\/3734"}],"wp:attachment":[{"href":"https:\/\/hundeschule-teamwork.com\/angebote\/wp-json\/wp\/v2\/media?parent=3722"}],"curies":[{"name":"wp","href":"https:\/\/api.w.org\/{rel}","templated":true}]}}