{"id":4184,"date":"2019-05-22T13:21:28","date_gmt":"2019-05-22T11:21:28","guid":{"rendered":"https:\/\/hundeschule-teamwork.com\/angebote\/dies-das\/bilder\/seminar-reflexion-hundeintegrierte-praxis-fuer-paedagogische-und-therapeutische-arbeitsfelder\/"},"modified":"2019-05-24T20:02:01","modified_gmt":"2019-05-24T18:02:01","slug":"seminar-reflexion-hundeintegrierte-praxis-fuer-paedagogische-und-therapeutische-arbeitsfelder","status":"publish","type":"page","link":"https:\/\/hundeschule-teamwork.com\/angebote\/dies-das\/bilder\/seminar-reflexion-hundeintegrierte-praxis-fuer-paedagogische-und-therapeutische-arbeitsfelder\/","title":{"rendered":"Seminar Reflexion Hundeintegrierte Praxis f\u00fcr p\u00e4dagogische und therapeutische Arbeitsfelder am 18. Mai 2019"},"content":{"rendered":"<p>In diesem Seminar reflektierten wir mit Aktiven aus der Hundeintegrierten Praxis Fragen, die von den Teilnehmer*innen mitgebracht werden und arbeiten weiterf\u00fchrende Qualit\u00e4tskriterien f\u00fcr die Hundeintegrierte Arbeit der Teilnehmenden heraus. . Als Vierbeiner machten bei diesem Seminar mit: ein Labrador, ein Golden Retriever &#8211; Gro\u00dfpudel &#8211; Mischling, eine American Cocker Spaniel H\u00fcndin, ein Australian Shepherd. Eine Auswahl der Professionen der an diesem Reflexionsseminar teilnehmenden Zweibeiner: Erzieherin Waldkindergarten, Erzieherin Kindertagesst\u00e4tte, p\u00e4dagogische Mitarbeiterin im Berufsfeld f\u00fcr Menschen mit Beeintr\u00e4chtigungen, Sozialarbeiterin, Wohngruppenleiterin, Sozialp\u00e4dagogin, Kunsttherapeutin&#8230; Neben den Reflexionsfragen, die die Teilnehmer*innen mitbringen, geben wir von der Hundeschule Teamwork bei solchen regelm\u00e4\u00dfig stattfindenden Reflexionsseminaren auch wieder Wissensinput und wir f\u00fchren praktische \u00dcbungen mit den Hunden aus dem Bereich der Handlungsbaustein-Erarbeitung f\u00fcr die Praxis durch.<\/p>\nngg_shortcode_0_placeholder","protected":false},"excerpt":{"rendered":"<p>In diesem Seminar reflektierten wir mit Aktiven aus der Hundeintegrierten Praxis Fragen, die von den Teilnehmer*innen mitgebracht werden und arbeiten weiterf\u00fchrende Qualit\u00e4tskriterien f\u00fcr die Hundeintegrierte Arbeit der Teilnehmenden heraus. . Als Vierbeiner machten bei diesem Seminar mit: ein Labrador, ein &hellip; <a href=\"https:\/\/hundeschule-teamwork.com\/angebote\/dies-das\/bilder\/seminar-reflexion-hundeintegrierte-praxis-fuer-paedagogische-und-therapeutische-arbeitsfelder\/\">Weiterlesen <span class=\"meta-nav\">&rarr;<\/span><\/a><\/p>\n","protected":false},"author":1,"featured_media":0,"parent":42,"menu_order":0,"comment_status":"closed","ping_status":"closed","template":"","meta":{"ngg_post_thumbnail":0,"footnotes":""},"class_list":["post-4184","page","type-page","status-publish","hentry"],"_links":{"self":[{"href":"https:\/\/hundeschule-teamwork.com\/angebote\/wp-json\/wp\/v2\/pages\/4184","targetHints":{"allow":["GET"]}}],"collection":[{"href":"https:\/\/hundeschule-teamwork.com\/angebote\/wp-json\/wp\/v2\/pages"}],"about":[{"href":"https:\/\/hundeschule-teamwork.com\/angebote\/wp-json\/wp\/v2\/types\/page"}],"author":[{"embeddable":true,"href":"https:\/\/hundeschule-teamwork.com\/angebote\/wp-json\/wp\/v2\/users\/1"}],"replies":[{"embeddable":true,"href":"https:\/\/hundeschule-teamwork.com\/angebote\/wp-json\/wp\/v2\/comments?post=4184"}],"version-history":[{"count":5,"href":"https:\/\/hundeschule-teamwork.com\/angebote\/wp-json\/wp\/v2\/pages\/4184\/revisions"}],"predecessor-version":[{"id":4213,"href":"https:\/\/hundeschule-teamwork.com\/angebote\/wp-json\/wp\/v2\/pages\/4184\/revisions\/4213"}],"up":[{"embeddable":true,"href":"https:\/\/hundeschule-teamwork.com\/angebote\/wp-json\/wp\/v2\/pages\/42"}],"wp:attachment":[{"href":"https:\/\/hundeschule-teamwork.com\/angebote\/wp-json\/wp\/v2\/media?parent=4184"}],"curies":[{"name":"wp","href":"https:\/\/api.w.org\/{rel}","templated":true}]}}