{"id":42,"date":"2014-01-06T18:40:40","date_gmt":"2014-01-06T16:40:40","guid":{"rendered":"http:\/\/hundeschule-teamwork.com\/angebote\/?page_id=42"},"modified":"2019-05-24T19:53:24","modified_gmt":"2019-05-24T17:53:24","slug":"bilder","status":"publish","type":"page","link":"https:\/\/hundeschule-teamwork.com\/angebote\/dies-das\/bilder\/","title":{"rendered":"Fotogalerien"},"content":{"rendered":"<ul>\n<li>Seminare\n<ul>\n<li><a href=\"https:\/\/hundeschule-teamwork.com\/angebote\/dies-das\/bilder\/seminar-fuehrung-kooperation-und-andere-soziale-kompetenzen-was-wir-von-tieren-insbesondere-hunden-lernen-koennen\/\">Seminar &#8222;F\u00fchrung, Kooperation und andere soziale Kompetenzen: was wir von Tieren, insbesondere Hunden, lernen k\u00f6nnen\u2026&#8220; am 21. M\u00e4rz 2015<\/a><\/li>\n<li><a href=\"https:\/\/hundeschule-teamwork.com\/angebote\/dies-das\/bilder\/seminar-von-maria-hense-und-anke-rochelt-november-2015\/\">Seminar von Maria Hense und Anke Rochelt November 2015<\/a><\/li>\n<li><a href=\"https:\/\/hundeschule-teamwork.com\/angebote\/kurs-der-hund-als-spiegel-im-fruehling-2017\/\" target=\"_blank\" rel=\"noopener noreferrer\">Kurs &#8222;Der Hund als Spiegel&#8220; im Fr\u00fchling 2017<\/a><\/li>\n<\/ul>\n<\/li>\n<\/ul>\n<ul>\n<li>Welpen- und Kleinhundegruppen\n<ul>\n<li><a href=\"https:\/\/hundeschule-teamwork.com\/angebote\/dies-das\/bilder\/welpen-unf-kleinhunde-gruppe\/\">Welpen- und Kleinhundegruppe<\/a><\/li>\n<li><a href=\"https:\/\/hundeschule-teamwork.com\/angebote\/dies-das\/bilder\/stadttraining-maerz-2015\/\">Stadttraining M\u00e4rz 2015<\/a><\/li>\n<li><a href=\"https:\/\/hundeschule-teamwork.com\/angebote\/dies-das\/bilder\/stadttraining-welpen-mai-2015\/\">Stadttraining Welpen Mai 2015<\/a><\/li>\n<li><a href=\"https:\/\/hundeschule-teamwork.com\/angebote\/dies-das\/bilder\/welpen-und-kleinhundegruppe-mai-2015\/\">Welpen- und Kleinhundegruppe Mai 2015<\/a><\/li>\n<li><a href=\"https:\/\/hundeschule-teamwork.com\/angebote\/dies-das\/bilder\/stadttraining-welpen-24-juli-2015\/\">Stadttraining Welpen 24. Juli 2015<\/a><\/li>\n<li><a href=\"https:\/\/hundeschule-teamwork.com\/angebote\/dies-das\/bilder\/stadttraining-welpen-juli-2016\/\">Stadttraining Welpen 23. Juli 2016<\/a><\/li>\n<li><a href=\"https:\/\/hundeschule-teamwork.com\/angebote\/dies-das\/bilder\/welpen-und-kleinhundegruppe-okt-nov-2016\/\" target=\"_blank\" rel=\"noopener noreferrer\">Welpen- und Kleinhundegruppe Okt.\/Nov. 2016<\/a><\/li>\n<li><a href=\"https:\/\/hundeschule-teamwork.com\/angebote\/dies-das\/bilder\/welpen-und-kleinhundegruppe-november-2016\/?preview_id=1791&amp;preview_nonce=25a95743ee&amp;preview=true\" target=\"_blank\" rel=\"noopener noreferrer\">Welpen- und Kleinhundegruppe November 2016<\/a><\/li>\n<li><a href=\"https:\/\/hundeschule-teamwork.com\/angebote\/dies-das\/bilder\/welpen-und-kleinhundegruppe-vom-30-dezember-2016\/\" target=\"_blank\" rel=\"noopener noreferrer\">Welpen- und Kleinhundegruppe 30. Dezember 2016<\/a><\/li>\n<li><a href=\"https:\/\/hundeschule-teamwork.com\/angebote\/dies-das\/bilder\/welpengruppe-herbst-2018\/\">Welpengruppe Herbst 2018<\/a><\/li>\n<\/ul>\n<\/li>\n<\/ul>\n<ul>\n<li>&nbsp;Junghundegruppen\n<ul>\n<li><a href=\"https:\/\/hundeschule-teamwork.com\/angebote\/dies-das\/bilder\/impressionen-aus-der-junghundegruppe\/\">Impressionen aus der Junghundegruppe<\/a><\/li>\n<li><a href=\"https:\/\/hundeschule-teamwork.com\/angebote\/dies-das\/bilder\/impressionen-aus-der-junghundegruppe-mai-2015-2\/\">Impressionen aus der Junghundegruppe Mai 2015<\/a><\/li>\n<li><a href=\"https:\/\/hundeschule-teamwork.com\/angebote\/dies-das\/bilder\/stadttraining-junghunde-mai-2015\/\">Stadttraining Junghunde Mai 2015<\/a><\/li>\n<li><a href=\"https:\/\/hundeschule-teamwork.com\/angebote\/dies-das\/bilder\/stadttraining-junghunde-24-juli-2015\/\">Stadttraining Junghunde 24. Juli 2015<\/a><\/li>\n<li><a href=\"https:\/\/hundeschule-teamwork.com\/angebote\/dies-das\/bilder\/stadttraining-junghunde-juli-2016\/\">Stadttraining Junghunde 23. Juli 2016<\/a><\/li>\n<li><a href=\"https:\/\/hundeschule-teamwork.com\/angebote\/dies-das\/bilder\/kurs-begegnungstraining-rueckruf-und-leinenfuehrigkeit\/\" target=\"_blank\" rel=\"noopener noreferrer\">Kurs &#8222;Begegnungstraining, R\u00fcckruf und Leinenf\u00fchrigkeit&#8220;<\/a><\/li>\n<li><a href=\"https:\/\/hundeschule-teamwork.com\/angebote\/dies-das\/bilder\/junghundegruppe-vom-30-dezember-2016\/\">Junghundegruppe vom 30. Dezember 2016<\/a><\/li>\n<li><a href=\"https:\/\/hundeschule-teamwork.com\/angebote\/dies-das\/bilder\/junghundegruppe-herbst-2018-2\/\">Junghundegruppe Herbst 2018<\/a><\/li>\n<\/ul>\n<\/li>\n<\/ul>\n<ul>\n<li>Allgemein\n<ul>\n<li><a href=\"https:\/\/hundeschule-teamwork.com\/angebote\/dies-das\/bilder\/training-gelassenheitimpulskontrollefriedliches-verhalten-zwischen-hund-und-katze\/\" target=\"_blank\" rel=\"noopener noreferrer\">Training Gelassenheit\/Impulskontrolle\/friedliches Verhalten zwischen Hund und Katze<\/a><\/li>\n<li><a href=\"https:\/\/hundeschule-teamwork.com\/angebote\/dies-das\/bilder\/impressionen-winter-20162017\/\" target=\"_blank\" rel=\"noopener noreferrer\">Impressionen Winter 2016\/2017<\/a><\/li>\n<li><a href=\"https:\/\/hundeschule-teamwork.com\/angebote\/dies-das\/bilder\/theorie-einheit-vom-4-maerz-2017\/\" target=\"_blank\" rel=\"noopener noreferrer\">Theorie-Einheit vom 4. M\u00e4rz 2017<\/a><\/li>\n<li><a href=\"https:\/\/hundeschule-teamwork.com\/angebote\/dies-das\/bilder\/apportieren\/\">Apportiertraining<\/a><\/li>\n<\/ul>\n<\/li>\n<\/ul>\n<ul>\n<li>Kind-Hund-Kurse\n<ul>\n<li><a href=\"https:\/\/hundeschule-teamwork.com\/angebote\/dies-das\/bilder\/kind-und-hund-kurs\/\">&#8222;Kind-Hund-Kurs&#8220; Herbst 2017<\/a><\/li>\n<\/ul>\n<\/li>\n<\/ul>\n<ul>\n<li>Mensch Hund Team Kurs\n<ul>\n<li><a href=\"https:\/\/hundeschule-teamwork.com\/angebote\/mensch-hund-team\/\">Mensch-Hund-Team Herbst 2017<\/a><\/li>\n<\/ul>\n<\/li>\n<\/ul>\n<ul>\n<li>Social Walk\n<ul>\n<li><a href=\"https:\/\/hundeschule-teamwork.com\/angebote\/dies-das\/bilder\/social-walk\/\" target=\"_blank\" rel=\"noopener noreferrer\">Social Walk<\/a><\/li>\n<li><a href=\"https:\/\/hundeschule-teamwork.com\/angebote\/dies-das\/bilder\/social-walk-oktober-2017\/\">Social Walk Oktober 2017<\/a><\/li>\n<\/ul>\n<\/li>\n<\/ul>\n<ul>\n<li>Mantrailing\n<ul>\n<li><a href=\"https:\/\/hundeschule-teamwork.com\/angebote\/dies-das\/bilder\/mantrailing-am-31-mai-und-25-juli-2015\/\">Mantrailing am 31. Mai und 25. Juli 2015<\/a><\/li>\n<li><a href=\"https:\/\/hundeschule-teamwork.com\/angebote\/dies-das\/bilder\/mantrailing-11-februar-2017\/\" target=\"_blank\" rel=\"noopener noreferrer\">Mantrailing am 11. Februar 2017<\/a><\/li>\n<li><a href=\"https:\/\/www.facebook.com\/hundeschuleteamwork.ankerochelt\/?fref=ts\" target=\"_blank\" rel=\"noopener noreferrer\">Videos vom Mantrailing am 11. Februar 2017 sind auf der Facebook-Seite von Hundeschule Teamwork Stadtallendorf zu sehen<\/a><\/li>\n<\/ul>\n<\/li>\n<\/ul>\n<ul>\n<li>Tiergest\u00fctzte Arbeit\n<ul>\n<li><a href=\"https:\/\/hundeschule-teamwork.com\/angebote\/dies-das\/bilder\/impressionen-aus-hundeschule-und-tiergestuetzter-paedagogik\/\">Impressionen aus Hundeschule und tiergest\u00fctzter P\u00e4dagogik<\/a><\/li>\n<li><a href=\"https:\/\/hundeschule-teamwork.com\/angebote\/?page_id=604&amp;preview=true\">Impressionen aus Hundeschule sowie tiergest\u00fctzter P\u00e4dagogik von Sommer und (Fr\u00fch-) Herbst 2014<\/a><\/li>\n<li><a href=\"https:\/\/hundeschule-teamwork.com\/angebote\/dies-das\/bilder\/reflexionsseminar-der-tierintegrierten-arbeit-vom-18-maerz-2017\/\" target=\"_blank\" rel=\"noopener noreferrer\">Reflexionsseminar der tiergest\u00fctzten Arbeit vom 18. M\u00e4rz 2017<\/a><\/li>\n<li><a href=\"https:\/\/hundeschule-teamwork.com\/angebote\/dies-das\/bilder\/reflexionsseminar-der-tierintegrierten-paedagogik-und-therapie-vom-20-juni-2017\/\" target=\"_blank\" rel=\"noopener noreferrer\">Reflexionsseminar der tiergest\u00fctzten Arbeit vom 20. Juni 2017<\/a><\/li>\n<li><a href=\"https:\/\/hundeschule-teamwork.com\/angebote\/dies-das\/bilder\/seminar-reflexion-hundeintegrierte-praxis-fuer-paedagogische-und-therapeutische-arbeitsfelder\/\">Seminar Reflexion Hundeintegrierte Praxis f\u00fcr p\u00e4dagogische und therapeutische Arbeitsfelder am 18. Mai 2019<\/a><\/li>\n<\/ul>\n<\/li>\n<\/ul>\n<ul>\n<li>Ausbildung &#8211; tiergest\u00fctze Arbeit mit eigenem Hund\n<ul>\n<li><a href=\"https:\/\/hundeschule-teamwork.com\/angebote\/dies-das\/bilder\/ausbildung-von-mensch-hund-teams-fuer-die-tiergestuetzte-arbeit\/\" target=\"_blank\" rel=\"noopener noreferrer\">Ausbildung von Mensch-Hund-Teams f\u00fcr die tiergest\u00fctzte Arbeit<\/a><\/li>\n<li><a href=\"https:\/\/hundeschule-teamwork.com\/angebote\/dies-das\/bilder\/melanie-und-hazel-in-der-ausbildung\/\">Melanie und Hazel in der tiergest\u00fctzen Ausbildung<\/a><\/li>\n<li><a href=\"https:\/\/hundeschule-teamwork.com\/angebote\/dies-das\/bilder\/foerderschul-lehrerin-sonja-mit-tierschutz-mix-ruede-caio\/\" target=\"_blank\" rel=\"noopener noreferrer\">F\u00f6rderschul-Lehrerin Sonja mit Tierschutz-Mix-R\u00fcde Caio in der Hundeintegrierten Ausbildung<\/a><\/li>\n<li><a href=\"https:\/\/hundeschule-teamwork.com\/angebote\/dies-das\/bilder\/biggi-und-fred\/\">Biggi und Fred<\/a><\/li>\n<li><a href=\"https:\/\/hundeschule-teamwork.com\/angebote\/dies-das\/bilder\/nicole-und-nala\/\">Nicole und Nala<\/a><\/li>\n<li><a href=\"https:\/\/hundeschule-teamwork.com\/angebote\/heidi-und-balu\/\">Heidi und Balu<\/a><\/li>\n<li><a href=\"https:\/\/hundeschule-teamwork.com\/angebote\/dies-das\/bilder\/vivien-und-laska\/\">Vivien und Laska<\/a><\/li>\n<li><a href=\"https:\/\/hundeschule-teamwork.com\/angebote\/luca-und-janosch\/\">Luca und Janosch<\/a><\/li>\n<li><a href=\"https:\/\/hundeschule-teamwork.com\/angebote\/laura-und-kuba\/\">Laura und Kuba<\/a><\/li>\n<li><a href=\"https:\/\/hundeschule-teamwork.com\/angebote\/bianca-und-lina\/\">Bianca und Lina<\/a><\/li>\n<li><a href=\"https:\/\/hundeschule-teamwork.com\/angebote\/lothar-und-enara\/\">Lothar und Enara<\/a><\/li>\n<\/ul>\n<\/li>\n<\/ul>","protected":false},"excerpt":{"rendered":"<p>Seminare Seminar &#8222;F\u00fchrung, Kooperation und andere soziale Kompetenzen: was wir von Tieren, insbesondere Hunden, lernen k\u00f6nnen\u2026&#8220; am 21. M\u00e4rz 2015 Seminar von Maria Hense und Anke Rochelt November 2015 Kurs &#8222;Der Hund als Spiegel&#8220; im Fr\u00fchling 2017 Welpen- und Kleinhundegruppen &hellip; <a href=\"https:\/\/hundeschule-teamwork.com\/angebote\/dies-das\/bilder\/\">Weiterlesen <span class=\"meta-nav\">&rarr;<\/span><\/a><\/p>\n","protected":false},"author":1,"featured_media":0,"parent":33,"menu_order":0,"comment_status":"closed","ping_status":"closed","template":"fullwidth-page.php","meta":{"ngg_post_thumbnail":0,"footnotes":""},"class_list":["post-42","page","type-page","status-publish","hentry"],"_links":{"self":[{"href":"https:\/\/hundeschule-teamwork.com\/angebote\/wp-json\/wp\/v2\/pages\/42","targetHints":{"allow":["GET"]}}],"collection":[{"href":"https:\/\/hundeschule-teamwork.com\/angebote\/wp-json\/wp\/v2\/pages"}],"about":[{"href":"https:\/\/hundeschule-teamwork.com\/angebote\/wp-json\/wp\/v2\/types\/page"}],"author":[{"embeddable":true,"href":"https:\/\/hundeschule-teamwork.com\/angebote\/wp-json\/wp\/v2\/users\/1"}],"replies":[{"embeddable":true,"href":"https:\/\/hundeschule-teamwork.com\/angebote\/wp-json\/wp\/v2\/comments?post=42"}],"version-history":[{"count":71,"href":"https:\/\/hundeschule-teamwork.com\/angebote\/wp-json\/wp\/v2\/pages\/42\/revisions"}],"predecessor-version":[{"id":4211,"href":"https:\/\/hundeschule-teamwork.com\/angebote\/wp-json\/wp\/v2\/pages\/42\/revisions\/4211"}],"up":[{"embeddable":true,"href":"https:\/\/hundeschule-teamwork.com\/angebote\/wp-json\/wp\/v2\/pages\/33"}],"wp:attachment":[{"href":"https:\/\/hundeschule-teamwork.com\/angebote\/wp-json\/wp\/v2\/media?parent=42"}],"curies":[{"name":"wp","href":"https:\/\/api.w.org\/{rel}","templated":true}]}}