{"id":4314,"date":"2019-10-26T16:57:10","date_gmt":"2019-10-26T14:57:10","guid":{"rendered":"https:\/\/hundeschule-teamwork.com\/angebote\/?page_id=4314"},"modified":"2019-10-26T16:57:10","modified_gmt":"2019-10-26T14:57:10","slug":"erzieherin-im-waldkindergarten-anna-schelberger-und-labrador-huendin-luna","status":"publish","type":"page","link":"https:\/\/hundeschule-teamwork.com\/angebote\/angebot\/ausbildung-zum-tiergestuetzten-arbeiten-im-mensch-hunde-team\/erzieherin-im-waldkindergarten-anna-schelberger-und-labrador-huendin-luna\/","title":{"rendered":"Erzieherin im Waldkindergarten Anna Schelberger und Labrador H\u00fcndin Luna"},"content":{"rendered":"<p><span style=\"color: #000080;\">Anna und Luna haben in unserer Hundeschule Teamwork die Junghundegruppe besucht, sowie die Kurse Clickertraining und Tricktraining.<\/span><\/p>\n<p><span style=\"color: #000080;\">Im Rahmen ihrer Ausbildung zum Kooperations-Team f\u00fcr die Tiergest\u00fctzte P\u00e4dagogik mit eigenem Hund haben sie erfolgreich Einzeltrainings, Institutionenerkundungen sowie ein Reflexionsseminar&nbsp; in unserer Hundeschule Teamwork absolviert. <\/span><\/p>\n<p><span style=\"color: #000080;\">Au\u00dferdem sind sie in unserer Mantrailing-Gruppe aktiv dabei und suchen in diesem Zusammenhang ausdauernd und erfolgreich versteckte Personen. Das Mantrailen bereitet ihnen gro\u00dfe Freude und sie setzen es auch oft im Rahmen der Tiergest\u00fctzten P\u00e4dagogik&nbsp; im Waldkindergarten ein.<\/span> <img loading=\"lazy\" decoding=\"async\" class=\"alignleft wp-image-4315 size-medium\" src=\"https:\/\/hundeschule-teamwork.com\/angebote\/wp-content\/uploads\/2019\/10\/Anna_Luna_Halstuch-320x569.jpg\" alt=\"Labrador Luna steht das Halstuch der Hundeschule Teamwork sehr gut :-)\" width=\"320\" height=\"569\" srcset=\"https:\/\/hundeschule-teamwork.com\/angebote\/wp-content\/uploads\/2019\/10\/Anna_Luna_Halstuch-320x569.jpg 320w, https:\/\/hundeschule-teamwork.com\/angebote\/wp-content\/uploads\/2019\/10\/Anna_Luna_Halstuch-768x1365.jpg 768w, https:\/\/hundeschule-teamwork.com\/angebote\/wp-content\/uploads\/2019\/10\/Anna_Luna_Halstuch-576x1024.jpg 576w, https:\/\/hundeschule-teamwork.com\/angebote\/wp-content\/uploads\/2019\/10\/Anna_Luna_Halstuch-600x1067.jpg 600w, https:\/\/hundeschule-teamwork.com\/angebote\/wp-content\/uploads\/2019\/10\/Anna_Luna_Halstuch-540x960.jpg 540w, https:\/\/hundeschule-teamwork.com\/angebote\/wp-content\/uploads\/2019\/10\/Anna_Luna_Halstuch.jpg 900w\" sizes=\"auto, (max-width: 320px) 100vw, 320px\" \/> <img loading=\"lazy\" decoding=\"async\" class=\"alignleft wp-image-4316 size-medium\" src=\"https:\/\/hundeschule-teamwork.com\/angebote\/wp-content\/uploads\/2019\/10\/Anna_Luna_Herr_I-320x569.jpg\" alt=\"Anna und Luna bei einer Institutionenerkundung in einem Seniorenheim. Diese und andere Institutionenerkundungen k\u00f6nnen im Rahmen der Ausbildung zum Kooperationsteam in den Bereichen der Tiergest\u00fctzten P\u00e4dagogik, Therapie, Intervention in unserer Hundeschule Teamwork als Ausbildungsinhalte gew\u00e4hlt werden.\" width=\"320\" height=\"569\" srcset=\"https:\/\/hundeschule-teamwork.com\/angebote\/wp-content\/uploads\/2019\/10\/Anna_Luna_Herr_I-320x569.jpg 320w, https:\/\/hundeschule-teamwork.com\/angebote\/wp-content\/uploads\/2019\/10\/Anna_Luna_Herr_I.jpg 576w, https:\/\/hundeschule-teamwork.com\/angebote\/wp-content\/uploads\/2019\/10\/Anna_Luna_Herr_I-540x960.jpg 540w\" sizes=\"auto, (max-width: 320px) 100vw, 320px\" \/> <img loading=\"lazy\" decoding=\"async\" class=\"alignleft wp-image-4317 size-medium\" src=\"https:\/\/hundeschule-teamwork.com\/angebote\/wp-content\/uploads\/2019\/10\/Anna_Luna_Slalom_Beine-320x569.jpg\" alt=\"Anna und Luna machen Handlungsbausteintraining f\u00fcr die Hundeintegrierte P\u00e4dagogik. Hier: Trick &quot;Slalom durch die Beine&quot;\" width=\"320\" height=\"569\" srcset=\"https:\/\/hundeschule-teamwork.com\/angebote\/wp-content\/uploads\/2019\/10\/Anna_Luna_Slalom_Beine-320x569.jpg 320w, https:\/\/hundeschule-teamwork.com\/angebote\/wp-content\/uploads\/2019\/10\/Anna_Luna_Slalom_Beine-768x1365.jpg 768w, https:\/\/hundeschule-teamwork.com\/angebote\/wp-content\/uploads\/2019\/10\/Anna_Luna_Slalom_Beine-576x1024.jpg 576w, https:\/\/hundeschule-teamwork.com\/angebote\/wp-content\/uploads\/2019\/10\/Anna_Luna_Slalom_Beine-600x1067.jpg 600w, https:\/\/hundeschule-teamwork.com\/angebote\/wp-content\/uploads\/2019\/10\/Anna_Luna_Slalom_Beine-540x960.jpg 540w, https:\/\/hundeschule-teamwork.com\/angebote\/wp-content\/uploads\/2019\/10\/Anna_Luna_Slalom_Beine.jpg 900w\" sizes=\"auto, (max-width: 320px) 100vw, 320px\" \/> <img loading=\"lazy\" decoding=\"async\" class=\"alignleft size-medium wp-image-4318\" src=\"https:\/\/hundeschule-teamwork.com\/angebote\/wp-content\/uploads\/2019\/10\/Anna_Luna_Uebung_mit_Klientin_Reflexionsseminar_Intelligenzspiel-320x569.jpg\" alt=\"\" width=\"320\" height=\"569\" srcset=\"https:\/\/hundeschule-teamwork.com\/angebote\/wp-content\/uploads\/2019\/10\/Anna_Luna_Uebung_mit_Klientin_Reflexionsseminar_Intelligenzspiel-320x569.jpg 320w, https:\/\/hundeschule-teamwork.com\/angebote\/wp-content\/uploads\/2019\/10\/Anna_Luna_Uebung_mit_Klientin_Reflexionsseminar_Intelligenzspiel-768x1365.jpg 768w, https:\/\/hundeschule-teamwork.com\/angebote\/wp-content\/uploads\/2019\/10\/Anna_Luna_Uebung_mit_Klientin_Reflexionsseminar_Intelligenzspiel-576x1024.jpg 576w, https:\/\/hundeschule-teamwork.com\/angebote\/wp-content\/uploads\/2019\/10\/Anna_Luna_Uebung_mit_Klientin_Reflexionsseminar_Intelligenzspiel-600x1067.jpg 600w, https:\/\/hundeschule-teamwork.com\/angebote\/wp-content\/uploads\/2019\/10\/Anna_Luna_Uebung_mit_Klientin_Reflexionsseminar_Intelligenzspiel-540x960.jpg 540w, https:\/\/hundeschule-teamwork.com\/angebote\/wp-content\/uploads\/2019\/10\/Anna_Luna_Uebung_mit_Klientin_Reflexionsseminar_Intelligenzspiel.jpg 900w\" sizes=\"auto, (max-width: 320px) 100vw, 320px\" \/> <img loading=\"lazy\" decoding=\"async\" class=\"alignleft wp-image-4319 size-medium\" src=\"https:\/\/hundeschule-teamwork.com\/angebote\/wp-content\/uploads\/2019\/10\/Anna_Luna_Wuerfel-320x569.jpg\" alt=\"Luna lernt das Abwarten, w\u00e4hrend Anna eine \u00dcbung mit dem W\u00fcrfel vorbereitet.\" width=\"320\" height=\"569\" srcset=\"https:\/\/hundeschule-teamwork.com\/angebote\/wp-content\/uploads\/2019\/10\/Anna_Luna_Wuerfel-320x569.jpg 320w, https:\/\/hundeschule-teamwork.com\/angebote\/wp-content\/uploads\/2019\/10\/Anna_Luna_Wuerfel-768x1365.jpg 768w, https:\/\/hundeschule-teamwork.com\/angebote\/wp-content\/uploads\/2019\/10\/Anna_Luna_Wuerfel-576x1024.jpg 576w, https:\/\/hundeschule-teamwork.com\/angebote\/wp-content\/uploads\/2019\/10\/Anna_Luna_Wuerfel-600x1067.jpg 600w, https:\/\/hundeschule-teamwork.com\/angebote\/wp-content\/uploads\/2019\/10\/Anna_Luna_Wuerfel-540x960.jpg 540w, https:\/\/hundeschule-teamwork.com\/angebote\/wp-content\/uploads\/2019\/10\/Anna_Luna_Wuerfel.jpg 900w\" sizes=\"auto, (max-width: 320px) 100vw, 320px\" \/> <img loading=\"lazy\" decoding=\"async\" class=\"alignleft wp-image-4320 size-medium\" src=\"https:\/\/hundeschule-teamwork.com\/angebote\/wp-content\/uploads\/2019\/10\/Anna_Luna_Wuerfel2-320x569.jpg\" alt=\"Luna lernt als Handlungsbaustein &quot;Stups den W\u00fcrfel&quot; und kann so mit den Kindern im Waldkindergarten gemeinsam W\u00fcrfeln.\" width=\"320\" height=\"569\" srcset=\"https:\/\/hundeschule-teamwork.com\/angebote\/wp-content\/uploads\/2019\/10\/Anna_Luna_Wuerfel2-320x569.jpg 320w, https:\/\/hundeschule-teamwork.com\/angebote\/wp-content\/uploads\/2019\/10\/Anna_Luna_Wuerfel2-768x1365.jpg 768w, https:\/\/hundeschule-teamwork.com\/angebote\/wp-content\/uploads\/2019\/10\/Anna_Luna_Wuerfel2-576x1024.jpg 576w, https:\/\/hundeschule-teamwork.com\/angebote\/wp-content\/uploads\/2019\/10\/Anna_Luna_Wuerfel2-600x1067.jpg 600w, https:\/\/hundeschule-teamwork.com\/angebote\/wp-content\/uploads\/2019\/10\/Anna_Luna_Wuerfel2-540x960.jpg 540w, https:\/\/hundeschule-teamwork.com\/angebote\/wp-content\/uploads\/2019\/10\/Anna_Luna_Wuerfel2.jpg 900w\" sizes=\"auto, (max-width: 320px) 100vw, 320px\" \/><\/p>","protected":false},"excerpt":{"rendered":"<p>Anna und Luna haben in unserer Hundeschule Teamwork die Junghundegruppe besucht, sowie die Kurse Clickertraining und Tricktraining. Im Rahmen ihrer Ausbildung zum Kooperations-Team f\u00fcr die Tiergest\u00fctzte P\u00e4dagogik mit eigenem Hund haben sie erfolgreich Einzeltrainings, Institutionenerkundungen sowie ein Reflexionsseminar&nbsp; in unserer &hellip; <a href=\"https:\/\/hundeschule-teamwork.com\/angebote\/angebot\/ausbildung-zum-tiergestuetzten-arbeiten-im-mensch-hunde-team\/erzieherin-im-waldkindergarten-anna-schelberger-und-labrador-huendin-luna\/\">Weiterlesen <span class=\"meta-nav\">&rarr;<\/span><\/a><\/p>\n","protected":false},"author":1,"featured_media":4318,"parent":1068,"menu_order":0,"comment_status":"closed","ping_status":"closed","template":"","meta":{"ngg_post_thumbnail":0,"footnotes":""},"class_list":["post-4314","page","type-page","status-publish","has-post-thumbnail","hentry"],"_links":{"self":[{"href":"https:\/\/hundeschule-teamwork.com\/angebote\/wp-json\/wp\/v2\/pages\/4314","targetHints":{"allow":["GET"]}}],"collection":[{"href":"https:\/\/hundeschule-teamwork.com\/angebote\/wp-json\/wp\/v2\/pages"}],"about":[{"href":"https:\/\/hundeschule-teamwork.com\/angebote\/wp-json\/wp\/v2\/types\/page"}],"author":[{"embeddable":true,"href":"https:\/\/hundeschule-teamwork.com\/angebote\/wp-json\/wp\/v2\/users\/1"}],"replies":[{"embeddable":true,"href":"https:\/\/hundeschule-teamwork.com\/angebote\/wp-json\/wp\/v2\/comments?post=4314"}],"version-history":[{"count":3,"href":"https:\/\/hundeschule-teamwork.com\/angebote\/wp-json\/wp\/v2\/pages\/4314\/revisions"}],"predecessor-version":[{"id":4323,"href":"https:\/\/hundeschule-teamwork.com\/angebote\/wp-json\/wp\/v2\/pages\/4314\/revisions\/4323"}],"up":[{"embeddable":true,"href":"https:\/\/hundeschule-teamwork.com\/angebote\/wp-json\/wp\/v2\/pages\/1068"}],"wp:featuredmedia":[{"embeddable":true,"href":"https:\/\/hundeschule-teamwork.com\/angebote\/wp-json\/wp\/v2\/media\/4318"}],"wp:attachment":[{"href":"https:\/\/hundeschule-teamwork.com\/angebote\/wp-json\/wp\/v2\/media?parent=4314"}],"curies":[{"name":"wp","href":"https:\/\/api.w.org\/{rel}","templated":true}]}}