{"id":4517,"date":"2020-05-04T18:02:18","date_gmt":"2020-05-04T16:02:18","guid":{"rendered":"https:\/\/hundeschule-teamwork.com\/angebote\/dies-das\/blog-von-anke-rochelt\/astrid-und-jackie\/"},"modified":"2020-05-06T09:57:24","modified_gmt":"2020-05-06T07:57:24","slug":"astrid-und-jackie","status":"publish","type":"page","link":"https:\/\/hundeschule-teamwork.com\/angebote\/dies-das\/blog-von-anke-rochelt\/astrid-und-jackie\/","title":{"rendered":"Astrid und Jackie"},"content":{"rendered":"<p>D\u00fcrfen wir vorstellen: Jackie, Golden Retriever-Labrador-Mix und die Krankenschwester Astrid H\u00f6hl, die bei uns seit 2019 in Ausbildung sind f\u00fcr Ihre gemeinsame Arbeit im Bereich der Tiergest\u00fctzten Therapie mit Hund in der Tagesklinik der Psychiatrie in Hephata sind. Die Beiden haben viel Freude bei der gemeinsamen Arbeit und Jackie hat auch schon viel \u201eEinrichtungsluft\u201c und Erfahrung im Rahmen unserer Institutionenerkundungen in verschiedenen sozialen Einrichtungen und nat\u00fcrlich auch im direkten Arbeitsfeld in der psychiatrischen Tagesklinik gemeinsam mit ihrem Menschen Astrid sammeln k\u00f6nnen. Aufgrund vieler positiver R\u00fcckmeldungen der Patienten ist es nun gelungen \u2013 erstmalig \u2013 in dieser Tagesklinik Tiergest\u00fctzte Therapie anzubieten! Besonders aufgefallen an dem Hund ist die Sensibilit\u00e4t f\u00fcr Anspannung bei den Patienten: Bei Patienten mit Grundanspannung, bei traumatisierten Patienten und auch als Vorbote epileptischer Anf\u00e4lle bei Patienten. Eher passive Patienten konnte Jackie auffordern zu spielen, sie hat sie in die Aktivierung gebracht. In Visitensituationen sp\u00fcrt Jackie, wenn der Patient traurig ist. Sie setzt sich dabei einfach ruhig neben den Patienten, der dann die M\u00f6glichkeit hat, Jackie zu streicheln. Auch bei Patienten mit multiplen Pers\u00f6nlichkeiten, geht Jackie sensibel auf die \u201ejeweilige Pers\u00f6nlichkeit\u201c ein. So z.B. spielt sie kindlich, wenn das Gegen\u00fcber kindlich ist und wenn der Patient abwesend ist und nur beobachten m\u00f6chten, ist Jackie nicht zudringlich, sondern ignoriert den Patienten. Bereits in der ersten Ausbildungseinheit, n\u00e4mlich &#8222;Vorbesprechung mit erster Einsch\u00e4tzung des Hundes und Erarbeitung der individuellen Ziele und M\u00f6glichkeiten&#8220; haben wir u.a. als Ziele formuliert, dass es wichtig ist, das H\u00fcndin Jackie den Umgang mit k\u00f6rperlichen Behinderungen. Rollstuhl, Rollator und Blindenstock sowie laute Gr\u00e4usche kennenlernt, so dass diese sie bei diesen Reizen gelassen reagiert. Auch diese diese Zielstellung haben wir erfolgreich gemeistert und Jackie geht sehr gelassen und entpsannt mit den genannten Reizen um.<\/p>\n<p>Astrid H\u00f6hl ist auch mit Begeisterung und Engagement bei unseren Reflexionsrunden f\u00fcr Aktive mit eigenem Hund in p\u00e4dagogischen und therapeutischen Praxidfeldern mit dabei, so auch bei der n\u00e4chsten Reflexionsrunde am 24. Mai 2020. Wer noch kurzfristig Interesse an der Teilnahme bei der kommenden Reflexionsrunde hat, melde sich herzlich gern bei mir (Anke 0170\/4350394), damit ich die Anmeldeunterlagen zusenden kann.<\/p>\nngg_shortcode_0_placeholder\n<p>&nbsp;<\/p>","protected":false},"excerpt":{"rendered":"<p>D\u00fcrfen wir vorstellen: Jackie, Golden Retriever-Labrador-Mix und die Krankenschwester Astrid H\u00f6hl, die bei uns seit 2019 in Ausbildung sind f\u00fcr Ihre gemeinsame Arbeit im Bereich der Tiergest\u00fctzten Therapie mit Hund in der Tagesklinik der Psychiatrie in Hephata sind. Die Beiden &hellip; <a href=\"https:\/\/hundeschule-teamwork.com\/angebote\/dies-das\/blog-von-anke-rochelt\/astrid-und-jackie\/\">Weiterlesen <span class=\"meta-nav\">&rarr;<\/span><\/a><\/p>\n","protected":false},"author":1,"featured_media":0,"parent":3747,"menu_order":0,"comment_status":"closed","ping_status":"closed","template":"","meta":{"ngg_post_thumbnail":0,"footnotes":""},"class_list":["post-4517","page","type-page","status-publish","hentry"],"_links":{"self":[{"href":"https:\/\/hundeschule-teamwork.com\/angebote\/wp-json\/wp\/v2\/pages\/4517","targetHints":{"allow":["GET"]}}],"collection":[{"href":"https:\/\/hundeschule-teamwork.com\/angebote\/wp-json\/wp\/v2\/pages"}],"about":[{"href":"https:\/\/hundeschule-teamwork.com\/angebote\/wp-json\/wp\/v2\/types\/page"}],"author":[{"embeddable":true,"href":"https:\/\/hundeschule-teamwork.com\/angebote\/wp-json\/wp\/v2\/users\/1"}],"replies":[{"embeddable":true,"href":"https:\/\/hundeschule-teamwork.com\/angebote\/wp-json\/wp\/v2\/comments?post=4517"}],"version-history":[{"count":5,"href":"https:\/\/hundeschule-teamwork.com\/angebote\/wp-json\/wp\/v2\/pages\/4517\/revisions"}],"predecessor-version":[{"id":4523,"href":"https:\/\/hundeschule-teamwork.com\/angebote\/wp-json\/wp\/v2\/pages\/4517\/revisions\/4523"}],"up":[{"embeddable":true,"href":"https:\/\/hundeschule-teamwork.com\/angebote\/wp-json\/wp\/v2\/pages\/3747"}],"wp:attachment":[{"href":"https:\/\/hundeschule-teamwork.com\/angebote\/wp-json\/wp\/v2\/media?parent=4517"}],"curies":[{"name":"wp","href":"https:\/\/api.w.org\/{rel}","templated":true}]}}