{"id":47,"date":"2014-01-06T18:46:31","date_gmt":"2014-01-06T16:46:31","guid":{"rendered":"http:\/\/hundeschule-teamwork.com\/angebote\/?page_id=47"},"modified":"2015-02-01T15:01:39","modified_gmt":"2015-02-01T13:01:39","slug":"medienberichte","status":"publish","type":"page","link":"https:\/\/hundeschule-teamwork.com\/angebote\/dies-das\/medienberichte\/","title":{"rendered":"Medienberichte"},"content":{"rendered":"<h3 class=\"id-Article-headline\">HNA vom 09.01.2015:<\/h3>\n<p class=\"id-Article-headline\">Laura Roller und ihr Schweizer Wei\u00dfer Sch\u00e4ferhund Kuba machen in unserer Hundeschule Teamwork ihre Schulhund-Ausbildung und leisten sehr gute Arbeit. Laura und Kuba, macht weiter so, ich bin stolz auf Euch!<br \/>\nZum Lesen des Artikels bitte den folgenden Link anklicken:<\/p>\n<h2 class=\"id-Article-headline\"><a title=\"Schulhund soll Sch\u00fclern beim Konzentrieren helfen\" href=\"http:\/\/www.hna.de\/lokales\/fritzlar-homberg\/fritzlar-ort45393\/fritzlar-schulhund-soll-schuelern-beim-konzentrieren-helfen-4611003.html\" target=\"_blank\">Schulhund soll Sch\u00fclern beim Konzentrieren helfen<\/a><\/h2>\n<p>Ein Radiobericht des Senders HR 4 (von Januar 2015) \u00fcber den Wei\u00dfen Schweizer Sch\u00e4ferhund &#8222;Kuba&#8220;, der gemeinsam mit seiner Besitzerin, der Lehrerin Laura Roller, in der Hundeschule Teamwork Stadtallendorf zum Schulhund ausgebildet wird.<\/p>\n<audio class=\"wp-audio-shortcode\" id=\"audio-47-1\" preload=\"none\" style=\"width: 100%;\" controls=\"controls\"><source type=\"audio\/mpeg\" src=\"https:\/\/hundeschule-teamwork.com\/angebote\/wp-content\/uploads\/2015\/01\/Kuba.mp3?_=1\" \/><a href=\"https:\/\/hundeschule-teamwork.com\/angebote\/wp-content\/uploads\/2015\/01\/Kuba.mp3\">https:\/\/hundeschule-teamwork.com\/angebote\/wp-content\/uploads\/2015\/01\/Kuba.mp3<\/a><\/audio>\n<p>&nbsp;<\/p>\n<p><a href=\"https:\/\/hundeschule-teamwork.com\/angebote\/wp-content\/uploads\/2014\/01\/Zeitung_Hunde_Gef\u00fchle_24.08.2010.jpg\"><img loading=\"lazy\" decoding=\"async\" class=\"alignleft size-large wp-image-803\" src=\"https:\/\/hundeschule-teamwork.com\/angebote\/wp-content\/uploads\/2014\/01\/Zeitung_Hunde_Gef\u00fchle_24.08.2010.jpg\" alt=\"Marburger Neue Zeitung vom 24. August 2010\" width=\"680\" height=\"1168\" \/><\/a><\/p>\n<p>&nbsp;<\/p>\n<p><a href=\"https:\/\/hundeschule-teamwork.com\/angebote\/wp-content\/uploads\/2015\/01\/Zeitung_Hunde_Therapie_Altenheim_08_03_2008.jpg\"><img loading=\"lazy\" decoding=\"async\" class=\"alignleft size-large wp-image-807\" src=\"https:\/\/hundeschule-teamwork.com\/angebote\/wp-content\/uploads\/2015\/01\/Zeitung_Hunde_Therapie_Altenheim_08_03_2008-482x1024.jpg\" alt=\"Oberhessische Presse vom 08.03.2008\" width=\"482\" height=\"1024\" srcset=\"https:\/\/hundeschule-teamwork.com\/angebote\/wp-content\/uploads\/2015\/01\/Zeitung_Hunde_Therapie_Altenheim_08_03_2008-482x1024.jpg 482w, https:\/\/hundeschule-teamwork.com\/angebote\/wp-content\/uploads\/2015\/01\/Zeitung_Hunde_Therapie_Altenheim_08_03_2008-320x680.jpg 320w, https:\/\/hundeschule-teamwork.com\/angebote\/wp-content\/uploads\/2015\/01\/Zeitung_Hunde_Therapie_Altenheim_08_03_2008-600x1274.jpg 600w, https:\/\/hundeschule-teamwork.com\/angebote\/wp-content\/uploads\/2015\/01\/Zeitung_Hunde_Therapie_Altenheim_08_03_2008-540x1147.jpg 540w, https:\/\/hundeschule-teamwork.com\/angebote\/wp-content\/uploads\/2015\/01\/Zeitung_Hunde_Therapie_Altenheim_08_03_2008.jpg 1233w\" sizes=\"auto, (max-width: 482px) 100vw, 482px\" \/><\/a><\/p>\n<p>&nbsp;<\/p>\n<p>&nbsp;<\/p>\n<p>&nbsp;<\/p>\n<p><a href=\"https:\/\/hundeschule-teamwork.com\/angebote\/wp-content\/uploads\/2014\/01\/MNZ_Jan_2008.jpg\"><img loading=\"lazy\" decoding=\"async\" class=\"alignleft size-large wp-image-188\" src=\"https:\/\/hundeschule-teamwork.com\/angebote\/wp-content\/uploads\/2014\/01\/MNZ_Jan_2008-922x1024.jpg\" alt=\"Zeitungsartikel\" width=\"680\" height=\"755\" srcset=\"https:\/\/hundeschule-teamwork.com\/angebote\/wp-content\/uploads\/2014\/01\/MNZ_Jan_2008-922x1024.jpg 922w, https:\/\/hundeschule-teamwork.com\/angebote\/wp-content\/uploads\/2014\/01\/MNZ_Jan_2008-320x355.jpg 320w, https:\/\/hundeschule-teamwork.com\/angebote\/wp-content\/uploads\/2014\/01\/MNZ_Jan_2008-540x599.jpg 540w\" sizes=\"auto, (max-width: 680px) 100vw, 680px\" \/><\/a><\/p>\n<p>&nbsp;<\/p>\n<h2>Auf den Hund gekommen<\/h2>\n<p><strong><a href=\"https:\/\/hundeschule-teamwork.com\/angebote\/wp-content\/uploads\/2014\/01\/rappelkiste_neu.jpg\"><img loading=\"lazy\" decoding=\"async\" class=\"alignleft size-full wp-image-423\" src=\"https:\/\/hundeschule-teamwork.com\/angebote\/wp-content\/uploads\/2014\/01\/rappelkiste_neu.jpg\" alt=\"Gruppenfoto Zeitungsartikel\" width=\"680\" height=\"437\" srcset=\"https:\/\/hundeschule-teamwork.com\/angebote\/wp-content\/uploads\/2014\/01\/rappelkiste_neu.jpg 680w, https:\/\/hundeschule-teamwork.com\/angebote\/wp-content\/uploads\/2014\/01\/rappelkiste_neu-320x205.jpg 320w, https:\/\/hundeschule-teamwork.com\/angebote\/wp-content\/uploads\/2014\/01\/rappelkiste_neu-540x347.jpg 540w\" sizes=\"auto, (max-width: 680px) 100vw, 680px\" \/><\/a> Streicheleinheiten:<\/strong> Geduldig lie\u00dfen sich der braun-wei\u00dfe Cavalier King Charles Spaniel Arnika und der Golden Retriever R\u00fcde Nicki von den Kinderh\u00e4nden im Kindergarten Rappelkiste streicheln. Holzhausen. Nicki und Arnika waren die Stars des Tages: Ihren gro\u00dfen braunen Augen, dem weichen Fell und der geduldigen Art widerstand keines der 18 Kinder im Kindergarten Rappelkiste in Holzhausen lange. Die beiden Hunde waren gestern erstmals gemeinsam mit der Hundetrainerin Anke Rochelt zu Gast im Kindergarten. Zwei weitere Besuche folgen. Der Anlass: Seit mehreren Wochen dreht sich bei den Kleinen alles um die Vierbeiner. Aus einer anf\u00e4nglichen Begeisterung f\u00fcr das Hunde spielen, entwickelte Christina Ollmann, die Leiterin des Kindergartens, das Projekt &#8222;Keine Angst vorm gro\u00dfen Hund&#8220;. Kindern Angst nehmen <strong>Ein Ziel:<\/strong> Den M\u00e4dchen und Jungen die Furcht vor Arnikas und Nickis Artgenossen nehmen. &#8222;Denn viele Eltern haben mit berichtet, dass sich ihre Spr\u00f6\u00dflinge vor den gro\u00dfen Hunden der Nachbarn f\u00fcrchten&#8220;, erkl\u00e4rte Ollmann. Bei Laura etwa klappte es bereits nach wenigen Minuten. Sch\u00fcchtern betrachtete die F\u00fcnfj\u00e4hrige zun\u00e4chst den Golden Retriever aus sicherer Entfernung, um dann kurz darauf den geduldigen R\u00fcden ausgiebig zu streicheln. &#8222;Ich hab gar keine Angst mehr&#8220;, sagte sie stolz. Au\u00dferdem lernten die Kleinen den richtigen Umgang mit Tieren. Beispielsweise, dass sie nicht wegrennen, wenn ein Hund auf sie zul\u00e4uft. &#8222;Da bleibt ihr am besten stehen wie ein Baum&#8220;, erkl\u00e4rte Rochelt. &#8222;Rennt ihr weg, denkt der Vierbeiner, ihr wollt spielen und verfolgt euch.&#8220; Auch erfuhren die Kinder, dass sie sich nicht auf einen Hund setzen und einen fremden Vierbeiner nicht einfach so streicheln d\u00fcrfen. <strong>Und noch mehr:<\/strong> &#8222;Indem sich die Kinder so intensiv mit den Tieren besch\u00e4ftigen, sie beobachten und streicheln, lernen sie, sich auf ein anderes Lebewesen einzulassen. Davon profitieren sie auch im Umgang untereinander, werden kommunikativer&#8220;, erkl\u00e4rte Rochelt.<\/p>\n<p>(mis) \u00a0 Quelle: www.hna.de vom 17.04.2007 Rubrik: Frankenberg<\/p>\n<p>&nbsp;<\/p>\n<p><strong><a href=\"https:\/\/hundeschule-teamwork.com\/angebote\/wp-content\/uploads\/2014\/01\/streichelrunde_neu.jpg\"><img loading=\"lazy\" decoding=\"async\" src=\"https:\/\/hundeschule-teamwork.com\/angebote\/wp-content\/uploads\/2014\/01\/streichelrunde_neu.jpg\" alt=\"Zeitungsartikel\" width=\"680\" height=\"802\" \/><\/a><\/strong><\/p>","protected":false},"excerpt":{"rendered":"<p>HNA vom 09.01.2015: Laura Roller und ihr Schweizer Wei\u00dfer Sch\u00e4ferhund Kuba machen in unserer Hundeschule Teamwork ihre Schulhund-Ausbildung und leisten sehr gute Arbeit. Laura und Kuba, macht weiter so, ich bin stolz auf Euch! Zum Lesen des Artikels bitte den &hellip; <a href=\"https:\/\/hundeschule-teamwork.com\/angebote\/dies-das\/medienberichte\/\">Weiterlesen <span class=\"meta-nav\">&rarr;<\/span><\/a><\/p>\n","protected":false},"author":1,"featured_media":0,"parent":33,"menu_order":0,"comment_status":"closed","ping_status":"closed","template":"","meta":{"ngg_post_thumbnail":0,"footnotes":""},"class_list":["post-47","page","type-page","status-publish","hentry"],"_links":{"self":[{"href":"https:\/\/hundeschule-teamwork.com\/angebote\/wp-json\/wp\/v2\/pages\/47","targetHints":{"allow":["GET"]}}],"collection":[{"href":"https:\/\/hundeschule-teamwork.com\/angebote\/wp-json\/wp\/v2\/pages"}],"about":[{"href":"https:\/\/hundeschule-teamwork.com\/angebote\/wp-json\/wp\/v2\/types\/page"}],"author":[{"embeddable":true,"href":"https:\/\/hundeschule-teamwork.com\/angebote\/wp-json\/wp\/v2\/users\/1"}],"replies":[{"embeddable":true,"href":"https:\/\/hundeschule-teamwork.com\/angebote\/wp-json\/wp\/v2\/comments?post=47"}],"version-history":[{"count":17,"href":"https:\/\/hundeschule-teamwork.com\/angebote\/wp-json\/wp\/v2\/pages\/47\/revisions"}],"predecessor-version":[{"id":813,"href":"https:\/\/hundeschule-teamwork.com\/angebote\/wp-json\/wp\/v2\/pages\/47\/revisions\/813"}],"up":[{"embeddable":true,"href":"https:\/\/hundeschule-teamwork.com\/angebote\/wp-json\/wp\/v2\/pages\/33"}],"wp:attachment":[{"href":"https:\/\/hundeschule-teamwork.com\/angebote\/wp-json\/wp\/v2\/media?parent=47"}],"curies":[{"name":"wp","href":"https:\/\/api.w.org\/{rel}","templated":true}]}}