{"id":840,"date":"2015-03-21T21:26:46","date_gmt":"2015-03-21T19:26:46","guid":{"rendered":"http:\/\/hundeschule-teamwork.com\/angebote\/dies-das\/bilder\/seminar-fuehrung-kooperation-und-andere-soziale-kompetenzen-was-wir-von-tieren-insbesondere-hunden-lernen-koennen\/"},"modified":"2018-07-12T15:00:26","modified_gmt":"2018-07-12T13:00:26","slug":"seminar-fuehrung-kooperation-und-andere-soziale-kompetenzen-was-wir-von-tieren-insbesondere-hunden-lernen-koennen","status":"publish","type":"page","link":"https:\/\/hundeschule-teamwork.com\/angebote\/dies-das\/bilder\/seminar-fuehrung-kooperation-und-andere-soziale-kompetenzen-was-wir-von-tieren-insbesondere-hunden-lernen-koennen\/","title":{"rendered":"Seminar &quot;F\u00fchrung, Kooperation und andere soziale Kompetenzen: was wir von Tieren, insbesondere Hunden, lernen k\u00f6nnen&#8230;&quot; am 21. M\u00e4rz 2015"},"content":{"rendered":"ngg_shortcode_0_placeholder","protected":false},"excerpt":{"rendered":"","protected":false},"author":1,"featured_media":0,"parent":42,"menu_order":0,"comment_status":"closed","ping_status":"closed","template":"","meta":{"ngg_post_thumbnail":0,"footnotes":""},"class_list":["post-840","page","type-page","status-publish","hentry"],"_links":{"self":[{"href":"https:\/\/hundeschule-teamwork.com\/angebote\/wp-json\/wp\/v2\/pages\/840","targetHints":{"allow":["GET"]}}],"collection":[{"href":"https:\/\/hundeschule-teamwork.com\/angebote\/wp-json\/wp\/v2\/pages"}],"about":[{"href":"https:\/\/hundeschule-teamwork.com\/angebote\/wp-json\/wp\/v2\/types\/page"}],"author":[{"embeddable":true,"href":"https:\/\/hundeschule-teamwork.com\/angebote\/wp-json\/wp\/v2\/users\/1"}],"replies":[{"embeddable":true,"href":"https:\/\/hundeschule-teamwork.com\/angebote\/wp-json\/wp\/v2\/comments?post=840"}],"version-history":[{"count":2,"href":"https:\/\/hundeschule-teamwork.com\/angebote\/wp-json\/wp\/v2\/pages\/840\/revisions"}],"predecessor-version":[{"id":3775,"href":"https:\/\/hundeschule-teamwork.com\/angebote\/wp-json\/wp\/v2\/pages\/840\/revisions\/3775"}],"up":[{"embeddable":true,"href":"https:\/\/hundeschule-teamwork.com\/angebote\/wp-json\/wp\/v2\/pages\/42"}],"wp:attachment":[{"href":"https:\/\/hundeschule-teamwork.com\/angebote\/wp-json\/wp\/v2\/media?parent=840"}],"curies":[{"name":"wp","href":"https:\/\/api.w.org\/{rel}","templated":true}]}}