{"id":931,"date":"2015-05-26T01:20:39","date_gmt":"2015-05-25T23:20:39","guid":{"rendered":"http:\/\/hundeschule-teamwork.com\/angebote\/?page_id=931"},"modified":"2020-07-02T13:22:16","modified_gmt":"2020-07-02T11:22:16","slug":"feedback-und-berichte","status":"publish","type":"page","link":"https:\/\/hundeschule-teamwork.com\/angebote\/dies-das\/medienberichte\/feedback-und-berichte\/","title":{"rendered":"Kundenfeedbacks und Berichte"},"content":{"rendered":"<h2>FEEDBACK:<\/h2>\n<p><strong>Die richtige Hundeschule finden ist gar nicht so leicht\u2026<\/strong><\/p>\n<p>Da wir davon ausgehen, dass es vielen bei der Suche der richtigen Hundeschule \u00e4hnlich geht, wie es uns ergangen ist, m\u00f6chten wir hier einen kurzen Bericht unserer Erfahrungen geben.<\/p>\n<p>Wir (4-K\u00f6pfige-Familie) haben uns im Sommer 2017 nach langer und reiflicher Abwegungsphase wieder einen Familienhund zugelegt. Bei der Suche nach dem richtigen Hund, hat sich eine einj\u00e4hrige Australian Shepherd-H\u00fcndin uns ausgesucht. Schnell stellte sich heraus, dass sie in der Pr\u00e4gezeit leider nicht viele Erfahrungen sammeln konnte und demnach bereits in Alltagssituationen (Umgang mit anderen Menschen, Besuch, Kontakt zu anderen Hunden etc.) schnell \u00fcberfordert und \u00e4ngstlich war. Uns war sofort klar, dass hier schnell proffessionelle Hilfe n\u00f6tig ist, da unsere bisherigen Hunde als Welpen zu uns kamen und von Beginn Ihres Lebens an in \u201enormalen\u201c Verh\u00e4ltnissen und mit entsprechender Hundeschule aufgewachsen sind. Nun war die Situation jedoch ganz anders. Unsere neue H\u00fcndin hat n\u00e4mlich, wie bereits erkl\u00e4rt, schon mit den einfachsten Dingen (spazieren gehen mit Leine etc.) gro\u00dfe Probleme.<\/p>\n<p><a href=\"https:\/\/hundeschule-teamwork.com\/angebote\/?page_id=3489&amp;preview=true\" target=\"_blank\" rel=\"noopener noreferrer\">Weiterlesen (bitte hier klicken)&#8230;<\/a><\/p>\n<p>*********************************************************************************************************************************<\/p>\n<p><strong>Gelassenheitstraining zwischen Mensch Hund und Pferd<\/strong><\/p>\n<p>Anfang Mai erreichte uns dieses Foto mit folgender Nachricht:<\/p>\n<p>&#8222;Absolut gro\u00dfartig, vielen Dank hierf\u00fcr und einen sch\u00f6nen Feiertag&#8220;<\/p>\n<p><img loading=\"lazy\" decoding=\"async\" class=\"alignleft size-full wp-image-1454\" src=\"https:\/\/hundeschule-teamwork.com\/angebote\/wp-content\/uploads\/2015\/05\/13410479_987226351373560_1191244178_o.jpg\" alt=\"13410479_987226351373560_1191244178_o\" width=\"336\" height=\"448\" srcset=\"https:\/\/hundeschule-teamwork.com\/angebote\/wp-content\/uploads\/2015\/05\/13410479_987226351373560_1191244178_o.jpg 336w, https:\/\/hundeschule-teamwork.com\/angebote\/wp-content\/uploads\/2015\/05\/13410479_987226351373560_1191244178_o-320x427.jpg 320w\" sizes=\"auto, (max-width: 336px) 100vw, 336px\" \/><\/p>\n<p>&nbsp;<\/p>\n<p>&nbsp;<\/p>\n<p>&nbsp;<\/p>\n<p>&nbsp;<\/p>\n<p>&nbsp;<\/p>\n<p>&nbsp;<\/p>\n<p>&nbsp;<\/p>\n<p>&nbsp;<\/p>\n<p>&nbsp;<\/p>\n<p>&nbsp;<\/p>\n<p>&nbsp;<\/p>\n<p>&nbsp;<\/p>\n<p>Sabrina und Lino sind bei uns im Training, um an der Gelassenheit von Hund Lino und Pferd Velvet bei gemeinsamen Ausritten zu arbeiten. Die Drei machen gro\u00dfe Fortschritte und auch mit Sohn Ian (10 Jahre) klappt die Kooperation prima, wie das Foto zeigt \ud83d\ude42 .<\/p>\n<p>*********************************************************************************************************************************<\/p>\n<p><strong>Therapie der Angst vor Hunden von zwei Kindern<\/strong><\/p>\n<p>Analyse und Feedback zu einem <strong>Training zur Angstbew\u00e4ltigung vor Hunden<\/strong> mit zwei Kindern (7 und 9 Jahre alt). Melissa, 7 Jahre alt, war Ende April 2011 von einem Rottweiler in die Brust gebissen worden und daraufhin 4 Tage im Krankenhaus in Behandlung. Sie und ihr 9 Jahre alter Bruder, Marvin, hatten seitdem panische Angst vor Hunden. Vom 16.09. bis 15.10.2011 kamen sie und ihre Mutter (manchmal auch noch in Begleitung ihres Vaters) f\u00fcr 5 Termine in die Hundeschule Teamwork (wobei der erste der f\u00fcnf Terminen bei ihnen zu Hause, ca. 45 km entfernt von Stadtallendorf stattfand). F\u00fcr eine wissenschaftliche Arbeit habe ich einige Fragen gestellt, die die Mutter der beiden Kindern beantwortet hat und die ich auch auf der Homepage ver\u00f6ffentlichen darf:<\/p>\n<p><a href=\"https:\/\/hundeschule-teamwork.com\/angebote\/therapie-der-angst-vor-hunden-von-zwei-kindern\/\" target=\"_blank\" rel=\"noopener noreferrer\">Weiterlesen (bitte hier klicken)&#8230;<\/a><\/p>\n<p>*********************************************************************************************************************************<\/p>\n<h2>BERICHTE:<\/h2>\n<h2>Erfolgsbericht Training Angstbew\u00e4ltigung eines erwachsenen Menschen vor Hunden<\/h2>\n<p>Vor einigen Wochen kontaktierte mich Nadine mit dem Anliegen, dass sie sehr unter ihrer Angst vor Hunden leide und sogar Panikattacken bekomme, wenn ihr drau\u00dfen Hunde begegnen, insbesondere unangeleinte Hunde. Sie bekomme dann Herzrasen und leide unter dem Gef\u00fchl, die Kontrolle \u00fcber die Situation zu verlieren.<\/p>\n<p>Im Rahmen einer 5er Karte Einzeltrainings in unserer Hundeschule Teamwork haben wir gemeinsam einen kleinschrittigen Trainingsplan erarbeitet, der Nadine immer auch mehrere M\u00f6glichkeiten zur Wahl gelassen hat. Diese Wahlm\u00f6glichkeit ist sehr wichtig, um aktive Entscheidungen und damit das klare \u201eja\u201c f\u00fcr den n\u00e4chsten Schritt dem noch hunde\u00e4ngstlichen Mensch selbst zu erm\u00f6glichen.<\/p>\n<p><a href=\"https:\/\/hundeschule-teamwork.com\/angebote\/dies-das\/medienberichte\/feedback-und-berichte\/erfolgsbericht-training-angstbewaeltigung-eines-erwachsenen-menschen-vor-hunden\/\" target=\"_blank\" rel=\"noopener noreferrer\">Weiterlesen (bitte hier klicken)&#8230;<\/a><\/p>\n<p>******************************************************************************************************************************<\/p>\n<h2>Aufbau der Gegenkonditionierung am Beispiel von Dobermann Nero der Kinder anbellt<\/h2>\n<p>Die Gegenkonditionierung kann man gut im Training mit Hunden, die auf einen bestimmten Ausl\u00f6sereiz mit Bellen, Angst oder Leinenziehen, reagieren anwenden. Im Beispiel mit Dobermann Nero ist dieser Ausl\u00f6sereiz \u201espielende Kinder\u201c. Nero reagiert auf diese mit Bellen und an der Leine ziehen.<\/p>\n<p>Das Trainingsziel ist, dass Nero brav an der Leine l\u00e4uft, gelassen zu den spielenden Kindern schaut und ansprechbar sowie abrufbar, also unter Signalkontrolle bleibt. Seine Aufmerksamkeit soll sich also wieder auf seinen Menschen richten.<br \/>\nDa Nero, in Situationen mit spielenden Kindern, aber vor lauter Aufregung nicht ansprechbar ist, wissen sich seine Menschen keinen Rat.<br \/>\nIm Training bei Anke erkl\u00e4rt diese worauf man bei der Gegenkonditionierung achten muss.<br \/>\nDer erste Kontakt soll im Seminarraum der Hundeschule Teamwork stattfinden. Mit Nero`s Menschen plant Anke diese zun\u00e4chst gestellte Situation genau und bespricht alle Eventualit\u00e4ten. Sie weist nochmal darauf hin wie wichtig das richtige Timing ist und erkl\u00e4rt welches Verhalten belohnt werden soll.<br \/>\nDas richtige Timing kann man am besten in einer entspannten Situation \u00fcben. Beim letzten Training mit Nero, bei ihm zu Hause, haben wir dies daher schon ge\u00fcbt. Hier war der Ausl\u00f6sereiz kein Kind, sondern eine erwachsene Person, die zun\u00e4chst langsam und im Laufe der \u00dcbung immer schneller durch das Wohnzimmer gelaufen ist. So konnten Nero`s Besitzer die richtige Technik ein\u00fcben und diese dann auch in der Situation mit Kind anwenden.<\/p>\n<p><a href=\"https:\/\/hundeschule-teamwork.com\/angebote\/aufbau-der-gegenkonditionierung-am-beispiel-von-dobermann-nero-der-kinder-anbellt\/\" target=\"_blank\" rel=\"noopener noreferrer\">Weiterlesen (bitte hier klicken)&#8230;<\/a><\/p>\n<p>****************************************************************************************************************<\/p>\n<p>Und hier geht es zum Feedback-Bericht der 5-j\u00e4hrigen Rum\u00e4nischen H\u00fcndin &#8222;Penny&#8220;: <a href=\"https:\/\/hundeschule-teamwork.com\/angebote\/feedback-penny-5-jaehrige-huendin-aus-rumaenien\/\" target=\"_blank\" rel=\"noopener noreferrer\">https:\/\/hundeschule-teamwork.com\/angebote\/feedback-penny-5-jaehrige-huendin-aus-rumaenien\/<\/a><\/p>","protected":false},"excerpt":{"rendered":"<p>FEEDBACK: Die richtige Hundeschule finden ist gar nicht so leicht\u2026 Da wir davon ausgehen, dass es vielen bei der Suche der richtigen Hundeschule \u00e4hnlich geht, wie es uns ergangen ist, m\u00f6chten wir hier einen kurzen Bericht unserer Erfahrungen geben. Wir &hellip; <a href=\"https:\/\/hundeschule-teamwork.com\/angebote\/dies-das\/medienberichte\/feedback-und-berichte\/\">Weiterlesen <span class=\"meta-nav\">&rarr;<\/span><\/a><\/p>\n","protected":false},"author":1,"featured_media":0,"parent":47,"menu_order":0,"comment_status":"closed","ping_status":"closed","template":"","meta":{"ngg_post_thumbnail":0,"footnotes":""},"class_list":["post-931","page","type-page","status-publish","hentry"],"_links":{"self":[{"href":"https:\/\/hundeschule-teamwork.com\/angebote\/wp-json\/wp\/v2\/pages\/931","targetHints":{"allow":["GET"]}}],"collection":[{"href":"https:\/\/hundeschule-teamwork.com\/angebote\/wp-json\/wp\/v2\/pages"}],"about":[{"href":"https:\/\/hundeschule-teamwork.com\/angebote\/wp-json\/wp\/v2\/types\/page"}],"author":[{"embeddable":true,"href":"https:\/\/hundeschule-teamwork.com\/angebote\/wp-json\/wp\/v2\/users\/1"}],"replies":[{"embeddable":true,"href":"https:\/\/hundeschule-teamwork.com\/angebote\/wp-json\/wp\/v2\/comments?post=931"}],"version-history":[{"count":27,"href":"https:\/\/hundeschule-teamwork.com\/angebote\/wp-json\/wp\/v2\/pages\/931\/revisions"}],"predecessor-version":[{"id":4627,"href":"https:\/\/hundeschule-teamwork.com\/angebote\/wp-json\/wp\/v2\/pages\/931\/revisions\/4627"}],"up":[{"embeddable":true,"href":"https:\/\/hundeschule-teamwork.com\/angebote\/wp-json\/wp\/v2\/pages\/47"}],"wp:attachment":[{"href":"https:\/\/hundeschule-teamwork.com\/angebote\/wp-json\/wp\/v2\/media?parent=931"}],"curies":[{"name":"wp","href":"https:\/\/api.w.org\/{rel}","templated":true}]}}